{"id":4215,"date":"2024-11-27T08:39:43","date_gmt":"2024-11-27T08:39:43","guid":{"rendered":"http:\/\/sinotechgroups.com\/?page_id=4215"},"modified":"2026-03-23T19:59:02","modified_gmt":"2026-03-23T11:59:02","slug":"sinotech-luton-solution-for-different-projects","status":"publish","type":"page","link":"https:\/\/sinotechgroups.com\/es\/sinotech-luton-solution-for-different-projects\/","title":{"rendered":"Sinotech Group Solutions"},"content":{"rendered":"<div class=\"gb-container gb-container-e7ed63de\">\n<div class=\"gb-container gb-container-9fec67bb\">\n\n<p class=\"gb-text\">Sinotech Group offers innovative solutions tailored to meet the diverse needs of various construction and engineering projects. With a strong emphasis on efficiency, safety, and technological advancement, SinoTech Luton provides a range of services and machinery suited for different project types.\u00a0<\/p>\n\n\n\n<p class=\"gb-text\">No matter you are contractor, or just looking for a machine for residential and civil use, you can always find the best combination solution here! Just tell us your needs or basic project requirements, our team will offer you professional advice!<\/p>\n\n\n\n<div class=\"gb-element-2bca4213\">\n<div class=\"gb-element-1cd5acb4\">\n<div>\n<figure class=\"wp-block-image size-full is-style-default\"><img loading=\"lazy\" decoding=\"async\" width=\"800\" height=\"800\" src=\"https:\/\/sinotechgroups.com\/wp-content\/uploads\/2026\/03\/excavator.jpg\" alt=\"\" class=\"wp-image-5630\" srcset=\"https:\/\/sinotechgroups.com\/wp-content\/uploads\/2026\/03\/excavator.jpg 800w, https:\/\/sinotechgroups.com\/wp-content\/uploads\/2026\/03\/excavator-300x300.jpg 300w, https:\/\/sinotechgroups.com\/wp-content\/uploads\/2026\/03\/excavator-150x150.jpg 150w, https:\/\/sinotechgroups.com\/wp-content\/uploads\/2026\/03\/excavator-768x768.jpg 768w\" sizes=\"auto, (max-width: 800px) 100vw, 800px\" \/><\/figure>\n<\/div>\n\n\n\n<figure class=\"wp-block-embed is-type-wp-embed is-provider-sinotech-group wp-block-embed-sinotech-group\"><div class=\"wp-block-embed__wrapper\">\n<blockquote class=\"wp-embedded-content\" data-secret=\"REwt5Gdw6Y\"><a href=\"https:\/\/sinotechgroups.com\/es\/earthmoving-equipment-solution\/\">Soluci\u00f3n para equipos de movimiento de tierras<\/a><\/blockquote><iframe loading=\"lazy\" class=\"wp-embedded-content\" sandbox=\"allow-scripts\" security=\"restricted\" style=\"position: absolute; visibility: hidden;\" title=\"&#8220;Earthmoving Equipment Solution&#8221; &#8212; SinoTech Group\" src=\"https:\/\/sinotechgroups.com\/earthmoving-equipment-solution\/embed\/#?secret=Eje5qZTToV#?secret=REwt5Gdw6Y\" data-secret=\"REwt5Gdw6Y\" width=\"600\" height=\"338\" frameborder=\"0\" marginwidth=\"0\" marginheight=\"0\" scrolling=\"no\"><\/iframe>\n<\/div><\/figure>\n<\/div>\n\n\n\n<div class=\"gb-element-923f8cf5\">\n<div>\n<figure class=\"wp-block-image size-full is-style-default\"><img loading=\"lazy\" decoding=\"async\" width=\"800\" height=\"800\" src=\"https:\/\/sinotechgroups.com\/wp-content\/uploads\/2026\/03\/crushing-plant-sinotech-group-fleet.jpg\" alt=\"\" class=\"wp-image-5710\" srcset=\"https:\/\/sinotechgroups.com\/wp-content\/uploads\/2026\/03\/crushing-plant-sinotech-group-fleet.jpg 800w, https:\/\/sinotechgroups.com\/wp-content\/uploads\/2026\/03\/crushing-plant-sinotech-group-fleet-300x300.jpg 300w, https:\/\/sinotechgroups.com\/wp-content\/uploads\/2026\/03\/crushing-plant-sinotech-group-fleet-150x150.jpg 150w, https:\/\/sinotechgroups.com\/wp-content\/uploads\/2026\/03\/crushing-plant-sinotech-group-fleet-768x768.jpg 768w\" sizes=\"auto, (max-width: 800px) 100vw, 800px\" \/><\/figure>\n<\/div>\n\n\n\n<figure class=\"wp-block-embed is-type-wp-embed is-provider-sinotech-group wp-block-embed-sinotech-group\"><div class=\"wp-block-embed__wrapper\">\n<blockquote class=\"wp-embedded-content\" data-secret=\"sY0I4LXrIG\"><a href=\"https:\/\/sinotechgroups.com\/es\/crushing-and-screening-equipment-solution\/\">Soluci\u00f3n para equipos de trituraci\u00f3n y clasificaci\u00f3n<\/a><\/blockquote><iframe loading=\"lazy\" class=\"wp-embedded-content\" sandbox=\"allow-scripts\" security=\"restricted\" style=\"position: absolute; visibility: hidden;\" title=\"&#8220;Crushing and Screening Equipment Solution&#8221; &#8212; SinoTech Group\" src=\"https:\/\/sinotechgroups.com\/crushing-and-screening-equipment-solution\/embed\/#?secret=Wzjj3bnCE5#?secret=sY0I4LXrIG\" data-secret=\"sY0I4LXrIG\" width=\"600\" height=\"338\" frameborder=\"0\" marginwidth=\"0\" marginheight=\"0\" scrolling=\"no\"><\/iframe>\n<\/div><\/figure>\n<\/div>\n\n\n\n<div class=\"gb-element-c53df5eb\">\n<div>\n<figure class=\"wp-block-image size-full is-style-default\"><img loading=\"lazy\" decoding=\"async\" width=\"800\" height=\"800\" src=\"https:\/\/sinotechgroups.com\/wp-content\/uploads\/2026\/03\/LB1000-asphalt-plant-fleet-stltg.jpg\" alt=\"\" class=\"wp-image-5711\" srcset=\"https:\/\/sinotechgroups.com\/wp-content\/uploads\/2026\/03\/LB1000-asphalt-plant-fleet-stltg.jpg 800w, https:\/\/sinotechgroups.com\/wp-content\/uploads\/2026\/03\/LB1000-asphalt-plant-fleet-stltg-300x300.jpg 300w, https:\/\/sinotechgroups.com\/wp-content\/uploads\/2026\/03\/LB1000-asphalt-plant-fleet-stltg-150x150.jpg 150w, https:\/\/sinotechgroups.com\/wp-content\/uploads\/2026\/03\/LB1000-asphalt-plant-fleet-stltg-768x768.jpg 768w\" sizes=\"auto, (max-width: 800px) 100vw, 800px\" \/><\/figure>\n<\/div>\n\n\n\n<figure class=\"wp-block-embed is-type-wp-embed is-provider-sinotech-group wp-block-embed-sinotech-group\"><div class=\"wp-block-embed__wrapper\">\n<blockquote class=\"wp-embedded-content\" data-secret=\"IrMN67ss9S\"><a href=\"https:\/\/sinotechgroups.com\/es\/construction-project-solution\/\">Soluci\u00f3n para proyectos de construcci\u00f3n<\/a><\/blockquote><iframe loading=\"lazy\" class=\"wp-embedded-content\" sandbox=\"allow-scripts\" security=\"restricted\" style=\"position: absolute; visibility: hidden;\" title=\"&#8220;Construction Project Solution&#8221; &#8212; SinoTech Group\" src=\"https:\/\/sinotechgroups.com\/construction-project-solution\/embed\/#?secret=3NHiqkigm7#?secret=IrMN67ss9S\" data-secret=\"IrMN67ss9S\" width=\"600\" height=\"338\" frameborder=\"0\" marginwidth=\"0\" marginheight=\"0\" scrolling=\"no\"><\/iframe>\n<\/div><\/figure>\n<\/div>\n\n\n\n<div class=\"gb-element-02622bf9\">\n<div>\n<figure class=\"wp-block-image size-full is-style-default\"><img loading=\"lazy\" decoding=\"async\" width=\"800\" height=\"800\" src=\"https:\/\/sinotechgroups.com\/wp-content\/uploads\/2026\/03\/concrete-plant-sinotech-group-fleet.jpg\" alt=\"\" class=\"wp-image-5709\" srcset=\"https:\/\/sinotechgroups.com\/wp-content\/uploads\/2026\/03\/concrete-plant-sinotech-group-fleet.jpg 800w, https:\/\/sinotechgroups.com\/wp-content\/uploads\/2026\/03\/concrete-plant-sinotech-group-fleet-300x300.jpg 300w, https:\/\/sinotechgroups.com\/wp-content\/uploads\/2026\/03\/concrete-plant-sinotech-group-fleet-150x150.jpg 150w, https:\/\/sinotechgroups.com\/wp-content\/uploads\/2026\/03\/concrete-plant-sinotech-group-fleet-768x768.jpg 768w\" sizes=\"auto, (max-width: 800px) 100vw, 800px\" \/><\/figure>\n<\/div>\n\n\n\n<figure class=\"wp-block-embed is-type-wp-embed is-provider-sinotech-group wp-block-embed-sinotech-group\"><div class=\"wp-block-embed__wrapper\">\n<blockquote class=\"wp-embedded-content\" data-secret=\"EPYe2Llu13\"><a href=\"https:\/\/sinotechgroups.com\/es\/concrete-mixing-and-pumping-solution\/\">Soluci\u00f3n para mezcla y bombeo de hormig\u00f3n<\/a><\/blockquote><iframe loading=\"lazy\" class=\"wp-embedded-content\" sandbox=\"allow-scripts\" security=\"restricted\" style=\"position: absolute; visibility: hidden;\" title=\"&#8220;Concrete Mixing and Pumping Solution&#8221; &#8212; SinoTech Group\" src=\"https:\/\/sinotechgroups.com\/concrete-mixing-and-pumping-solution\/embed\/#?secret=TL25riu4El#?secret=EPYe2Llu13\" data-secret=\"EPYe2Llu13\" width=\"600\" height=\"338\" frameborder=\"0\" marginwidth=\"0\" marginheight=\"0\" scrolling=\"no\"><\/iframe>\n<\/div><\/figure>\n<\/div>\n<\/div>\n\n<\/div>\n<\/div>\n\n<div class=\"gb-container gb-container-c00ac0f5\">\n<div class=\"gb-container gb-container-5405ad0e\">\n\n<h2 class=\"gb-headline gb-headline-7421b8d6 gb-headline-text\">\u00bfPor qu\u00e9 elegir a Sinotech Group? <\/h2>\n\n\n\n<figure class=\"gb-block-image gb-block-image-39acce0e\"><img loading=\"lazy\" decoding=\"async\" width=\"1920\" height=\"861\" class=\"gb-image gb-image-39acce0e\" src=\"http:\/\/sinotechgroups.com\/wp-content\/uploads\/2025\/01\/why-choose-sinotech-luton.png\" alt=\"\" title=\"por qu\u00e9 elegir sinotech luton\" srcset=\"https:\/\/sinotechgroups.com\/wp-content\/uploads\/2025\/01\/why-choose-sinotech-luton.png 1920w, https:\/\/sinotechgroups.com\/wp-content\/uploads\/2025\/01\/why-choose-sinotech-luton-300x135.png 300w, https:\/\/sinotechgroups.com\/wp-content\/uploads\/2025\/01\/why-choose-sinotech-luton-1024x459.png 1024w, https:\/\/sinotechgroups.com\/wp-content\/uploads\/2025\/01\/why-choose-sinotech-luton-768x344.png 768w, https:\/\/sinotechgroups.com\/wp-content\/uploads\/2025\/01\/why-choose-sinotech-luton-1536x689.png 1536w\" sizes=\"auto, (max-width: 1920px) 100vw, 1920px\" \/><\/figure>\n\n\n\n<h3 class=\"gb-headline gb-headline-e40a6559 gb-headline-text\">Servicio previo a la venta<\/h3>\n\n\n\n<p>Ofrecer a los clientes consultas y servicios t\u00e9cnicos las 24 horas, responder oportunamente a las preguntas de los clientes con paciencia y explicarles con entusiasmo y detalle las prestaciones y caracter\u00edsticas del producto.<\/p>\n\n\n\n<p>Brindar a los clientes un servicio de selecci\u00f3n antes de la compra de la m\u00e1quina, seg\u00fan la informaci\u00f3n pertinente proporcionada por los<br>clientes, y garantizar que el producto sea satisfactorio y funcione correctamente mediante la verificaci\u00f3n y el c\u00e1lculo del costo de inversi\u00f3n y del retorno de la inversi\u00f3n para los<br>clientes.<\/p>\n\n\n\n<p>Enviar t\u00e9cnicos e ingenieros para realizar estudios y planificaci\u00f3n del sitio, y ofrecer un plan de construcci\u00f3n optimizado y razonable para la<br>planta.<\/p>\n\n\n\n<h3 class=\"gb-headline gb-headline-04424461 gb-headline-text\">Servicio durante la venta<\/h3>\n\n\n\n<p>Asistir en la formulaci\u00f3n detallada del plan y procedimiento de construcci\u00f3n, proporcionar los datos t\u00e9cnicos y guiar la construcci\u00f3n de la cimentaci\u00f3n.<\/p>\n\n\n\n<p>Enviar t\u00e9cnicos e ingenieros experimentados para guiar la instalaci\u00f3n, puesta a punto y funcionamiento de prueba in situ hasta que el equipo pueda operar normalmente.<\/p>\n\n\n\n<p>Impartir gratuitamente capacitaci\u00f3n t\u00e9cnica al personal encargado de la operaci\u00f3n y mantenimiento del equipo, con el fin de garantizar que puedan operarlo de forma independiente y h\u00e1bil, as\u00ed como detectar y resolver fallos durante su funcionamiento.<\/p>\n\n\n\n<h3 class=\"gb-headline gb-headline-07a70f55 gb-headline-text\">Servicio posventa<\/h3>\n\n\n\n<p>Ofrecer servicio de mantenimiento gratuito durante el per\u00edodo de garant\u00eda para cualquier problema de calidad no causado por factores artificiales. Responderemos dentro del plazo establecido tras recibir la notificaci\u00f3n de fallo del usuario y acudiremos al sitio de construcci\u00f3n dentro del plazo previsto para garantizar el funcionamiento normal del equipo.<\/p>\n\n\n\n<p>Proporcionar a los clientes un excelente soporte t\u00e9cnico a largo plazo y suministro de piezas de repuesto a precios preferenciales, asegurando que el equipo alcance su \u00f3ptimo estado de funcionamiento mediante una estrecha cooperaci\u00f3n con los usuarios.<\/p>\n\n\n<div class=\"gb-container gb-container-6a192b25\">\n\n<a class=\"gb-button gb-button-a13a07c5 gb-button-text\" href=\"#popmake-842\">P\u00f3ngase en contacto para obtener una soluci\u00f3n personalizada<\/a>\n\n<\/div>\n<\/div>\n<\/div>","protected":false},"excerpt":{"rendered":"<p>Sinotech Group offers innovative solutions tailored to meet the diverse needs of various construction and engineering projects. With a strong emphasis on efficiency, safety, and technological advancement, SinoTech Luton provides a range of services and machinery suited for different project types.\u00a0 No matter you are contractor, or just looking for a machine for residential and &#8230; <a title=\"Sinotech Group Solutions\" class=\"read-more\" href=\"https:\/\/sinotechgroups.com\/es\/sinotech-luton-solution-for-different-projects\/\" aria-label=\"Leer m\u00e1s sobre Sinotech Group Solutions\">Leer m\u00e1s<\/a><\/p>","protected":false},"author":1,"featured_media":0,"parent":0,"menu_order":0,"comment_status":"closed","ping_status":"closed","template":"","meta":{"footnotes":""},"class_list":["post-4215","page","type-page","status-publish"],"yoast_head":"<!-- This site is optimized with the Yoast SEO plugin v27.4 - https:\/\/yoast.com\/product\/yoast-seo-wordpress\/ -->\n<title>SinoTech Luton Solution for Different Projects<\/title>\n<meta name=\"robots\" content=\"index, follow, max-snippet:-1, max-image-preview:large, max-video-preview:-1\" \/>\n<link rel=\"canonical\" href=\"https:\/\/sinotechgroups.com\/es\/sinotech-luton-solution-for-different-projects\/\" \/>\n<meta property=\"og:locale\" content=\"es_ES\" \/>\n<meta property=\"og:type\" content=\"article\" \/>\n<meta property=\"og:title\" content=\"SinoTech Luton Solution for Different Projects\" \/>\n<meta property=\"og:description\" content=\"Sinotech Group offers innovative solutions tailored to meet the diverse needs of various construction and engineering projects. With a strong emphasis on efficiency, safety, and technological advancement, SinoTech Luton provides a range of services and machinery suited for different project types.\u00a0 No matter you are contractor, or just looking for a machine for residential and ... Leer m\u00e1s\" \/>\n<meta property=\"og:url\" content=\"https:\/\/sinotechgroups.com\/es\/sinotech-luton-solution-for-different-projects\/\" \/>\n<meta property=\"og:site_name\" content=\"Sinotech Group\" \/>\n<meta property=\"article:modified_time\" content=\"2026-03-23T11:59:02+00:00\" \/>\n<meta property=\"og:image\" content=\"https:\/\/sinotechgroups.com\/wp-content\/uploads\/2026\/03\/excavator.jpg\" \/>\n\t<meta property=\"og:image:width\" content=\"800\" \/>\n\t<meta property=\"og:image:height\" content=\"800\" \/>\n\t<meta property=\"og:image:type\" content=\"image\/jpeg\" \/>\n<meta name=\"twitter:card\" content=\"summary_large_image\" \/>\n<meta name=\"twitter:label1\" content=\"Tiempo de lectura\" \/>\n\t<meta name=\"twitter:data1\" content=\"3 minutos\" \/>\n<script type=\"application\/ld+json\" class=\"yoast-schema-graph\">{\"@context\":\"https:\\\/\\\/schema.org\",\"@graph\":[{\"@type\":\"WebPage\",\"@id\":\"https:\\\/\\\/sinotechgroups.com\\\/sinotech-luton-solution-for-different-projects\\\/\",\"url\":\"https:\\\/\\\/sinotechgroups.com\\\/sinotech-luton-solution-for-different-projects\\\/\",\"name\":\"SinoTech Luton Solution for Different Projects\",\"isPartOf\":{\"@id\":\"https:\\\/\\\/sinotechgroups.com\\\/#website\"},\"primaryImageOfPage\":{\"@id\":\"https:\\\/\\\/sinotechgroups.com\\\/sinotech-luton-solution-for-different-projects\\\/#primaryimage\"},\"image\":{\"@id\":\"https:\\\/\\\/sinotechgroups.com\\\/sinotech-luton-solution-for-different-projects\\\/#primaryimage\"},\"thumbnailUrl\":\"https:\\\/\\\/sinotechgroups.com\\\/wp-content\\\/uploads\\\/2026\\\/03\\\/excavator.jpg\",\"datePublished\":\"2024-11-27T08:39:43+00:00\",\"dateModified\":\"2026-03-23T11:59:02+00:00\",\"breadcrumb\":{\"@id\":\"https:\\\/\\\/sinotechgroups.com\\\/sinotech-luton-solution-for-different-projects\\\/#breadcrumb\"},\"inLanguage\":\"es-AR\",\"potentialAction\":[{\"@type\":\"ReadAction\",\"target\":[\"https:\\\/\\\/sinotechgroups.com\\\/sinotech-luton-solution-for-different-projects\\\/\"]}]},{\"@type\":\"ImageObject\",\"inLanguage\":\"es-AR\",\"@id\":\"https:\\\/\\\/sinotechgroups.com\\\/sinotech-luton-solution-for-different-projects\\\/#primaryimage\",\"url\":\"https:\\\/\\\/sinotechgroups.com\\\/wp-content\\\/uploads\\\/2026\\\/03\\\/excavator.jpg\",\"contentUrl\":\"https:\\\/\\\/sinotechgroups.com\\\/wp-content\\\/uploads\\\/2026\\\/03\\\/excavator.jpg\"},{\"@type\":\"BreadcrumbList\",\"@id\":\"https:\\\/\\\/sinotechgroups.com\\\/sinotech-luton-solution-for-different-projects\\\/#breadcrumb\",\"itemListElement\":[{\"@type\":\"ListItem\",\"position\":1,\"name\":\"Home\",\"item\":\"https:\\\/\\\/sinotechgroups.com\\\/\"},{\"@type\":\"ListItem\",\"position\":2,\"name\":\"Sinotech Group Solutions\"}]},{\"@type\":\"WebSite\",\"@id\":\"https:\\\/\\\/sinotechgroups.com\\\/#website\",\"url\":\"https:\\\/\\\/sinotechgroups.com\\\/\",\"name\":\"Sinotech Group\",\"description\":\"Leading Manufacturer of All Sorts of Construction Machinery\",\"publisher\":{\"@id\":\"https:\\\/\\\/sinotechgroups.com\\\/#organization\"},\"potentialAction\":[{\"@type\":\"SearchAction\",\"target\":{\"@type\":\"EntryPoint\",\"urlTemplate\":\"https:\\\/\\\/sinotechgroups.com\\\/?s={search_term_string}\"},\"query-input\":{\"@type\":\"PropertyValueSpecification\",\"valueRequired\":true,\"valueName\":\"search_term_string\"}}],\"inLanguage\":\"es-AR\"},{\"@type\":\"Organization\",\"@id\":\"https:\\\/\\\/sinotechgroups.com\\\/#organization\",\"name\":\"Sinotech Group\",\"url\":\"https:\\\/\\\/sinotechgroups.com\\\/\",\"logo\":{\"@type\":\"ImageObject\",\"inLanguage\":\"es-AR\",\"@id\":\"https:\\\/\\\/sinotechgroups.com\\\/#\\\/schema\\\/logo\\\/image\\\/\",\"url\":\"https:\\\/\\\/sinotechgroups.com\\\/wp-content\\\/uploads\\\/2024\\\/03\\\/cropped-cropped-sinotech-logo-2.png\",\"contentUrl\":\"https:\\\/\\\/sinotechgroups.com\\\/wp-content\\\/uploads\\\/2024\\\/03\\\/cropped-cropped-sinotech-logo-2.png\",\"width\":511,\"height\":285,\"caption\":\"Sinotech Group\"},\"image\":{\"@id\":\"https:\\\/\\\/sinotechgroups.com\\\/#\\\/schema\\\/logo\\\/image\\\/\"}}]}<\/script>\n<!-- \/ Yoast SEO plugin. -->","yoast_head_json":{"title":"SinoTech Luton Solution for Different Projects","robots":{"index":"index","follow":"follow","max-snippet":"max-snippet:-1","max-image-preview":"max-image-preview:large","max-video-preview":"max-video-preview:-1"},"canonical":"https:\/\/sinotechgroups.com\/es\/sinotech-luton-solution-for-different-projects\/","og_locale":"es_ES","og_type":"article","og_title":"SinoTech Luton Solution for Different Projects","og_description":"Sinotech Group offers innovative solutions tailored to meet the diverse needs of various construction and engineering projects. With a strong emphasis on efficiency, safety, and technological advancement, SinoTech Luton provides a range of services and machinery suited for different project types.\u00a0 No matter you are contractor, or just looking for a machine for residential and ... Leer m\u00e1s","og_url":"https:\/\/sinotechgroups.com\/es\/sinotech-luton-solution-for-different-projects\/","og_site_name":"Sinotech Group","article_modified_time":"2026-03-23T11:59:02+00:00","og_image":[{"width":800,"height":800,"url":"https:\/\/sinotechgroups.com\/wp-content\/uploads\/2026\/03\/excavator.jpg","type":"image\/jpeg"}],"twitter_card":"summary_large_image","twitter_misc":{"Tiempo de lectura":"3 minutos"},"schema":{"@context":"https:\/\/schema.org","@graph":[{"@type":"WebPage","@id":"https:\/\/sinotechgroups.com\/sinotech-luton-solution-for-different-projects\/","url":"https:\/\/sinotechgroups.com\/sinotech-luton-solution-for-different-projects\/","name":"SinoTech Luton Solution for Different Projects","isPartOf":{"@id":"https:\/\/sinotechgroups.com\/#website"},"primaryImageOfPage":{"@id":"https:\/\/sinotechgroups.com\/sinotech-luton-solution-for-different-projects\/#primaryimage"},"image":{"@id":"https:\/\/sinotechgroups.com\/sinotech-luton-solution-for-different-projects\/#primaryimage"},"thumbnailUrl":"https:\/\/sinotechgroups.com\/wp-content\/uploads\/2026\/03\/excavator.jpg","datePublished":"2024-11-27T08:39:43+00:00","dateModified":"2026-03-23T11:59:02+00:00","breadcrumb":{"@id":"https:\/\/sinotechgroups.com\/sinotech-luton-solution-for-different-projects\/#breadcrumb"},"inLanguage":"es-AR","potentialAction":[{"@type":"ReadAction","target":["https:\/\/sinotechgroups.com\/sinotech-luton-solution-for-different-projects\/"]}]},{"@type":"ImageObject","inLanguage":"es-AR","@id":"https:\/\/sinotechgroups.com\/sinotech-luton-solution-for-different-projects\/#primaryimage","url":"https:\/\/sinotechgroups.com\/wp-content\/uploads\/2026\/03\/excavator.jpg","contentUrl":"https:\/\/sinotechgroups.com\/wp-content\/uploads\/2026\/03\/excavator.jpg"},{"@type":"BreadcrumbList","@id":"https:\/\/sinotechgroups.com\/sinotech-luton-solution-for-different-projects\/#breadcrumb","itemListElement":[{"@type":"ListItem","position":1,"name":"Home","item":"https:\/\/sinotechgroups.com\/"},{"@type":"ListItem","position":2,"name":"Sinotech Group Solutions"}]},{"@type":"WebSite","@id":"https:\/\/sinotechgroups.com\/#website","url":"https:\/\/sinotechgroups.com\/","name":"Grupo Sinotech","description":"Fabricante l\u00edder de todo tipo de maquinaria de construcci\u00f3n","publisher":{"@id":"https:\/\/sinotechgroups.com\/#organization"},"potentialAction":[{"@type":"SearchAction","target":{"@type":"EntryPoint","urlTemplate":"https:\/\/sinotechgroups.com\/?s={search_term_string}"},"query-input":{"@type":"PropertyValueSpecification","valueRequired":true,"valueName":"search_term_string"}}],"inLanguage":"es-AR"},{"@type":"Organization","@id":"https:\/\/sinotechgroups.com\/#organization","name":"Grupo Sinotech","url":"https:\/\/sinotechgroups.com\/","logo":{"@type":"ImageObject","inLanguage":"es-AR","@id":"https:\/\/sinotechgroups.com\/#\/schema\/logo\/image\/","url":"https:\/\/sinotechgroups.com\/wp-content\/uploads\/2024\/03\/cropped-cropped-sinotech-logo-2.png","contentUrl":"https:\/\/sinotechgroups.com\/wp-content\/uploads\/2024\/03\/cropped-cropped-sinotech-logo-2.png","width":511,"height":285,"caption":"Sinotech Group"},"image":{"@id":"https:\/\/sinotechgroups.com\/#\/schema\/logo\/image\/"}}]}},"_links":{"self":[{"href":"https:\/\/sinotechgroups.com\/es\/wp-json\/wp\/v2\/pages\/4215","targetHints":{"allow":["GET"]}}],"collection":[{"href":"https:\/\/sinotechgroups.com\/es\/wp-json\/wp\/v2\/pages"}],"about":[{"href":"https:\/\/sinotechgroups.com\/es\/wp-json\/wp\/v2\/types\/page"}],"author":[{"embeddable":true,"href":"https:\/\/sinotechgroups.com\/es\/wp-json\/wp\/v2\/users\/1"}],"replies":[{"embeddable":true,"href":"https:\/\/sinotechgroups.com\/es\/wp-json\/wp\/v2\/comments?post=4215"}],"version-history":[{"count":18,"href":"https:\/\/sinotechgroups.com\/es\/wp-json\/wp\/v2\/pages\/4215\/revisions"}],"predecessor-version":[{"id":5998,"href":"https:\/\/sinotechgroups.com\/es\/wp-json\/wp\/v2\/pages\/4215\/revisions\/5998"}],"wp:attachment":[{"href":"https:\/\/sinotechgroups.com\/es\/wp-json\/wp\/v2\/media?parent=4215"}],"curies":[{"name":"wp","href":"https:\/\/api.w.org\/{rel}","templated":true}]}}