{"id":345,"date":"2023-09-19T06:51:10","date_gmt":"2023-09-19T06:51:10","guid":{"rendered":"http:\/\/sinotechgroups.com\/?page_id=345"},"modified":"2025-09-28T08:35:58","modified_gmt":"2025-09-28T08:35:58","slug":"contact-us","status":"publish","type":"page","link":"https:\/\/sinotechgroups.com\/fr\/contact-us\/","title":{"rendered":"Contactez-nous"},"content":{"rendered":"<div class=\"gb-container gb-container-e21ee174\">\n<div class=\"gb-container gb-container-734256c0\">\n<div class=\"gb-grid-wrapper gb-grid-wrapper-4d02668c\">\n<div class=\"gb-grid-column gb-grid-column-b2bda1d7\"><div class=\"gb-container gb-container-b2bda1d7\">\n\n<p class=\"gb-headline gb-headline-cdb2e325 gb-headline-text\">. Contactez-nous<\/p>\n\n\n\n<h2 class=\"gb-headline gb-headline-0e89f256 gb-headline-text\">Depuis 1992<\/h2>\n\n\n<div class=\"gb-container gb-container-48209d5b\">\n<div class=\"gb-grid-wrapper gb-grid-wrapper-f3bc7a72\">\n<div class=\"gb-grid-column gb-grid-column-3227af7d\"><div class=\"gb-container gb-container-3227af7d\">\n\n<p class=\"gb-headline gb-headline-3f4b8dc7 gb-headline-text\"><strong>E-mail<\/strong><\/p>\n\n\n\n<p class=\"gb-headline gb-headline-b53ae3e9 gb-headline-text\">(Bureau en Chine)<\/p>\n\n\n<div class=\"gb-container gb-container-e3d18ca6\">\n\n<p class=\"gb-headline gb-headline-8c9a0c22 gb-headline-text\"><a href=\"mailto:inquiry@sinotechgroups.com\"><strong>inquiry@sinotechgroups.com<\/strong><\/a><\/p>\n\n\n\n<p class=\"gb-headline gb-headline-cee7932a gb-headline-text\">(Bureau en Tanzanie)<\/p>\n\n\n\n<p class=\"gb-headline gb-headline-bc8b0fc9 gb-headline-text\"><a href=\"mailto:sales08@sinotechgroups.com\"><strong>sales08@sinotechgroups.com<\/strong><\/a><\/p>\n\n<\/div>\n<\/div><\/div>\n\n<div class=\"gb-grid-column gb-grid-column-9ae9d2de\"><div class=\"gb-container gb-container-9ae9d2de\">\n\n<p class=\"gb-headline gb-headline-06ea4367 gb-headline-text\"><strong>Adresse<\/strong><\/p>\n\n\n\n<p class=\"gb-headline gb-headline-52c8e16e gb-headline-text\">Zhengzhou, province du Henan, Chine<\/p>\n\n\n\n<p class=\"gb-headline gb-headline-f2f8a05d gb-headline-text\">Bo\u00eete postale 71482, plage de Mbezi, route Kibaki, parcelle n\u00b0 238, Dar es Salam \u2013 Tanzanie.<\/p>\n\n<\/div><\/div>\n\n<div class=\"gb-grid-column gb-grid-column-db99cd4e\"><div class=\"gb-container gb-container-db99cd4e\">\n\n<p class=\"gb-headline gb-headline-71776819 gb-headline-text\"><strong>T\u00e9l\u00e9phone<\/strong><\/p>\n\n\n\n<p class=\"gb-headline gb-headline-83972b49 gb-headline-text\">+86 17513252158 (Bureau en Chine)<\/p>\n\n\n\n<p class=\"gb-headline gb-headline-2791f408 gb-headline-text\">+255756256789 (Bureau en Tanzanie)<\/p>\n\n<\/div><\/div>\n\n<div class=\"gb-grid-column gb-grid-column-e41ecdc4\"><div class=\"gb-container gb-container-e41ecdc4\">\n\n<p class=\"gb-headline gb-headline-79b9f4be gb-headline-text\"><strong>WhatsApp<\/strong><\/p>\n\n\n\n<p class=\"gb-headline gb-headline-68621968 gb-headline-text\">+86 17513252158 (Bureau en Chine)<\/p>\n\n\n\n<p class=\"gb-headline gb-headline-0a72e5a7 gb-headline-text\">+255756256789 (Bureau en Tanzanie)<\/p>\n\n<\/div><\/div>\n<\/div>\n<\/div>\n<\/div><\/div>\n\n<div class=\"gb-grid-column gb-grid-column-4670a0ee\"><div class=\"gb-container gb-container-4670a0ee\">\n\n<h3 class=\"gb-headline gb-headline-35dec075 gb-headline-text\">Contactez d\u00e8s maintenant notre service commercial !<\/h3>\n\n\n\n<div class=\"wp-block-contact-form-7-contact-form-selector\">\n<div class=\"wpcf7 no-js\" id=\"wpcf7-f12-o1\" lang=\"en-US\" dir=\"ltr\" data-wpcf7-id=\"12\">\n<div class=\"screen-reader-response\"><p role=\"status\" aria-live=\"polite\" aria-atomic=\"true\"><\/p> <ul><\/ul><\/div>\n<form action=\"\/fr\/wp-json\/wp\/v2\/pages\/345#wpcf7-f12-o1\" method=\"post\" class=\"wpcf7-form init\" aria-label=\"Formulaire de contact\" novalidate=\"novalidate\" data-status=\"init\" data-trp-original-action=\"\/fr\/wp-json\/wp\/v2\/pages\/345#wpcf7-f12-o1\">\n<fieldset class=\"hidden-fields-container\"><input type=\"hidden\" name=\"_wpcf7\" value=\"12\" \/><input type=\"hidden\" name=\"_wpcf7_version\" value=\"6.1.5\" \/><input type=\"hidden\" name=\"_wpcf7_locale\" value=\"en_US\" \/><input type=\"hidden\" name=\"_wpcf7_unit_tag\" value=\"wpcf7-f12-o1\" \/><input type=\"hidden\" name=\"_wpcf7_container_post\" value=\"0\" \/><input type=\"hidden\" name=\"_wpcf7_posted_data_hash\" value=\"\" \/>\n<\/fieldset>\n<p><label><span class=\"wpcf7-form-control-wrap\" data-name=\"your-name\"><input size=\"40\" maxlength=\"400\" class=\"wpcf7-form-control wpcf7-text wpcf7-validates-as-required\" aria-required=\"true\" aria-invalid=\"false\" placeholder=\"Nom*\" value=\"\" type=\"text\" name=\"your-name\" \/><\/span><\/label>\n<\/p>\n<p><label><span class=\"wpcf7-form-control-wrap\" data-name=\"your-email\"><input size=\"40\" maxlength=\"400\" class=\"wpcf7-form-control wpcf7-email wpcf7-validates-as-required wpcf7-text wpcf7-validates-as-email\" aria-required=\"true\" aria-invalid=\"false\" placeholder=\"E-mail*\" value=\"\" type=\"email\" name=\"your-email\" \/><\/span><\/label>\n<\/p>\n<p><label><span class=\"wpcf7-form-control-wrap\" data-name=\"your-tel\"><input size=\"40\" maxlength=\"400\" class=\"wpcf7-form-control wpcf7-tel wpcf7-validates-as-required wpcf7-text wpcf7-validates-as-tel\" aria-required=\"true\" aria-invalid=\"false\" placeholder=\"T\u00e9l\u00e9phone*\" value=\"\" type=\"tel\" name=\"your-tel\" \/><\/span><\/label>\n<\/p>\n<p><label><span class=\"wpcf7-form-control-wrap\" data-name=\"your-message\"><textarea cols=\"40\" rows=\"10\" maxlength=\"2000\" class=\"wpcf7-form-control wpcf7-textarea wpcf7-validates-as-required\" aria-required=\"true\" aria-invalid=\"false\" placeholder=\"Conseils rapides pour un devis rapide et pr\u00e9cis* : \u2013 Quelle machine\/mod\u00e8le pr\u00e9f\u00e9rez-vous ? \u2013 Description de votre projet\/application ; \u2013 Avez-vous des exigences ou pr\u00e9f\u00e9rences sp\u00e9cifiques ? (par exemple, capacit\u00e9, dimensions, accessoires) \u2013 Quel est votre budget ?\" name=\"your-message\"><\/textarea><\/span> <\/label>\n<\/p>\n<p><input class=\"wpcf7-form-control wpcf7-submit has-spinner\" type=\"submit\" value=\"Envoyer\" \/>\n<\/p><input type=\"hidden\" id=\"ct_checkjs_cf7_1ff1de774005f8da13f42943881c655f\" name=\"ct_checkjs_cf7\" value=\"0\" \/><script >setTimeout(function(){var ct_input_name = \"ct_checkjs_cf7_1ff1de774005f8da13f42943881c655f\";if (document.getElementById(ct_input_name) !== null) {var ct_input_value = document.getElementById(ct_input_name).value;document.getElementById(ct_input_name).value = document.getElementById(ct_input_name).value.replace(ct_input_value, '4af82d2488825b6fead8b3d43b615975861a79478bf03fcded78069b2af5c104');}}, 1000);<\/script><input type='hidden' class='wpcf7-pum' value='{\"closepopup\":false,\"closedelay\":0,\"openpopup\":false,\"openpopup_id\":0}' \/><div class=\"wpcf7-response-output\" aria-hidden=\"true\"><\/div>\n<input type=\"hidden\" name=\"trp-form-language\" value=\"fr\"\/><\/form>\n<\/div>\n<\/div>\n\n<\/div><\/div>\n<\/div>\n<\/div>\n<\/div>\n\n\n<p><\/p>","protected":false},"excerpt":{"rendered":"","protected":false},"author":1,"featured_media":0,"parent":0,"menu_order":0,"comment_status":"closed","ping_status":"closed","template":"","meta":{"footnotes":""},"class_list":["post-345","page","type-page","status-publish"],"yoast_head":"<!-- This site is optimized with the Yoast SEO plugin v27.4 - https:\/\/yoast.com\/product\/yoast-seo-wordpress\/ -->\n<title>Contact Us - Sinotech Group<\/title>\n<meta name=\"robots\" content=\"index, follow, max-snippet:-1, max-image-preview:large, max-video-preview:-1\" \/>\n<link rel=\"canonical\" href=\"https:\/\/sinotechgroups.com\/fr\/contact-us\/\" \/>\n<meta property=\"og:locale\" content=\"fr_FR\" \/>\n<meta property=\"og:type\" content=\"article\" \/>\n<meta property=\"og:title\" content=\"Contact Us - Sinotech Group\" \/>\n<meta property=\"og:url\" content=\"https:\/\/sinotechgroups.com\/fr\/contact-us\/\" \/>\n<meta property=\"og:site_name\" content=\"Sinotech Group\" \/>\n<meta property=\"article:modified_time\" content=\"2025-09-28T08:35:58+00:00\" \/>\n<meta name=\"twitter:card\" content=\"summary_large_image\" \/>\n<meta name=\"twitter:label1\" content=\"Dur\u00e9e de lecture estim\u00e9e\" \/>\n\t<meta name=\"twitter:data1\" content=\"1 minute\" \/>\n<script type=\"application\/ld+json\" class=\"yoast-schema-graph\">{\"@context\":\"https:\\\/\\\/schema.org\",\"@graph\":[{\"@type\":\"WebPage\",\"@id\":\"https:\\\/\\\/sinotechgroups.com\\\/contact-us\\\/\",\"url\":\"https:\\\/\\\/sinotechgroups.com\\\/contact-us\\\/\",\"name\":\"Contact Us - Sinotech Group\",\"isPartOf\":{\"@id\":\"https:\\\/\\\/sinotechgroups.com\\\/#website\"},\"datePublished\":\"2023-09-19T06:51:10+00:00\",\"dateModified\":\"2025-09-28T08:35:58+00:00\",\"breadcrumb\":{\"@id\":\"https:\\\/\\\/sinotechgroups.com\\\/contact-us\\\/#breadcrumb\"},\"inLanguage\":\"fr-FR\",\"potentialAction\":[{\"@type\":\"ReadAction\",\"target\":[\"https:\\\/\\\/sinotechgroups.com\\\/contact-us\\\/\"]}]},{\"@type\":\"BreadcrumbList\",\"@id\":\"https:\\\/\\\/sinotechgroups.com\\\/contact-us\\\/#breadcrumb\",\"itemListElement\":[{\"@type\":\"ListItem\",\"position\":1,\"name\":\"Home\",\"item\":\"https:\\\/\\\/sinotechgroups.com\\\/\"},{\"@type\":\"ListItem\",\"position\":2,\"name\":\"Contact Us\"}]},{\"@type\":\"WebSite\",\"@id\":\"https:\\\/\\\/sinotechgroups.com\\\/#website\",\"url\":\"https:\\\/\\\/sinotechgroups.com\\\/\",\"name\":\"Sinotech Group\",\"description\":\"Leading Manufacturer of All Sorts of Construction Machinery\",\"publisher\":{\"@id\":\"https:\\\/\\\/sinotechgroups.com\\\/#organization\"},\"potentialAction\":[{\"@type\":\"SearchAction\",\"target\":{\"@type\":\"EntryPoint\",\"urlTemplate\":\"https:\\\/\\\/sinotechgroups.com\\\/?s={search_term_string}\"},\"query-input\":{\"@type\":\"PropertyValueSpecification\",\"valueRequired\":true,\"valueName\":\"search_term_string\"}}],\"inLanguage\":\"fr-FR\"},{\"@type\":\"Organization\",\"@id\":\"https:\\\/\\\/sinotechgroups.com\\\/#organization\",\"name\":\"Sinotech Group\",\"url\":\"https:\\\/\\\/sinotechgroups.com\\\/\",\"logo\":{\"@type\":\"ImageObject\",\"inLanguage\":\"fr-FR\",\"@id\":\"https:\\\/\\\/sinotechgroups.com\\\/#\\\/schema\\\/logo\\\/image\\\/\",\"url\":\"https:\\\/\\\/sinotechgroups.com\\\/wp-content\\\/uploads\\\/2024\\\/03\\\/cropped-cropped-sinotech-logo-2.png\",\"contentUrl\":\"https:\\\/\\\/sinotechgroups.com\\\/wp-content\\\/uploads\\\/2024\\\/03\\\/cropped-cropped-sinotech-logo-2.png\",\"width\":511,\"height\":285,\"caption\":\"Sinotech Group\"},\"image\":{\"@id\":\"https:\\\/\\\/sinotechgroups.com\\\/#\\\/schema\\\/logo\\\/image\\\/\"}}]}<\/script>\n<!-- \/ Yoast SEO plugin. -->","yoast_head_json":{"title":"Nous contacter \u2013 Groupe Sinotech","robots":{"index":"index","follow":"follow","max-snippet":"max-snippet:-1","max-image-preview":"max-image-preview:large","max-video-preview":"max-video-preview:-1"},"canonical":"https:\/\/sinotechgroups.com\/fr\/contact-us\/","og_locale":"fr_FR","og_type":"article","og_title":"Contact Us - Sinotech Group","og_url":"https:\/\/sinotechgroups.com\/fr\/contact-us\/","og_site_name":"Sinotech Group","article_modified_time":"2025-09-28T08:35:58+00:00","twitter_card":"summary_large_image","twitter_misc":{"Dur\u00e9e de lecture estim\u00e9e":"1 minute"},"schema":{"@context":"https:\/\/schema.org","@graph":[{"@type":"WebPage","@id":"https:\/\/sinotechgroups.com\/contact-us\/","url":"https:\/\/sinotechgroups.com\/contact-us\/","name":"Nous contacter \u2013 Groupe Sinotech","isPartOf":{"@id":"https:\/\/sinotechgroups.com\/#website"},"datePublished":"2023-09-19T06:51:10+00:00","dateModified":"2025-09-28T08:35:58+00:00","breadcrumb":{"@id":"https:\/\/sinotechgroups.com\/contact-us\/#breadcrumb"},"inLanguage":"fr-FR","potentialAction":[{"@type":"ReadAction","target":["https:\/\/sinotechgroups.com\/contact-us\/"]}]},{"@type":"BreadcrumbList","@id":"https:\/\/sinotechgroups.com\/contact-us\/#breadcrumb","itemListElement":[{"@type":"ListItem","position":1,"name":"Home","item":"https:\/\/sinotechgroups.com\/"},{"@type":"ListItem","position":2,"name":"Contact Us"}]},{"@type":"WebSite","@id":"https:\/\/sinotechgroups.com\/#website","url":"https:\/\/sinotechgroups.com\/","name":"Groupe Sinotech","description":"Premier fabricant de toutes sortes de machines de construction","publisher":{"@id":"https:\/\/sinotechgroups.com\/#organization"},"potentialAction":[{"@type":"SearchAction","target":{"@type":"EntryPoint","urlTemplate":"https:\/\/sinotechgroups.com\/?s={search_term_string}"},"query-input":{"@type":"PropertyValueSpecification","valueRequired":true,"valueName":"search_term_string"}}],"inLanguage":"fr-FR"},{"@type":"Organization","@id":"https:\/\/sinotechgroups.com\/#organization","name":"Groupe Sinotech","url":"https:\/\/sinotechgroups.com\/","logo":{"@type":"ImageObject","inLanguage":"fr-FR","@id":"https:\/\/sinotechgroups.com\/#\/schema\/logo\/image\/","url":"https:\/\/sinotechgroups.com\/wp-content\/uploads\/2024\/03\/cropped-cropped-sinotech-logo-2.png","contentUrl":"https:\/\/sinotechgroups.com\/wp-content\/uploads\/2024\/03\/cropped-cropped-sinotech-logo-2.png","width":511,"height":285,"caption":"Sinotech Group"},"image":{"@id":"https:\/\/sinotechgroups.com\/#\/schema\/logo\/image\/"}}]}},"_links":{"self":[{"href":"https:\/\/sinotechgroups.com\/fr\/wp-json\/wp\/v2\/pages\/345","targetHints":{"allow":["GET"]}}],"collection":[{"href":"https:\/\/sinotechgroups.com\/fr\/wp-json\/wp\/v2\/pages"}],"about":[{"href":"https:\/\/sinotechgroups.com\/fr\/wp-json\/wp\/v2\/types\/page"}],"author":[{"embeddable":true,"href":"https:\/\/sinotechgroups.com\/fr\/wp-json\/wp\/v2\/users\/1"}],"replies":[{"embeddable":true,"href":"https:\/\/sinotechgroups.com\/fr\/wp-json\/wp\/v2\/comments?post=345"}],"version-history":[{"count":34,"href":"https:\/\/sinotechgroups.com\/fr\/wp-json\/wp\/v2\/pages\/345\/revisions"}],"predecessor-version":[{"id":5437,"href":"https:\/\/sinotechgroups.com\/fr\/wp-json\/wp\/v2\/pages\/345\/revisions\/5437"}],"wp:attachment":[{"href":"https:\/\/sinotechgroups.com\/fr\/wp-json\/wp\/v2\/media?parent=345"}],"curies":[{"name":"wp","href":"https:\/\/api.w.org\/{rel}","templated":true}]}}