{"id":498,"date":"2023-09-19T08:47:15","date_gmt":"2023-09-19T08:47:15","guid":{"rendered":"http:\/\/sinotechgroups.com\/?page_id=498"},"modified":"2024-08-29T10:40:35","modified_gmt":"2024-08-29T10:40:35","slug":"privacy-policy","status":"publish","type":"page","link":"https:\/\/sinotechgroups.com\/fr\/privacy-policy\/","title":{"rendered":"Politique de confidentialit\u00e9\u00a0"},"content":{"rendered":"<div class=\"gb-container gb-container-5484461f\">\n<div class=\"gb-container gb-container-472213b1\">\n\n<h2 class=\"gb-headline gb-headline-649b29b2 gb-headline-text\">Qui nous sommes<\/h2>\n\n\n\n<p class=\"gb-headline gb-headline-a205e938 gb-headline-text\">Our website address is: http:\/\/sinotechgroups.com\/<\/p>\n\n\n\n<h2 class=\"gb-headline gb-headline-cdeb2041 gb-headline-text\">Commentaires<\/h2>\n\n\n\n<p>Lorsque les visiteurs laissent des commentaires sur le site, nous collectons les donn\u00e9es indiqu\u00e9es dans le formulaire de commentaires, ainsi que l\u2019adresse IP du visiteur et la cha\u00eene d\u2019agent utilisateur de son navigateur afin de faciliter la d\u00e9tection des messages ind\u00e9sirables.<\/p>\n\n\n\n<p>Une cha\u00eene anonymis\u00e9e cr\u00e9\u00e9e \u00e0 partir de votre adresse \u00e9lectronique (\u00e9galement appel\u00e9e \u00ab hachage \u00bb) peut \u00eatre transmise au service Gravatar pour v\u00e9rifier si vous l\u2019utilisez. Une fois votre commentaire approuv\u00e9, votre photo de profil est visible publiquement dans le contexte de votre commentaire.<\/p>\n\n\n\n<h2 class=\"gb-headline gb-headline-6be34f95 gb-headline-text\">M\u00e9dias<\/h2>\n\n\n\n<p>Si vous t\u00e9l\u00e9versez des images sur le site web, veuillez \u00e9viter de t\u00e9l\u00e9verser des images contenant des donn\u00e9es de localisation int\u00e9gr\u00e9es (GPS EXIF). Les visiteurs du site web peuvent t\u00e9l\u00e9charger et extraire toute donn\u00e9e de localisation pr\u00e9sente dans les images publi\u00e9es sur le site.<\/p>\n\n\n\n<h2 class=\"gb-headline gb-headline-60b9cab7 gb-headline-text\">Cookies<\/h2>\n\n\n\n<p>Si vous laissez un commentaire sur notre site, vous pouvez choisir d\u2019enregistrer votre nom, votre adresse \u00e9lectronique et votre site web dans des cookies. Ces cookies sont destin\u00e9s \u00e0 votre commodit\u00e9 afin que vous n\u2019ayez pas \u00e0 saisir \u00e0 nouveau vos coordonn\u00e9es lors de la publication d\u2019un autre commentaire. Ces cookies restent valables pendant un an.<\/p>\n\n\n\n<p>Si vous visitez notre page de connexion, nous d\u00e9finissons un cookie temporaire afin de d\u00e9terminer si votre navigateur accepte les cookies. Ce cookie ne contient aucune donn\u00e9e personnelle et est supprim\u00e9 d\u00e8s que vous fermez votre navigateur.<\/p>\n\n\n\n<p>Lorsque vous vous connectez, nous cr\u00e9ons \u00e9galement plusieurs cookies afin d\u2019enregistrer vos informations de connexion et vos pr\u00e9f\u00e9rences d\u2019affichage. Les cookies de connexion restent valables pendant deux jours, tandis que les cookies relatifs aux options d\u2019affichage restent valables pendant un an. Si vous cochez la case \u201c Se souvenir de moi \u201d, votre session de connexion restera active pendant deux semaines. Si vous vous d\u00e9connectez de votre compte, les cookies de connexion seront supprim\u00e9s.<\/p>\n\n\n\n<p>Si vous modifiez ou publiez un article, un cookie suppl\u00e9mentaire sera enregistr\u00e9 dans votre navigateur. Ce cookie ne contient aucune donn\u00e9e personnelle et indique simplement l\u2019identifiant de l\u2019article que vous venez de modifier. Il expire au bout d\u2019un jour.<\/p>\n\n\n\n<h2 class=\"gb-headline gb-headline-3d1f6194 gb-headline-text\">Contenu int\u00e9gr\u00e9 provenant d\u2019autres sites web<\/h2>\n\n\n\n<p>Les articles publi\u00e9s sur ce site peuvent inclure du contenu int\u00e9gr\u00e9 (par exemple des vid\u00e9os, des images, des articles, etc.). Ce contenu int\u00e9gr\u00e9 provenant d\u2019autres sites web fonctionne exactement de la m\u00eame mani\u00e8re que si le visiteur s\u2019\u00e9tait rendu directement sur ces autres sites web.<\/p>\n\n\n\n<p>Ces sites web peuvent collecter des donn\u00e9es vous concernant, utiliser des cookies, int\u00e9grer des outils de suivi tiers suppl\u00e9mentaires et surveiller votre interaction avec ce contenu int\u00e9gr\u00e9, y compris le suivi de cette interaction si vous poss\u00e9dez un compte sur ce site web et que vous y \u00eates connect\u00e9.<\/p>\n\n\n\n<h2 class=\"gb-headline gb-headline-854c0837 gb-headline-text\">Avec qui partageons-nous vos donn\u00e9es ?<\/h2>\n\n\n\n<p>Si vous demandez une r\u00e9initialisation de mot de passe, votre adresse IP sera incluse dans l\u2019e-mail de r\u00e9initialisation.<\/p>\n\n\n\n<h2 class=\"gb-headline gb-headline-7ed684dc gb-headline-text\">Pendant combien de temps conservons-nous vos donn\u00e9es ?<\/h2>\n\n\n\n<p>Si vous laissez un commentaire, celui-ci ainsi que ses m\u00e9tadonn\u00e9es sont conserv\u00e9s ind\u00e9finiment. Cela nous permet de reconna\u00eetre automatiquement les commentaires ult\u00e9rieurs et de les approuver sans les placer dans une file d\u2019attente de mod\u00e9ration.<\/p>\n\n\n\n<p>Pour les utilisateurs qui s\u2019inscrivent sur notre site web (le cas \u00e9ch\u00e9ant), nous stockons \u00e9galement les informations personnelles qu\u2019ils fournissent dans leur profil utilisateur. Tous les utilisateurs peuvent \u00e0 tout moment consulter, modifier ou supprimer leurs informations personnelles (\u00e0 l\u2019exception de leur nom d\u2019utilisateur, qu\u2019ils ne peuvent pas modifier). Les administrateurs du site peuvent \u00e9galement consulter et modifier ces informations.<\/p>\n\n\n\n<h2 class=\"gb-headline gb-headline-2f7d2a55 gb-headline-text\">Quels droits avez-vous sur vos donn\u00e9es ?<\/h2>\n\n\n\n<p>Si vous poss\u00e9dez un compte sur ce site ou si vous y avez laiss\u00e9 des commentaires, vous pouvez demander \u00e0 recevoir un fichier export\u00e9 contenant les donn\u00e9es personnelles que nous d\u00e9tenons \u00e0 votre sujet, y compris toutes les donn\u00e9es que vous nous avez fournies. Vous pouvez \u00e9galement demander la suppression de toute donn\u00e9e personnelle que nous d\u00e9tenons \u00e0 votre sujet. Cette suppression n\u2019inclut pas les donn\u00e9es que nous sommes tenus de conserver \u00e0 des fins administratives, juridiques ou de s\u00e9curit\u00e9.<\/p>\n\n\n\n<h2 class=\"gb-headline gb-headline-398f42e4 gb-headline-text\">Vers o\u00f9 envoyons-nous vos donn\u00e9es ?<\/h2>\n\n\n\n<p>Les commentaires des visiteurs peuvent \u00eatre v\u00e9rifi\u00e9s \u00e0 l\u2019aide d\u2019un service automatis\u00e9 de d\u00e9tection des spams.<\/p>\n\n<\/div>\n<\/div>","protected":false},"excerpt":{"rendered":"<p>Who we are Our website address is: http:\/\/sinotechgroups.com\/ Comments When visitors leave comments on the site we collect the data shown in the comments form, and also the visitor\u2019s IP address and browser user agent string to help spam detection. An anonymized string created from your email address (also called a hash) may be provided &#8230; <a title=\"Politique de confidentialit\u00e9\u00a0\" class=\"read-more\" href=\"https:\/\/sinotechgroups.com\/fr\/privacy-policy\/\" aria-label=\"En savoir plus sur Privacy Policy\u00a0\">En savoir plus<\/a><\/p>","protected":false},"author":1,"featured_media":0,"parent":0,"menu_order":0,"comment_status":"closed","ping_status":"closed","template":"","meta":{"footnotes":""},"class_list":["post-498","page","type-page","status-publish"],"yoast_head":"<!-- This site is optimized with the Yoast SEO plugin v27.4 - https:\/\/yoast.com\/product\/yoast-seo-wordpress\/ -->\n<title>Privacy Policy\u00a0 - Sinotech Group<\/title>\n<meta name=\"robots\" content=\"index, follow, max-snippet:-1, max-image-preview:large, max-video-preview:-1\" \/>\n<link rel=\"canonical\" href=\"https:\/\/sinotechgroups.com\/fr\/privacy-policy\/\" \/>\n<meta property=\"og:locale\" content=\"fr_FR\" \/>\n<meta property=\"og:type\" content=\"article\" \/>\n<meta property=\"og:title\" content=\"Privacy Policy\u00a0 - Sinotech Group\" \/>\n<meta property=\"og:description\" content=\"Who we are Our website address is: http:\/\/sinotechgroups.com\/ Comments When visitors leave comments on the site we collect the data shown in the comments form, and also the visitor\u2019s IP address and browser user agent string to help spam detection. An anonymized string created from your email address (also called a hash) may be provided ... Lire plus\" \/>\n<meta property=\"og:url\" content=\"https:\/\/sinotechgroups.com\/fr\/privacy-policy\/\" \/>\n<meta property=\"og:site_name\" content=\"Sinotech Group\" \/>\n<meta property=\"article:modified_time\" content=\"2024-08-29T10:40:35+00:00\" \/>\n<meta name=\"twitter:card\" content=\"summary_large_image\" \/>\n<meta name=\"twitter:label1\" content=\"Dur\u00e9e de lecture estim\u00e9e\" \/>\n\t<meta name=\"twitter:data1\" content=\"3 minutes\" \/>\n<script type=\"application\/ld+json\" class=\"yoast-schema-graph\">{\"@context\":\"https:\\\/\\\/schema.org\",\"@graph\":[{\"@type\":\"WebPage\",\"@id\":\"https:\\\/\\\/sinotechgroups.com\\\/privacy-policy\\\/\",\"url\":\"https:\\\/\\\/sinotechgroups.com\\\/privacy-policy\\\/\",\"name\":\"Privacy Policy\u00a0 - Sinotech Group\",\"isPartOf\":{\"@id\":\"https:\\\/\\\/sinotechgroups.com\\\/#website\"},\"datePublished\":\"2023-09-19T08:47:15+00:00\",\"dateModified\":\"2024-08-29T10:40:35+00:00\",\"breadcrumb\":{\"@id\":\"https:\\\/\\\/sinotechgroups.com\\\/privacy-policy\\\/#breadcrumb\"},\"inLanguage\":\"fr-FR\",\"potentialAction\":[{\"@type\":\"ReadAction\",\"target\":[\"https:\\\/\\\/sinotechgroups.com\\\/privacy-policy\\\/\"]}]},{\"@type\":\"BreadcrumbList\",\"@id\":\"https:\\\/\\\/sinotechgroups.com\\\/privacy-policy\\\/#breadcrumb\",\"itemListElement\":[{\"@type\":\"ListItem\",\"position\":1,\"name\":\"Home\",\"item\":\"https:\\\/\\\/sinotechgroups.com\\\/\"},{\"@type\":\"ListItem\",\"position\":2,\"name\":\"Privacy Policy\u00a0\"}]},{\"@type\":\"WebSite\",\"@id\":\"https:\\\/\\\/sinotechgroups.com\\\/#website\",\"url\":\"https:\\\/\\\/sinotechgroups.com\\\/\",\"name\":\"Sinotech Group\",\"description\":\"Leading Manufacturer of All Sorts of Construction Machinery\",\"publisher\":{\"@id\":\"https:\\\/\\\/sinotechgroups.com\\\/#organization\"},\"potentialAction\":[{\"@type\":\"SearchAction\",\"target\":{\"@type\":\"EntryPoint\",\"urlTemplate\":\"https:\\\/\\\/sinotechgroups.com\\\/?s={search_term_string}\"},\"query-input\":{\"@type\":\"PropertyValueSpecification\",\"valueRequired\":true,\"valueName\":\"search_term_string\"}}],\"inLanguage\":\"fr-FR\"},{\"@type\":\"Organization\",\"@id\":\"https:\\\/\\\/sinotechgroups.com\\\/#organization\",\"name\":\"Sinotech Group\",\"url\":\"https:\\\/\\\/sinotechgroups.com\\\/\",\"logo\":{\"@type\":\"ImageObject\",\"inLanguage\":\"fr-FR\",\"@id\":\"https:\\\/\\\/sinotechgroups.com\\\/#\\\/schema\\\/logo\\\/image\\\/\",\"url\":\"https:\\\/\\\/sinotechgroups.com\\\/wp-content\\\/uploads\\\/2024\\\/03\\\/cropped-cropped-sinotech-logo-2.png\",\"contentUrl\":\"https:\\\/\\\/sinotechgroups.com\\\/wp-content\\\/uploads\\\/2024\\\/03\\\/cropped-cropped-sinotech-logo-2.png\",\"width\":511,\"height\":285,\"caption\":\"Sinotech Group\"},\"image\":{\"@id\":\"https:\\\/\\\/sinotechgroups.com\\\/#\\\/schema\\\/logo\\\/image\\\/\"}}]}<\/script>\n<!-- \/ Yoast SEO plugin. -->","yoast_head_json":{"title":"Politique de confidentialit\u00e9\u00a0- Sinotech Group","robots":{"index":"index","follow":"follow","max-snippet":"max-snippet:-1","max-image-preview":"max-image-preview:large","max-video-preview":"max-video-preview:-1"},"canonical":"https:\/\/sinotechgroups.com\/fr\/privacy-policy\/","og_locale":"fr_FR","og_type":"article","og_title":"Privacy Policy\u00a0 - Sinotech Group","og_description":"Who we are Our website address is: http:\/\/sinotechgroups.com\/ Comments When visitors leave comments on the site we collect the data shown in the comments form, and also the visitor\u2019s IP address and browser user agent string to help spam detection. An anonymized string created from your email address (also called a hash) may be provided ... Lire plus","og_url":"https:\/\/sinotechgroups.com\/fr\/privacy-policy\/","og_site_name":"Sinotech Group","article_modified_time":"2024-08-29T10:40:35+00:00","twitter_card":"summary_large_image","twitter_misc":{"Dur\u00e9e de lecture estim\u00e9e":"3 minutes"},"schema":{"@context":"https:\/\/schema.org","@graph":[{"@type":"WebPage","@id":"https:\/\/sinotechgroups.com\/privacy-policy\/","url":"https:\/\/sinotechgroups.com\/privacy-policy\/","name":"Politique de confidentialit\u00e9\u00a0- Sinotech Group","isPartOf":{"@id":"https:\/\/sinotechgroups.com\/#website"},"datePublished":"2023-09-19T08:47:15+00:00","dateModified":"2024-08-29T10:40:35+00:00","breadcrumb":{"@id":"https:\/\/sinotechgroups.com\/privacy-policy\/#breadcrumb"},"inLanguage":"fr-FR","potentialAction":[{"@type":"ReadAction","target":["https:\/\/sinotechgroups.com\/privacy-policy\/"]}]},{"@type":"BreadcrumbList","@id":"https:\/\/sinotechgroups.com\/privacy-policy\/#breadcrumb","itemListElement":[{"@type":"ListItem","position":1,"name":"Home","item":"https:\/\/sinotechgroups.com\/"},{"@type":"ListItem","position":2,"name":"Privacy Policy\u00a0"}]},{"@type":"WebSite","@id":"https:\/\/sinotechgroups.com\/#website","url":"https:\/\/sinotechgroups.com\/","name":"Groupe Sinotech","description":"Premier fabricant de toutes sortes de machines de construction","publisher":{"@id":"https:\/\/sinotechgroups.com\/#organization"},"potentialAction":[{"@type":"SearchAction","target":{"@type":"EntryPoint","urlTemplate":"https:\/\/sinotechgroups.com\/?s={search_term_string}"},"query-input":{"@type":"PropertyValueSpecification","valueRequired":true,"valueName":"search_term_string"}}],"inLanguage":"fr-FR"},{"@type":"Organization","@id":"https:\/\/sinotechgroups.com\/#organization","name":"Groupe Sinotech","url":"https:\/\/sinotechgroups.com\/","logo":{"@type":"ImageObject","inLanguage":"fr-FR","@id":"https:\/\/sinotechgroups.com\/#\/schema\/logo\/image\/","url":"https:\/\/sinotechgroups.com\/wp-content\/uploads\/2024\/03\/cropped-cropped-sinotech-logo-2.png","contentUrl":"https:\/\/sinotechgroups.com\/wp-content\/uploads\/2024\/03\/cropped-cropped-sinotech-logo-2.png","width":511,"height":285,"caption":"Sinotech Group"},"image":{"@id":"https:\/\/sinotechgroups.com\/#\/schema\/logo\/image\/"}}]}},"_links":{"self":[{"href":"https:\/\/sinotechgroups.com\/fr\/wp-json\/wp\/v2\/pages\/498","targetHints":{"allow":["GET"]}}],"collection":[{"href":"https:\/\/sinotechgroups.com\/fr\/wp-json\/wp\/v2\/pages"}],"about":[{"href":"https:\/\/sinotechgroups.com\/fr\/wp-json\/wp\/v2\/types\/page"}],"author":[{"embeddable":true,"href":"https:\/\/sinotechgroups.com\/fr\/wp-json\/wp\/v2\/users\/1"}],"replies":[{"embeddable":true,"href":"https:\/\/sinotechgroups.com\/fr\/wp-json\/wp\/v2\/comments?post=498"}],"version-history":[{"count":5,"href":"https:\/\/sinotechgroups.com\/fr\/wp-json\/wp\/v2\/pages\/498\/revisions"}],"predecessor-version":[{"id":3803,"href":"https:\/\/sinotechgroups.com\/fr\/wp-json\/wp\/v2\/pages\/498\/revisions\/3803"}],"wp:attachment":[{"href":"https:\/\/sinotechgroups.com\/fr\/wp-json\/wp\/v2\/media?parent=498"}],"curies":[{"name":"wp","href":"https:\/\/api.w.org\/{rel}","templated":true}]}}