{"id":5051,"date":"2025-03-25T03:45:38","date_gmt":"2025-03-25T03:45:38","guid":{"rendered":"https:\/\/sinotechgroups.com\/?page_id=5051"},"modified":"2025-09-28T08:34:03","modified_gmt":"2025-09-28T08:34:03","slug":"branch-office-in-tanzania","status":"publish","type":"page","link":"https:\/\/sinotechgroups.com\/fr\/branch-office-in-tanzania\/","title":{"rendered":"Bureau de repr\u00e9sentation en Tanzanie"},"content":{"rendered":"<div class=\"gb-container gb-container-5b01f12d\">\n<div class=\"gb-container gb-container-ec3353db\">\n\n<figure class=\"gb-block-image gb-block-image-f94649db\"><img decoding=\"async\" class=\"gb-image gb-image-f94649db\" src=\"https:\/\/sinotechluton.com\/wp-content\/uploads\/2025\/03\/stltg-in-tanzania.jpg\" alt=\"\" title=\"stltg-en-tanzanie\"\/><\/figure>\n\n\n\n<h3 class=\"gb-headline gb-headline-00e90cdd gb-headline-text\"><strong>Bureau de Tanzanie d\u00e9sormais ouvert<\/strong><\/h3>\n\n\n\n<p>Alors que la Tanzanie acc\u00e9l\u00e8re le d\u00e9veloppement de ses infrastructures avec des projets tels que le chemin de fer \u00e0 \u00e9cartement standard et l\u2019usine hydro\u00e9lectrique Julius Nyerere, il devient essentiel de disposer de partenaires fiables en mati\u00e8re d\u2019\u00e9quipements de construction. <\/p>\n\n\n\n<p>Chez Sinotech Groups, nous sommes ravis d\u2019annoncer l\u2019ouverture de notre nouveau bureau de Dar es Salam, dot\u00e9 d\u2019une licence officielle : votre acc\u00e8s direct \u00e0 des machines de construction hautement performantes et \u00e0 des syst\u00e8mes de b\u00e9ton adapt\u00e9s au climat local, d\u00e9sormais soutenus localement par notre \u00e9quipe d\u2019ing\u00e9nieurs parlant swahili.<\/p>\n\n\n\n<h3 class=\"gb-headline gb-headline-34791fdb gb-headline-text\">Visitez notre entreprise  <\/h3>\n\n\n\n<p>1. <strong><em>Expertise locale<\/em><\/strong><\/p>\n\n\n\n<p>D\u00e9couvrez notre \u00e9quipe d\u2019ing\u00e9nieurs parlant swahili, qui ma\u00eetrise :<\/p>\n\n\n\n<ul class=\"wp-block-list\">\n<li>\u2713 Les d\u00e9fis li\u00e9s \u00e0 la maintenance des \u00e9quipements dans les climats tropicaux<\/li>\n\n\n\n<li>\u2713 Les exigences r\u00e9glementaires locales en mati\u00e8re de conformit\u00e9<\/li>\n\n\n\n<li>\u2713 Les recommandations de configuration sp\u00e9cifiques aux terrains<\/li>\n\n\n\n<li>\u2713 Le soutien aux paiements par lettre de cr\u00e9dit<\/li>\n<\/ul>\n\n\n\n<p><em>2. <strong>Personnalisation d\u2019\u00e9quipements \u00e9prouv\u00e9e en Afrique<\/strong><\/em><\/p>\n\n\n\n<p>Nos ing\u00e9nieurs sp\u00e9cialis\u00e9s en g\u00e9nie tropical d\u00e9montreront :<\/p>\n\n\n\n<ul class=\"wp-block-list\">\n<li>\u2713 Des am\u00e9liorations apport\u00e9es aux pelles hydrauliques, dot\u00e9es de stabilisateurs renforc\u00e9s pour relever les d\u00e9fis pos\u00e9s par le terrain des Highlands de Mufindi<\/li>\n\n\n\n<li>\u2713 Des options d\u2019interface en langue swahili sur tous les syst\u00e8mes de commande des centrales \u00e0 b\u00e9ton<\/li>\n<\/ul>\n\n\n\n<p><em>3. <strong>Site de d\u00e9monstration en direct<\/strong><\/em><\/p>\n\n\n\n<p>\u00c9quipement mis \u00e0 l\u2019essai dans des conditions locales :<\/p>\n\n\n\n<figure class=\"gb-block-image gb-block-image-42c12b61\"><img loading=\"lazy\" decoding=\"async\" width=\"1920\" height=\"861\" class=\"gb-image gb-image-42c12b61\" src=\"https:\/\/sinotechluton.com\/wp-content\/uploads\/2024\/11\/sinotech-luton-construction-equipment-solution.jpg\" alt=\"\" title=\"sinotech-luton-solution-en-mat\u00e9riel-de-construction\" srcset=\"https:\/\/sinotechgroups.com\/wp-content\/uploads\/2024\/11\/sinotech-luton-construction-equipment-solution.jpg 1920w, https:\/\/sinotechgroups.com\/wp-content\/uploads\/2024\/11\/sinotech-luton-construction-equipment-solution-300x135.jpg 300w, https:\/\/sinotechgroups.com\/wp-content\/uploads\/2024\/11\/sinotech-luton-construction-equipment-solution-1024x459.jpg 1024w, https:\/\/sinotechgroups.com\/wp-content\/uploads\/2024\/11\/sinotech-luton-construction-equipment-solution-768x344.jpg 768w, https:\/\/sinotechgroups.com\/wp-content\/uploads\/2024\/11\/sinotech-luton-construction-equipment-solution-1536x689.jpg 1536w\" sizes=\"auto, (max-width: 1920px) 100vw, 1920px\" \/><\/figure>\n\n\n\n<figure class=\"gb-block-image gb-block-image-b4f4e900\"><img loading=\"lazy\" decoding=\"async\" width=\"1920\" height=\"861\" class=\"gb-image gb-image-b4f4e900\" src=\"https:\/\/sinotechluton.com\/wp-content\/uploads\/2024\/11\/stltg-earthmoving-equipment-for-sale-solution.jpg\" alt=\"\" title=\"stltg-solution-en-mat\u00e9riel-de-d\u00e9placement-de-terres-en-vente\" srcset=\"https:\/\/sinotechgroups.com\/wp-content\/uploads\/2024\/11\/stltg-earthmoving-equipment-for-sale-solution.jpg 1920w, https:\/\/sinotechgroups.com\/wp-content\/uploads\/2024\/11\/stltg-earthmoving-equipment-for-sale-solution-300x135.jpg 300w, https:\/\/sinotechgroups.com\/wp-content\/uploads\/2024\/11\/stltg-earthmoving-equipment-for-sale-solution-1024x459.jpg 1024w, https:\/\/sinotechgroups.com\/wp-content\/uploads\/2024\/11\/stltg-earthmoving-equipment-for-sale-solution-768x344.jpg 768w, https:\/\/sinotechgroups.com\/wp-content\/uploads\/2024\/11\/stltg-earthmoving-equipment-for-sale-solution-1536x689.jpg 1536w\" sizes=\"auto, (max-width: 1920px) 100vw, 1920px\" \/><\/figure>\n\n\n\n<ul class=\"wp-block-list\">\n<li>\u2713 Centrale \u00e0 b\u00e9ton \u2013 D\u00e9bit de 120 m\u00b3\/h avec compensation int\u00e9gr\u00e9e de l\u2019humidit\u00e9<\/li>\n\n\n\n<li>\u2713 Malaxeur \u00e0 b\u00e9ton autochargeur \u2013 Capacit\u00e9 de 6,5 m\u00b3\/h pour le m\u00e9lange des granulats et la d\u00e9charge de b\u00e9ton pr\u00eat \u00e0 l\u2019emploi<\/li>\n\n\n\n<li>\u2713 Chargeuse sur pneus \u2013 Capacit\u00e9 de godet \u00e9lev\u00e9e, optimis\u00e9e pour les granulats de granite sur les chantiers miniers<\/li>\n\n\n\n<li>\u2713 Chariot \u00e9l\u00e9vateur tout-terrain \u2013 Capacit\u00e9 de chargement allant jusqu\u2019\u00e0 10 tonnes, avec 16 accessoires adapt\u00e9s aux usages agricoles et du b\u00e2timent<\/li>\n\n\n\n<li>\u2713 Pompe \u00e0 b\u00e9ton \u2013 Conduit le b\u00e9ton vers les immeubles \u00e0 \u00e9tages \u00e9lev\u00e9s au moyen de tuyaux<\/li>\n\n\n\n<li>\u2713 <strong>Large gamme d\u2019\u00e9quipements lourds de construction et d\u2019\u00e9quipements de concassage minier <\/strong>pour r\u00e9pondre \u00e0 vos besoins<\/li>\n<\/ul>\n\n\n\n<h3 class=\"gb-headline gb-headline-85659216 gb-headline-text\">Dernier succ\u00e8s mis en lumi\u00e8re : Centrale \u00e0 b\u00e9ton<\/h3>\n\n\n\n<figure class=\"gb-block-image gb-block-image-40cf46c0\"><img decoding=\"async\" class=\"gb-image gb-image-40cf46c0\" src=\"https:\/\/sinotechluton.com\/wp-content\/uploads\/2025\/03\/asphlat-plant-in-tanzania.jpg\" alt=\"\" title=\"centrale-d\u2019enrob\u00e9-en-tanzanie\"\/><\/figure>\n\n\n\n<p>Dans le cadre de notre engagement en faveur du d\u00e9veloppement des infrastructures en Tanzanie, nous sommes fiers de mettre en avant notre centrale \u00e0 b\u00e9ton fixe et notre centrale d\u2019enrob\u00e9s r\u00e9cemment mises en service, qui soutiennent le projet de modernisation des routes urbaines en Tanzanie.<\/p>\n\n\n\n<ul class=\"wp-block-list\">\n<li>\u2713 R\u00e9alis\u00e9&nbsp;<strong>17% plus rapide<\/strong>&nbsp;que les centrales conventionnelles<\/li>\n\n\n\n<li>\u2713 Conformit\u00e9 aux normes d\u2019\u00e9missions (98%) pendant les coupures de courant de TANESCO<\/li>\n\n\n\n<li>\u2713 Syst\u00e8me de collecte des poussi\u00e8res d\u00e9di\u00e9 conforme aux normes de la NEMC<\/li>\n<\/ul>\n\n\n\n<h3 class=\"gb-headline gb-headline-8b4db6f5 gb-headline-text\"><strong>Rencontrez notre \u00e9quipe commerciale et de soutien d\u00e9di\u00e9e<\/strong><\/h3>\n\n\n\n<p>Au c\u0153ur de notre op\u00e9ration de Dar es Salaam se trouve une \u00e9quipe fa\u00e7onn\u00e9e sur les chantiers les plus exigeants d\u2019Afrique. Nous ne vendons pas seulement des machines \u2013 nous transf\u00e9rons la pr\u00e9cision de l\u2019ing\u00e9nierie entre les mains tanzaniennes. Nous proposons les meilleures solutions d\u2019\u00e9quipement, un service avant-vente et apr\u00e8s-vente, ainsi que des pi\u00e8ces d\u00e9tach\u00e9es d\u2019origine.<\/p>\n\n\n\n<figure class=\"gb-block-image gb-block-image-1c55ae98\"><img loading=\"lazy\" decoding=\"async\" width=\"1920\" height=\"861\" class=\"gb-image gb-image-1c55ae98\" src=\"https:\/\/sinotechluton.com\/wp-content\/uploads\/2025\/01\/why-choose-sinotech-luton.png\" alt=\"\" title=\"Pourquoi choisir Sinotech Luton\" srcset=\"https:\/\/sinotechgroups.com\/wp-content\/uploads\/2025\/01\/why-choose-sinotech-luton.png 1920w, https:\/\/sinotechgroups.com\/wp-content\/uploads\/2025\/01\/why-choose-sinotech-luton-300x135.png 300w, https:\/\/sinotechgroups.com\/wp-content\/uploads\/2025\/01\/why-choose-sinotech-luton-1024x459.png 1024w, https:\/\/sinotechgroups.com\/wp-content\/uploads\/2025\/01\/why-choose-sinotech-luton-768x344.png 768w, https:\/\/sinotechgroups.com\/wp-content\/uploads\/2025\/01\/why-choose-sinotech-luton-1536x689.png 1536w\" sizes=\"auto, (max-width: 1920px) 100vw, 1920px\" \/><\/figure>\n\n\n\n<p>1. <strong><em>Un leadership fond\u00e9 sur une sagesse \u00e9prouv\u00e9e sur le terrain<\/em><\/strong><\/p>\n\n\n\n<ul class=\"wp-block-list\">\n<li>\u2713 Une vaste exp\u00e9rience dans la maintenance d\u2019\u00e9quipements miniers dans 7 pays africains<\/li>\n\n\n\n<li>\u2713 Titulaire de 3 brevets relatifs aux adaptations des syst\u00e8mes hydrauliques en zones tropicales<\/li>\n\n\n\n<li>\u2713 Ma\u00eetrise courante de la terminologie technique en swahili et en anglais<\/li>\n<\/ul>\n\n\n\n<p>2. <strong><strong><em>Un soutien multidimensionnel<\/em> <\/strong><\/strong><\/p>\n\n\n\n<ul class=\"wp-block-list\">\n<li>\u2713 Intervention d\u2019urgence sous 4 heures \u00e0 Dar es Salaam, Morogoro et Arusha<\/li>\n\n\n\n<li>\u2713 Des listes de contr\u00f4le bilingues garantissant une d\u00e9claration pr\u00e9cise des pannes en swahili et en anglais<\/li>\n\n\n\n<li>\u2713 Analyse du retour sur investissement (ROI) personnalis\u00e9e en fonction des prix du carburant et des co\u00fbts de la main-d\u2019\u0153uvre en Tanzanie<\/li>\n\n\n\n<li>\u2713 Surveillance en temps r\u00e9el des unit\u00e9s d\u2019\u00e9quipement actives \u00e0 travers la Tanzanie<\/li>\n<\/ul>\n\n\n\n<p>3. <strong><em>R\u00e9union de prise de contact<\/em><\/strong><\/p>\n\n\n\n<p>Conform\u00e9ment \u00e0 l\u2019\u00e9tiquette commerciale tanzanienne, toutes les r\u00e9unions offriront :<\/p>\n\n\n\n<ul class=\"wp-block-list\">\n<li>\u2713 Du caf\u00e9 tanzanien fra\u00eechement moulu sur site<\/li>\n\n\n\n<li>\u2713 Un ordre du jour imprim\u00e9 (bilingue anglais\/swahili)<\/li>\n\n\n\n<li>\u2713 Proc\u00e8s-verbal \u00e9crit de suivi apr\u00e8s la r\u00e9union<\/li>\n<\/ul>\n\n\n\n<p>Nous nous engageons :<\/p>\n\n\n\n<ul class=\"wp-block-list\">\n<li>\u2713 Tous les contrats pr\u00e9voiront des canaux de consultation juridique en swahili<\/li>\n\n\n\n<li>\u2713 Ajustement des horaires de service pendant le Ramadan<\/li>\n\n\n\n<li>\u2713 10% des b\u00e9n\u00e9fices sera investi dans la formation des techniciens locaux<\/li>\n<\/ul>\n\n\n\n<p><strong>Un message de notre responsable r\u00e9gional<\/strong>:<\/p>\n\n\n\n<blockquote class=\"wp-block-quote is-layout-flow wp-block-quote-is-layout-flow\">\n<p><em>\u201c Lorsque nous avons contribu\u00e9 \u00e0 la construction des b\u00e2timents civils en Alg\u00e9rie, ce qui a fait la diff\u00e9rence n\u2019\u00e9tait pas seulement la variance de consistance du b\u00e9ton de 0,5% de nos centrales \u00e0 b\u00e9ton, mais bien le fait de boire un macchiato avec les ing\u00e9nieurs \u00e0 2 heures du matin pour r\u00e9soudre ensemble des probl\u00e8mes. C\u2019est ce type de partenariat que nous apportons en Tanzanie. \u2019<\/em><br>\u2014&nbsp;<strong><em>M. Zh<\/em>ang<\/strong>, Directeur des op\u00e9rations en Afrique de l\u2019Est<\/p>\n<\/blockquote>\n\n\n\n<h3 class=\"gb-headline gb-headline-7297ac34 gb-headline-text\"><strong>Connexion imm\u00e9diate<\/strong><\/h3>\n\n\n\n<p>Adresse : Bo\u00eete postale 71482, plage de Mbezi, route Kibaki, parcelle n\u00b0 238, Dar es Salam, Tanzanie<\/p>\n\n\n\n<p>T\u00e9l\u00e9phone : +255756256789<\/p>\n\n\n\n<p>WhatsApp : +255756256789<\/p>\n\n\n\n<p>Courriel :<a href=\"mailto:inquiry@sinotechgroups.com\"> inquiry@sinotechgroups.com<\/a> \/ <a href=\"mailto:sales08@sinotechgroups.com\">sales08@sinotechgroups.com<\/a><\/p>\n\n\n\n<ul class=\"wp-block-list\">\n<li>\u2713 \u00c9valuation gratuite de l\u2019\u00e9tat des \u00e9quipements<\/li>\n\n\n\n<li>\u2713 Invitations VIP aux ateliers techniques trimestriels<\/li>\n<\/ul>\n\n\n\n<p><em><strong>Bienvenue dans notre bureau \u2013 Nous sommes pr\u00eats \u00e0 d\u00e9velopper vos projets<\/strong><\/em>\uff01<\/p>\n\n\n<div class=\"gb-container gb-container-60f7e28e\">\n\n<a class=\"gb-button gb-button-4bd9b741 gb-button-text\" href=\"#popmake-842\">Contactez d\u00e8s maintenant notre \u00e9quipe<\/a>\n\n<\/div>\n<\/div>\n<\/div>","protected":false},"excerpt":{"rendered":"<p>Tanzania Branch Office Now Open As Tanzania accelerates its infrastructure development with projects like the Standard Gauge Railway and Julius Nyerere Hydropower Plant, it becomes vital to have reliable construction equipment partners. At Sinotech Groups, we\u2019re excited to announce our newly licensed Dar es Salaam branch \u2013 your direct access to top-notch-engineered construction machinery and &#8230; <a title=\"Bureau de repr\u00e9sentation en Tanzanie\" class=\"read-more\" href=\"https:\/\/sinotechgroups.com\/fr\/branch-office-in-tanzania\/\" aria-label=\"En savoir plus sur Branch Office in Tanzania\">En savoir plus<\/a><\/p>","protected":false},"author":1,"featured_media":0,"parent":0,"menu_order":0,"comment_status":"closed","ping_status":"closed","template":"","meta":{"footnotes":""},"class_list":["post-5051","page","type-page","status-publish"],"yoast_head":"<!-- This site is optimized with the Yoast SEO plugin v27.4 - https:\/\/yoast.com\/product\/yoast-seo-wordpress\/ -->\n<title>Welcom to Visit Our Company in Tanzania<\/title>\n<meta name=\"description\" content=\"We\u2019re excited to announce our newly licensed Dar es Salaam branch \u2013 your direct access to top-notch-engineered construction machinery and climate-adaptive concrete systems, now locally supported by our Swahili-speaking engineering team.\" \/>\n<meta name=\"robots\" content=\"index, follow, max-snippet:-1, max-image-preview:large, max-video-preview:-1\" \/>\n<link rel=\"canonical\" href=\"https:\/\/sinotechgroups.com\/fr\/branch-office-in-tanzania\/\" \/>\n<meta property=\"og:locale\" content=\"fr_FR\" \/>\n<meta property=\"og:type\" content=\"article\" \/>\n<meta property=\"og:title\" content=\"Welcom to Visit Our Company in Tanzania\" \/>\n<meta property=\"og:description\" content=\"We\u2019re excited to announce our newly licensed Dar es Salaam branch \u2013 your direct access to top-notch-engineered construction machinery and climate-adaptive concrete systems, now locally supported by our Swahili-speaking engineering team.\" \/>\n<meta property=\"og:url\" content=\"https:\/\/sinotechgroups.com\/fr\/branch-office-in-tanzania\/\" \/>\n<meta property=\"og:site_name\" content=\"Sinotech Group\" \/>\n<meta property=\"article:modified_time\" content=\"2025-09-28T08:34:03+00:00\" \/>\n<meta property=\"og:image\" content=\"https:\/\/sinotechluton.com\/wp-content\/uploads\/2025\/03\/stltg-in-tanzania.jpg\" \/>\n<meta name=\"twitter:card\" content=\"summary_large_image\" \/>\n<meta name=\"twitter:label1\" content=\"Dur\u00e9e de lecture estim\u00e9e\" \/>\n\t<meta name=\"twitter:data1\" content=\"4 minutes\" \/>\n<script type=\"application\/ld+json\" class=\"yoast-schema-graph\">{\"@context\":\"https:\\\/\\\/schema.org\",\"@graph\":[{\"@type\":\"WebPage\",\"@id\":\"https:\\\/\\\/sinotechgroups.com\\\/branch-office-in-tanzania\\\/\",\"url\":\"https:\\\/\\\/sinotechgroups.com\\\/branch-office-in-tanzania\\\/\",\"name\":\"Welcom to Visit Our Company in Tanzania\",\"isPartOf\":{\"@id\":\"https:\\\/\\\/sinotechgroups.com\\\/#website\"},\"primaryImageOfPage\":{\"@id\":\"https:\\\/\\\/sinotechgroups.com\\\/branch-office-in-tanzania\\\/#primaryimage\"},\"image\":{\"@id\":\"https:\\\/\\\/sinotechgroups.com\\\/branch-office-in-tanzania\\\/#primaryimage\"},\"thumbnailUrl\":\"https:\\\/\\\/sinotechluton.com\\\/wp-content\\\/uploads\\\/2025\\\/03\\\/stltg-in-tanzania.jpg\",\"datePublished\":\"2025-03-25T03:45:38+00:00\",\"dateModified\":\"2025-09-28T08:34:03+00:00\",\"description\":\"We\u2019re excited to announce our newly licensed Dar es Salaam branch \u2013 your direct access to top-notch-engineered construction machinery and climate-adaptive concrete systems, now locally supported by our Swahili-speaking engineering team.\",\"breadcrumb\":{\"@id\":\"https:\\\/\\\/sinotechgroups.com\\\/branch-office-in-tanzania\\\/#breadcrumb\"},\"inLanguage\":\"fr-FR\",\"potentialAction\":[{\"@type\":\"ReadAction\",\"target\":[\"https:\\\/\\\/sinotechgroups.com\\\/branch-office-in-tanzania\\\/\"]}]},{\"@type\":\"ImageObject\",\"inLanguage\":\"fr-FR\",\"@id\":\"https:\\\/\\\/sinotechgroups.com\\\/branch-office-in-tanzania\\\/#primaryimage\",\"url\":\"https:\\\/\\\/sinotechluton.com\\\/wp-content\\\/uploads\\\/2025\\\/03\\\/stltg-in-tanzania.jpg\",\"contentUrl\":\"https:\\\/\\\/sinotechluton.com\\\/wp-content\\\/uploads\\\/2025\\\/03\\\/stltg-in-tanzania.jpg\"},{\"@type\":\"BreadcrumbList\",\"@id\":\"https:\\\/\\\/sinotechgroups.com\\\/branch-office-in-tanzania\\\/#breadcrumb\",\"itemListElement\":[{\"@type\":\"ListItem\",\"position\":1,\"name\":\"Home\",\"item\":\"https:\\\/\\\/sinotechgroups.com\\\/\"},{\"@type\":\"ListItem\",\"position\":2,\"name\":\"Branch Office in Tanzania\"}]},{\"@type\":\"WebSite\",\"@id\":\"https:\\\/\\\/sinotechgroups.com\\\/#website\",\"url\":\"https:\\\/\\\/sinotechgroups.com\\\/\",\"name\":\"Sinotech Group\",\"description\":\"Leading Manufacturer of All Sorts of Construction Machinery\",\"publisher\":{\"@id\":\"https:\\\/\\\/sinotechgroups.com\\\/#organization\"},\"potentialAction\":[{\"@type\":\"SearchAction\",\"target\":{\"@type\":\"EntryPoint\",\"urlTemplate\":\"https:\\\/\\\/sinotechgroups.com\\\/?s={search_term_string}\"},\"query-input\":{\"@type\":\"PropertyValueSpecification\",\"valueRequired\":true,\"valueName\":\"search_term_string\"}}],\"inLanguage\":\"fr-FR\"},{\"@type\":\"Organization\",\"@id\":\"https:\\\/\\\/sinotechgroups.com\\\/#organization\",\"name\":\"Sinotech Group\",\"url\":\"https:\\\/\\\/sinotechgroups.com\\\/\",\"logo\":{\"@type\":\"ImageObject\",\"inLanguage\":\"fr-FR\",\"@id\":\"https:\\\/\\\/sinotechgroups.com\\\/#\\\/schema\\\/logo\\\/image\\\/\",\"url\":\"https:\\\/\\\/sinotechgroups.com\\\/wp-content\\\/uploads\\\/2024\\\/03\\\/cropped-cropped-sinotech-logo-2.png\",\"contentUrl\":\"https:\\\/\\\/sinotechgroups.com\\\/wp-content\\\/uploads\\\/2024\\\/03\\\/cropped-cropped-sinotech-logo-2.png\",\"width\":511,\"height\":285,\"caption\":\"Sinotech Group\"},\"image\":{\"@id\":\"https:\\\/\\\/sinotechgroups.com\\\/#\\\/schema\\\/logo\\\/image\\\/\"}}]}<\/script>\n<!-- \/ Yoast SEO plugin. -->","yoast_head_json":{"title":"Bienvenue pour visiter notre entreprise en Tanzanie","description":"Nous sommes ravis d\u2019annoncer l\u2019ouverture de notre nouvelle succursale de Dar es Salaam, r\u00e9cemment agr\u00e9\u00e9e \u2013 votre acc\u00e8s direct \u00e0 des machines de construction de pointe et \u00e0 des syst\u00e8mes de b\u00e9ton adapt\u00e9s au climat, d\u00e9sormais soutenus localement par notre \u00e9quipe d\u2019ing\u00e9nieurs parlant swahili.","robots":{"index":"index","follow":"follow","max-snippet":"max-snippet:-1","max-image-preview":"max-image-preview:large","max-video-preview":"max-video-preview:-1"},"canonical":"https:\/\/sinotechgroups.com\/fr\/branch-office-in-tanzania\/","og_locale":"fr_FR","og_type":"article","og_title":"Welcom to Visit Our Company in Tanzania","og_description":"We\u2019re excited to announce our newly licensed Dar es Salaam branch \u2013 your direct access to top-notch-engineered construction machinery and climate-adaptive concrete systems, now locally supported by our Swahili-speaking engineering team.","og_url":"https:\/\/sinotechgroups.com\/fr\/branch-office-in-tanzania\/","og_site_name":"Sinotech Group","article_modified_time":"2025-09-28T08:34:03+00:00","og_image":[{"url":"https:\/\/sinotechluton.com\/wp-content\/uploads\/2025\/03\/stltg-in-tanzania.jpg","type":"","width":"","height":""}],"twitter_card":"summary_large_image","twitter_misc":{"Dur\u00e9e de lecture estim\u00e9e":"4 minutes"},"schema":{"@context":"https:\/\/schema.org","@graph":[{"@type":"WebPage","@id":"https:\/\/sinotechgroups.com\/branch-office-in-tanzania\/","url":"https:\/\/sinotechgroups.com\/branch-office-in-tanzania\/","name":"Bienvenue pour visiter notre entreprise en Tanzanie","isPartOf":{"@id":"https:\/\/sinotechgroups.com\/#website"},"primaryImageOfPage":{"@id":"https:\/\/sinotechgroups.com\/branch-office-in-tanzania\/#primaryimage"},"image":{"@id":"https:\/\/sinotechgroups.com\/branch-office-in-tanzania\/#primaryimage"},"thumbnailUrl":"https:\/\/sinotechluton.com\/wp-content\/uploads\/2025\/03\/stltg-in-tanzania.jpg","datePublished":"2025-03-25T03:45:38+00:00","dateModified":"2025-09-28T08:34:03+00:00","description":"Nous sommes ravis d\u2019annoncer l\u2019ouverture de notre nouvelle succursale de Dar es Salaam, r\u00e9cemment agr\u00e9\u00e9e \u2013 votre acc\u00e8s direct \u00e0 des machines de construction de pointe et \u00e0 des syst\u00e8mes de b\u00e9ton adapt\u00e9s au climat, d\u00e9sormais soutenus localement par notre \u00e9quipe d\u2019ing\u00e9nieurs parlant swahili.","breadcrumb":{"@id":"https:\/\/sinotechgroups.com\/branch-office-in-tanzania\/#breadcrumb"},"inLanguage":"fr-FR","potentialAction":[{"@type":"ReadAction","target":["https:\/\/sinotechgroups.com\/branch-office-in-tanzania\/"]}]},{"@type":"ImageObject","inLanguage":"fr-FR","@id":"https:\/\/sinotechgroups.com\/branch-office-in-tanzania\/#primaryimage","url":"https:\/\/sinotechluton.com\/wp-content\/uploads\/2025\/03\/stltg-in-tanzania.jpg","contentUrl":"https:\/\/sinotechluton.com\/wp-content\/uploads\/2025\/03\/stltg-in-tanzania.jpg"},{"@type":"BreadcrumbList","@id":"https:\/\/sinotechgroups.com\/branch-office-in-tanzania\/#breadcrumb","itemListElement":[{"@type":"ListItem","position":1,"name":"Home","item":"https:\/\/sinotechgroups.com\/"},{"@type":"ListItem","position":2,"name":"Branch Office in Tanzania"}]},{"@type":"WebSite","@id":"https:\/\/sinotechgroups.com\/#website","url":"https:\/\/sinotechgroups.com\/","name":"Groupe Sinotech","description":"Premier fabricant de toutes sortes de machines de construction","publisher":{"@id":"https:\/\/sinotechgroups.com\/#organization"},"potentialAction":[{"@type":"SearchAction","target":{"@type":"EntryPoint","urlTemplate":"https:\/\/sinotechgroups.com\/?s={search_term_string}"},"query-input":{"@type":"PropertyValueSpecification","valueRequired":true,"valueName":"search_term_string"}}],"inLanguage":"fr-FR"},{"@type":"Organization","@id":"https:\/\/sinotechgroups.com\/#organization","name":"Groupe Sinotech","url":"https:\/\/sinotechgroups.com\/","logo":{"@type":"ImageObject","inLanguage":"fr-FR","@id":"https:\/\/sinotechgroups.com\/#\/schema\/logo\/image\/","url":"https:\/\/sinotechgroups.com\/wp-content\/uploads\/2024\/03\/cropped-cropped-sinotech-logo-2.png","contentUrl":"https:\/\/sinotechgroups.com\/wp-content\/uploads\/2024\/03\/cropped-cropped-sinotech-logo-2.png","width":511,"height":285,"caption":"Sinotech Group"},"image":{"@id":"https:\/\/sinotechgroups.com\/#\/schema\/logo\/image\/"}}]}},"_links":{"self":[{"href":"https:\/\/sinotechgroups.com\/fr\/wp-json\/wp\/v2\/pages\/5051","targetHints":{"allow":["GET"]}}],"collection":[{"href":"https:\/\/sinotechgroups.com\/fr\/wp-json\/wp\/v2\/pages"}],"about":[{"href":"https:\/\/sinotechgroups.com\/fr\/wp-json\/wp\/v2\/types\/page"}],"author":[{"embeddable":true,"href":"https:\/\/sinotechgroups.com\/fr\/wp-json\/wp\/v2\/users\/1"}],"replies":[{"embeddable":true,"href":"https:\/\/sinotechgroups.com\/fr\/wp-json\/wp\/v2\/comments?post=5051"}],"version-history":[{"count":4,"href":"https:\/\/sinotechgroups.com\/fr\/wp-json\/wp\/v2\/pages\/5051\/revisions"}],"predecessor-version":[{"id":5436,"href":"https:\/\/sinotechgroups.com\/fr\/wp-json\/wp\/v2\/pages\/5051\/revisions\/5436"}],"wp:attachment":[{"href":"https:\/\/sinotechgroups.com\/fr\/wp-json\/wp\/v2\/media?parent=5051"}],"curies":[{"name":"wp","href":"https:\/\/api.w.org\/{rel}","templated":true}]}}