{"id":4215,"date":"2024-11-27T08:39:43","date_gmt":"2024-11-27T08:39:43","guid":{"rendered":"http:\/\/sinotechgroups.com\/?page_id=4215"},"modified":"2026-03-23T19:59:02","modified_gmt":"2026-03-23T11:59:02","slug":"sinotech-luton-solution-for-different-projects","status":"publish","type":"page","link":"https:\/\/sinotechgroups.com\/pt\/sinotech-luton-solution-for-different-projects\/","title":{"rendered":"Solu\u00e7\u00f5es do Grupo Sinotech"},"content":{"rendered":"<div class=\"gb-container gb-container-e7ed63de\">\n<div class=\"gb-container gb-container-9fec67bb\">\n\n<p class=\"gb-text\">O Grupo Sinotech oferece solu\u00e7\u00f5es inovadoras personalizadas para atender \u00e0s diversas necessidades de v\u00e1rios projetos de constru\u00e7\u00e3o e engenharia. Com forte \u00eanfase em efici\u00eancia, seguran\u00e7a e avan\u00e7o tecnol\u00f3gico, a SinoTech Luton fornece uma gama de servi\u00e7os e m\u00e1quinas adequadas a diferentes tipos de projeto.\u00a0<\/p>\n\n\n\n<p class=\"gb-text\">Seja voc\u00ea um empreiteiro ou apenas algu\u00e9m \u00e0 procura de uma m\u00e1quina para uso residencial ou civil, voc\u00ea sempre encontrar\u00e1 aqui a melhor solu\u00e7\u00e3o combinada! Basta nos informar suas necessidades ou requisitos b\u00e1sicos do projeto, e nossa equipe lhe oferecer\u00e1 orienta\u00e7\u00e3o profissional!<\/p>\n\n\n\n<div class=\"gb-element-2bca4213\">\n<div class=\"gb-element-1cd5acb4\">\n<div>\n<figure class=\"wp-block-image size-full is-style-default\"><img loading=\"lazy\" decoding=\"async\" width=\"800\" height=\"800\" src=\"https:\/\/sinotechgroups.com\/wp-content\/uploads\/2026\/03\/excavator.jpg\" alt=\"\" class=\"wp-image-5630\" srcset=\"https:\/\/sinotechgroups.com\/wp-content\/uploads\/2026\/03\/excavator.jpg 800w, https:\/\/sinotechgroups.com\/wp-content\/uploads\/2026\/03\/excavator-300x300.jpg 300w, https:\/\/sinotechgroups.com\/wp-content\/uploads\/2026\/03\/excavator-150x150.jpg 150w, https:\/\/sinotechgroups.com\/wp-content\/uploads\/2026\/03\/excavator-768x768.jpg 768w\" sizes=\"auto, (max-width: 800px) 100vw, 800px\" \/><\/figure>\n<\/div>\n\n\n\n<figure class=\"wp-block-embed is-type-wp-embed is-provider-sinotech-group wp-block-embed-sinotech-group\"><div class=\"wp-block-embed__wrapper\">\n<blockquote class=\"wp-embedded-content\" data-secret=\"REwt5Gdw6Y\"><a href=\"https:\/\/sinotechgroups.com\/pt\/earthmoving-equipment-solution\/\">Solu\u00e7\u00e3o para Equipamentos de Terraplenagem<\/a><\/blockquote><iframe loading=\"lazy\" class=\"wp-embedded-content\" sandbox=\"allow-scripts\" security=\"restricted\" style=\"position: absolute; visibility: hidden;\" title=\"\u201cSolu\u00e7\u00e3o em Equipamentos para Movimenta\u00e7\u00e3o de Terras\u201d \u2014 Grupo SinoTech\" src=\"https:\/\/sinotechgroups.com\/earthmoving-equipment-solution\/embed\/#?secret=Eje5qZTToV#?secret=REwt5Gdw6Y\" data-secret=\"REwt5Gdw6Y\" width=\"600\" height=\"338\" frameborder=\"0\" marginwidth=\"0\" marginheight=\"0\" scrolling=\"no\"><\/iframe>\n<\/div><\/figure>\n<\/div>\n\n\n\n<div class=\"gb-element-923f8cf5\">\n<div>\n<figure class=\"wp-block-image size-full is-style-default\"><img loading=\"lazy\" decoding=\"async\" width=\"800\" height=\"800\" src=\"https:\/\/sinotechgroups.com\/wp-content\/uploads\/2026\/03\/crushing-plant-sinotech-group-fleet.jpg\" alt=\"\" class=\"wp-image-5710\" srcset=\"https:\/\/sinotechgroups.com\/wp-content\/uploads\/2026\/03\/crushing-plant-sinotech-group-fleet.jpg 800w, https:\/\/sinotechgroups.com\/wp-content\/uploads\/2026\/03\/crushing-plant-sinotech-group-fleet-300x300.jpg 300w, https:\/\/sinotechgroups.com\/wp-content\/uploads\/2026\/03\/crushing-plant-sinotech-group-fleet-150x150.jpg 150w, https:\/\/sinotechgroups.com\/wp-content\/uploads\/2026\/03\/crushing-plant-sinotech-group-fleet-768x768.jpg 768w\" sizes=\"auto, (max-width: 800px) 100vw, 800px\" \/><\/figure>\n<\/div>\n\n\n\n<figure class=\"wp-block-embed is-type-wp-embed is-provider-sinotech-group wp-block-embed-sinotech-group\"><div class=\"wp-block-embed__wrapper\">\n<blockquote class=\"wp-embedded-content\" data-secret=\"sY0I4LXrIG\"><a href=\"https:\/\/sinotechgroups.com\/pt\/crushing-and-screening-equipment-solution\/\">Solu\u00e7\u00e3o para Equipamentos de Britagem e Peneiramento<\/a><\/blockquote><iframe loading=\"lazy\" class=\"wp-embedded-content\" sandbox=\"allow-scripts\" security=\"restricted\" style=\"position: absolute; visibility: hidden;\" title=\"\u201cSolu\u00e7\u00e3o em Equipamentos para Britagem e Peneiramento\u201d \u2014 Grupo SinoTech\" src=\"https:\/\/sinotechgroups.com\/crushing-and-screening-equipment-solution\/embed\/#?secret=Wzjj3bnCE5#?secret=sY0I4LXrIG\" data-secret=\"sY0I4LXrIG\" width=\"600\" height=\"338\" frameborder=\"0\" marginwidth=\"0\" marginheight=\"0\" scrolling=\"no\"><\/iframe>\n<\/div><\/figure>\n<\/div>\n\n\n\n<div class=\"gb-element-c53df5eb\">\n<div>\n<figure class=\"wp-block-image size-full is-style-default\"><img loading=\"lazy\" decoding=\"async\" width=\"800\" height=\"800\" src=\"https:\/\/sinotechgroups.com\/wp-content\/uploads\/2026\/03\/LB1000-asphalt-plant-fleet-stltg.jpg\" alt=\"\" class=\"wp-image-5711\" srcset=\"https:\/\/sinotechgroups.com\/wp-content\/uploads\/2026\/03\/LB1000-asphalt-plant-fleet-stltg.jpg 800w, https:\/\/sinotechgroups.com\/wp-content\/uploads\/2026\/03\/LB1000-asphalt-plant-fleet-stltg-300x300.jpg 300w, https:\/\/sinotechgroups.com\/wp-content\/uploads\/2026\/03\/LB1000-asphalt-plant-fleet-stltg-150x150.jpg 150w, https:\/\/sinotechgroups.com\/wp-content\/uploads\/2026\/03\/LB1000-asphalt-plant-fleet-stltg-768x768.jpg 768w\" sizes=\"auto, (max-width: 800px) 100vw, 800px\" \/><\/figure>\n<\/div>\n\n\n\n<figure class=\"wp-block-embed is-type-wp-embed is-provider-sinotech-group wp-block-embed-sinotech-group\"><div class=\"wp-block-embed__wrapper\">\n<blockquote class=\"wp-embedded-content\" data-secret=\"IrMN67ss9S\"><a href=\"https:\/\/sinotechgroups.com\/pt\/construction-project-solution\/\">Solu\u00e7\u00e3o para Projetos de Constru\u00e7\u00e3o<\/a><\/blockquote><iframe loading=\"lazy\" class=\"wp-embedded-content\" sandbox=\"allow-scripts\" security=\"restricted\" style=\"position: absolute; visibility: hidden;\" title=\"\u201cSolu\u00e7\u00e3o em Projetos de Constru\u00e7\u00e3o\u201d \u2014 Grupo SinoTech\" src=\"https:\/\/sinotechgroups.com\/construction-project-solution\/embed\/#?secret=3NHiqkigm7#?secret=IrMN67ss9S\" data-secret=\"IrMN67ss9S\" width=\"600\" height=\"338\" frameborder=\"0\" marginwidth=\"0\" marginheight=\"0\" scrolling=\"no\"><\/iframe>\n<\/div><\/figure>\n<\/div>\n\n\n\n<div class=\"gb-element-02622bf9\">\n<div>\n<figure class=\"wp-block-image size-full is-style-default\"><img loading=\"lazy\" decoding=\"async\" width=\"800\" height=\"800\" src=\"https:\/\/sinotechgroups.com\/wp-content\/uploads\/2026\/03\/concrete-plant-sinotech-group-fleet.jpg\" alt=\"\" class=\"wp-image-5709\" srcset=\"https:\/\/sinotechgroups.com\/wp-content\/uploads\/2026\/03\/concrete-plant-sinotech-group-fleet.jpg 800w, https:\/\/sinotechgroups.com\/wp-content\/uploads\/2026\/03\/concrete-plant-sinotech-group-fleet-300x300.jpg 300w, https:\/\/sinotechgroups.com\/wp-content\/uploads\/2026\/03\/concrete-plant-sinotech-group-fleet-150x150.jpg 150w, https:\/\/sinotechgroups.com\/wp-content\/uploads\/2026\/03\/concrete-plant-sinotech-group-fleet-768x768.jpg 768w\" sizes=\"auto, (max-width: 800px) 100vw, 800px\" \/><\/figure>\n<\/div>\n\n\n\n<figure class=\"wp-block-embed is-type-wp-embed is-provider-sinotech-group wp-block-embed-sinotech-group\"><div class=\"wp-block-embed__wrapper\">\n<blockquote class=\"wp-embedded-content\" data-secret=\"EPYe2Llu13\"><a href=\"https:\/\/sinotechgroups.com\/pt\/concrete-mixing-and-pumping-solution\/\">Solu\u00e7\u00e3o para Mistura e Bombeamento de Concreto<\/a><\/blockquote><iframe loading=\"lazy\" class=\"wp-embedded-content\" sandbox=\"allow-scripts\" security=\"restricted\" style=\"position: absolute; visibility: hidden;\" title=\"\u201cSolu\u00e7\u00e3o em Mistura e Bombeamento de Concreto\u201d \u2014 Grupo SinoTech\" src=\"https:\/\/sinotechgroups.com\/concrete-mixing-and-pumping-solution\/embed\/#?secret=TL25riu4El#?secret=EPYe2Llu13\" data-secret=\"EPYe2Llu13\" width=\"600\" height=\"338\" frameborder=\"0\" marginwidth=\"0\" marginheight=\"0\" scrolling=\"no\"><\/iframe>\n<\/div><\/figure>\n<\/div>\n<\/div>\n\n<\/div>\n<\/div>\n\n<div class=\"gb-container gb-container-c00ac0f5\">\n<div class=\"gb-container gb-container-5405ad0e\">\n\n<h2 class=\"gb-headline gb-headline-7421b8d6 gb-headline-text\">Por que escolher o Grupo Sinotech? <\/h2>\n\n\n\n<figure class=\"gb-block-image gb-block-image-39acce0e\"><img loading=\"lazy\" decoding=\"async\" width=\"1920\" height=\"861\" class=\"gb-image gb-image-39acce0e\" src=\"http:\/\/sinotechgroups.com\/wp-content\/uploads\/2025\/01\/why-choose-sinotech-luton.png\" alt=\"\" title=\"Por que escolher a Sinotech Luton\" srcset=\"https:\/\/sinotechgroups.com\/wp-content\/uploads\/2025\/01\/why-choose-sinotech-luton.png 1920w, https:\/\/sinotechgroups.com\/wp-content\/uploads\/2025\/01\/why-choose-sinotech-luton-300x135.png 300w, https:\/\/sinotechgroups.com\/wp-content\/uploads\/2025\/01\/why-choose-sinotech-luton-1024x459.png 1024w, https:\/\/sinotechgroups.com\/wp-content\/uploads\/2025\/01\/why-choose-sinotech-luton-768x344.png 768w, https:\/\/sinotechgroups.com\/wp-content\/uploads\/2025\/01\/why-choose-sinotech-luton-1536x689.png 1536w\" sizes=\"auto, (max-width: 1920px) 100vw, 1920px\" \/><\/figure>\n\n\n\n<h3 class=\"gb-headline gb-headline-e40a6559 gb-headline-text\">Servi\u00e7o pr\u00e9-venda<\/h3>\n\n\n\n<p>Oferecer aos clientes consultorias e servi\u00e7os t\u00e9cnicos 24 horas por dia, responder \u00e0s d\u00favidas dos clientes de forma oportuna, com paci\u00eancia e entusiasmo, explicando detalhadamente o desempenho e as caracter\u00edsticas do produto.<\/p>\n\n\n\n<p>Oferecer aos clientes o servi\u00e7o de sele\u00e7\u00e3o antes da compra da m\u00e1quina, com base nas informa\u00e7\u00f5es relevantes fornecidas pelos<br>clientes, e garantir que o produto seja satisfat\u00f3rio e funcione adequadamente, verificando e calculando o custo do investimento e o retorno sobre o investimento para os<br>clientes.<\/p>\n\n\n\n<p>Enviar t\u00e9cnicos de engenharia para realizar levantamento e planejamento do local e apresentar um projeto de constru\u00e7\u00e3o otimizado e razo\u00e1vel para a<br>esta\u00e7\u00e3o.<\/p>\n\n\n\n<h3 class=\"gb-headline gb-headline-04424461 gb-headline-text\">Servi\u00e7o durante a venda<\/h3>\n\n\n\n<p>Auxiliar na formula\u00e7\u00e3o detalhada do projeto e do procedimento de constru\u00e7\u00e3o, fornecer dados t\u00e9cnicos e orientar a constru\u00e7\u00e3o da funda\u00e7\u00e3o.<\/p>\n\n\n\n<p>Enviar t\u00e9cnicos de engenharia experientes para orientar, no local, a instala\u00e7\u00e3o, a depura\u00e7\u00e3o e a opera\u00e7\u00e3o experimental at\u00e9 que o equipamento funcione normalmente.<\/p>\n\n\n\n<p>Realizar, gratuitamente, treinamento t\u00e9cnico para o pessoal operacional e de manuten\u00e7\u00e3o do equipamento, a fim de garantir que possam oper\u00e1-lo de forma independente e habilidosa, bem como identificar e corrigir falhas durante sua opera\u00e7\u00e3o.<\/p>\n\n\n\n<h3 class=\"gb-headline gb-headline-07a70f55 gb-headline-text\">Servi\u00e7o p\u00f3s-venda<\/h3>\n\n\n\n<p>Oferecer servi\u00e7o de manuten\u00e7\u00e3o gratuito durante o per\u00edodo de garantia para quaisquer problemas de qualidade n\u00e3o causados artificialmente. Responderemos imediatamente ap\u00f3s recebermos a notifica\u00e7\u00e3o de defeito do usu\u00e1rio e chegaremos ao local da obra dentro do prazo estipulado, a fim de garantir que o equipamento funcione normalmente.<\/p>\n\n\n\n<p>Fornecer aos clientes suporte t\u00e9cnico excelente a longo prazo e pe\u00e7as de reposi\u00e7\u00e3o a pre\u00e7os preferenciais, assegurando que o equipamento atinja o melhor estado operacional por meio de uma coopera\u00e7\u00e3o estreita com os usu\u00e1rios.<\/p>\n\n\n<div class=\"gb-container gb-container-6a192b25\">\n\n<a class=\"gb-button gb-button-a13a07c5 gb-button-text\" href=\"#popmake-842\">Entre em contato para obter uma solu\u00e7\u00e3o personalizada<\/a>\n\n<\/div>\n<\/div>\n<\/div>","protected":false},"excerpt":{"rendered":"<p>Sinotech Group offers innovative solutions tailored to meet the diverse needs of various construction and engineering projects. With a strong emphasis on efficiency, safety, and technological advancement, SinoTech Luton provides a range of services and machinery suited for different project types.\u00a0 No matter you are contractor, or just looking for a machine for residential and &#8230; <a title=\"Solu\u00e7\u00f5es do Grupo Sinotech\" class=\"read-more\" href=\"https:\/\/sinotechgroups.com\/pt\/sinotech-luton-solution-for-different-projects\/\" aria-label=\"Read more about Sinotech Group Solutions\">Leia mais<\/a><\/p>","protected":false},"author":1,"featured_media":0,"parent":0,"menu_order":0,"comment_status":"closed","ping_status":"closed","template":"","meta":{"footnotes":""},"class_list":["post-4215","page","type-page","status-publish"],"yoast_head":"<!-- This site is optimized with the Yoast SEO plugin v27.4 - https:\/\/yoast.com\/product\/yoast-seo-wordpress\/ -->\n<title>SinoTech Luton Solution for Different Projects<\/title>\n<meta name=\"robots\" content=\"index, follow, max-snippet:-1, max-image-preview:large, max-video-preview:-1\" \/>\n<link rel=\"canonical\" href=\"https:\/\/sinotechgroups.com\/pt\/sinotech-luton-solution-for-different-projects\/\" \/>\n<meta property=\"og:locale\" content=\"pt_BR\" \/>\n<meta property=\"og:type\" content=\"article\" \/>\n<meta property=\"og:title\" content=\"SinoTech Luton Solution for Different Projects\" \/>\n<meta property=\"og:description\" content=\"Sinotech Group offers innovative solutions tailored to meet the diverse needs of various construction and engineering projects. With a strong emphasis on efficiency, safety, and technological advancement, SinoTech Luton provides a range of services and machinery suited for different project types.\u00a0 No matter you are contractor, or just looking for a machine for residential and ... Leia mais\" \/>\n<meta property=\"og:url\" content=\"https:\/\/sinotechgroups.com\/pt\/sinotech-luton-solution-for-different-projects\/\" \/>\n<meta property=\"og:site_name\" content=\"Sinotech Group\" \/>\n<meta property=\"article:modified_time\" content=\"2026-03-23T11:59:02+00:00\" \/>\n<meta property=\"og:image\" content=\"https:\/\/sinotechgroups.com\/wp-content\/uploads\/2026\/03\/excavator.jpg\" \/>\n\t<meta property=\"og:image:width\" content=\"800\" \/>\n\t<meta property=\"og:image:height\" content=\"800\" \/>\n\t<meta property=\"og:image:type\" content=\"image\/jpeg\" \/>\n<meta name=\"twitter:card\" content=\"summary_large_image\" \/>\n<meta name=\"twitter:label1\" content=\"Est. tempo de leitura\" \/>\n\t<meta name=\"twitter:data1\" content=\"3 minutos\" \/>\n<script type=\"application\/ld+json\" class=\"yoast-schema-graph\">{\"@context\":\"https:\\\/\\\/schema.org\",\"@graph\":[{\"@type\":\"WebPage\",\"@id\":\"https:\\\/\\\/sinotechgroups.com\\\/sinotech-luton-solution-for-different-projects\\\/\",\"url\":\"https:\\\/\\\/sinotechgroups.com\\\/sinotech-luton-solution-for-different-projects\\\/\",\"name\":\"SinoTech Luton Solution for Different Projects\",\"isPartOf\":{\"@id\":\"https:\\\/\\\/sinotechgroups.com\\\/#website\"},\"primaryImageOfPage\":{\"@id\":\"https:\\\/\\\/sinotechgroups.com\\\/sinotech-luton-solution-for-different-projects\\\/#primaryimage\"},\"image\":{\"@id\":\"https:\\\/\\\/sinotechgroups.com\\\/sinotech-luton-solution-for-different-projects\\\/#primaryimage\"},\"thumbnailUrl\":\"https:\\\/\\\/sinotechgroups.com\\\/wp-content\\\/uploads\\\/2026\\\/03\\\/excavator.jpg\",\"datePublished\":\"2024-11-27T08:39:43+00:00\",\"dateModified\":\"2026-03-23T11:59:02+00:00\",\"breadcrumb\":{\"@id\":\"https:\\\/\\\/sinotechgroups.com\\\/sinotech-luton-solution-for-different-projects\\\/#breadcrumb\"},\"inLanguage\":\"pt-BR\",\"potentialAction\":[{\"@type\":\"ReadAction\",\"target\":[\"https:\\\/\\\/sinotechgroups.com\\\/sinotech-luton-solution-for-different-projects\\\/\"]}]},{\"@type\":\"ImageObject\",\"inLanguage\":\"pt-BR\",\"@id\":\"https:\\\/\\\/sinotechgroups.com\\\/sinotech-luton-solution-for-different-projects\\\/#primaryimage\",\"url\":\"https:\\\/\\\/sinotechgroups.com\\\/wp-content\\\/uploads\\\/2026\\\/03\\\/excavator.jpg\",\"contentUrl\":\"https:\\\/\\\/sinotechgroups.com\\\/wp-content\\\/uploads\\\/2026\\\/03\\\/excavator.jpg\"},{\"@type\":\"BreadcrumbList\",\"@id\":\"https:\\\/\\\/sinotechgroups.com\\\/sinotech-luton-solution-for-different-projects\\\/#breadcrumb\",\"itemListElement\":[{\"@type\":\"ListItem\",\"position\":1,\"name\":\"Home\",\"item\":\"https:\\\/\\\/sinotechgroups.com\\\/\"},{\"@type\":\"ListItem\",\"position\":2,\"name\":\"Sinotech Group Solutions\"}]},{\"@type\":\"WebSite\",\"@id\":\"https:\\\/\\\/sinotechgroups.com\\\/#website\",\"url\":\"https:\\\/\\\/sinotechgroups.com\\\/\",\"name\":\"Sinotech Group\",\"description\":\"Leading Manufacturer of All Sorts of Construction Machinery\",\"publisher\":{\"@id\":\"https:\\\/\\\/sinotechgroups.com\\\/#organization\"},\"potentialAction\":[{\"@type\":\"SearchAction\",\"target\":{\"@type\":\"EntryPoint\",\"urlTemplate\":\"https:\\\/\\\/sinotechgroups.com\\\/?s={search_term_string}\"},\"query-input\":{\"@type\":\"PropertyValueSpecification\",\"valueRequired\":true,\"valueName\":\"search_term_string\"}}],\"inLanguage\":\"pt-BR\"},{\"@type\":\"Organization\",\"@id\":\"https:\\\/\\\/sinotechgroups.com\\\/#organization\",\"name\":\"Sinotech Group\",\"url\":\"https:\\\/\\\/sinotechgroups.com\\\/\",\"logo\":{\"@type\":\"ImageObject\",\"inLanguage\":\"pt-BR\",\"@id\":\"https:\\\/\\\/sinotechgroups.com\\\/#\\\/schema\\\/logo\\\/image\\\/\",\"url\":\"https:\\\/\\\/sinotechgroups.com\\\/wp-content\\\/uploads\\\/2024\\\/03\\\/cropped-cropped-sinotech-logo-2.png\",\"contentUrl\":\"https:\\\/\\\/sinotechgroups.com\\\/wp-content\\\/uploads\\\/2024\\\/03\\\/cropped-cropped-sinotech-logo-2.png\",\"width\":511,\"height\":285,\"caption\":\"Sinotech Group\"},\"image\":{\"@id\":\"https:\\\/\\\/sinotechgroups.com\\\/#\\\/schema\\\/logo\\\/image\\\/\"}}]}<\/script>\n<!-- \/ Yoast SEO plugin. -->","yoast_head_json":{"title":"Solu\u00e7\u00e3o SinoTech Luton para Diferentes Projetos","robots":{"index":"index","follow":"follow","max-snippet":"max-snippet:-1","max-image-preview":"max-image-preview:large","max-video-preview":"max-video-preview:-1"},"canonical":"https:\/\/sinotechgroups.com\/pt\/sinotech-luton-solution-for-different-projects\/","og_locale":"pt_BR","og_type":"article","og_title":"SinoTech Luton Solution for Different Projects","og_description":"Sinotech Group offers innovative solutions tailored to meet the diverse needs of various construction and engineering projects. With a strong emphasis on efficiency, safety, and technological advancement, SinoTech Luton provides a range of services and machinery suited for different project types.\u00a0 No matter you are contractor, or just looking for a machine for residential and ... Leia mais","og_url":"https:\/\/sinotechgroups.com\/pt\/sinotech-luton-solution-for-different-projects\/","og_site_name":"Sinotech Group","article_modified_time":"2026-03-23T11:59:02+00:00","og_image":[{"width":800,"height":800,"url":"https:\/\/sinotechgroups.com\/wp-content\/uploads\/2026\/03\/excavator.jpg","type":"image\/jpeg"}],"twitter_card":"summary_large_image","twitter_misc":{"Est. tempo de leitura":"3 minutos"},"schema":{"@context":"https:\/\/schema.org","@graph":[{"@type":"WebPage","@id":"https:\/\/sinotechgroups.com\/sinotech-luton-solution-for-different-projects\/","url":"https:\/\/sinotechgroups.com\/sinotech-luton-solution-for-different-projects\/","name":"Solu\u00e7\u00e3o SinoTech Luton para Diferentes Projetos","isPartOf":{"@id":"https:\/\/sinotechgroups.com\/#website"},"primaryImageOfPage":{"@id":"https:\/\/sinotechgroups.com\/sinotech-luton-solution-for-different-projects\/#primaryimage"},"image":{"@id":"https:\/\/sinotechgroups.com\/sinotech-luton-solution-for-different-projects\/#primaryimage"},"thumbnailUrl":"https:\/\/sinotechgroups.com\/wp-content\/uploads\/2026\/03\/excavator.jpg","datePublished":"2024-11-27T08:39:43+00:00","dateModified":"2026-03-23T11:59:02+00:00","breadcrumb":{"@id":"https:\/\/sinotechgroups.com\/sinotech-luton-solution-for-different-projects\/#breadcrumb"},"inLanguage":"pt-BR","potentialAction":[{"@type":"ReadAction","target":["https:\/\/sinotechgroups.com\/sinotech-luton-solution-for-different-projects\/"]}]},{"@type":"ImageObject","inLanguage":"pt-BR","@id":"https:\/\/sinotechgroups.com\/sinotech-luton-solution-for-different-projects\/#primaryimage","url":"https:\/\/sinotechgroups.com\/wp-content\/uploads\/2026\/03\/excavator.jpg","contentUrl":"https:\/\/sinotechgroups.com\/wp-content\/uploads\/2026\/03\/excavator.jpg"},{"@type":"BreadcrumbList","@id":"https:\/\/sinotechgroups.com\/sinotech-luton-solution-for-different-projects\/#breadcrumb","itemListElement":[{"@type":"ListItem","position":1,"name":"Home","item":"https:\/\/sinotechgroups.com\/"},{"@type":"ListItem","position":2,"name":"Sinotech Group Solutions"}]},{"@type":"WebSite","@id":"https:\/\/sinotechgroups.com\/#website","url":"https:\/\/sinotechgroups.com\/","name":"Grupo Sinotech","description":"Fabricante l\u00edder de todos os tipos de m\u00e1quinas de constru\u00e7\u00e3o","publisher":{"@id":"https:\/\/sinotechgroups.com\/#organization"},"potentialAction":[{"@type":"SearchAction","target":{"@type":"EntryPoint","urlTemplate":"https:\/\/sinotechgroups.com\/?s={search_term_string}"},"query-input":{"@type":"PropertyValueSpecification","valueRequired":true,"valueName":"search_term_string"}}],"inLanguage":"pt-BR"},{"@type":"Organization","@id":"https:\/\/sinotechgroups.com\/#organization","name":"Grupo Sinotech","url":"https:\/\/sinotechgroups.com\/","logo":{"@type":"ImageObject","inLanguage":"pt-BR","@id":"https:\/\/sinotechgroups.com\/#\/schema\/logo\/image\/","url":"https:\/\/sinotechgroups.com\/wp-content\/uploads\/2024\/03\/cropped-cropped-sinotech-logo-2.png","contentUrl":"https:\/\/sinotechgroups.com\/wp-content\/uploads\/2024\/03\/cropped-cropped-sinotech-logo-2.png","width":511,"height":285,"caption":"Sinotech Group"},"image":{"@id":"https:\/\/sinotechgroups.com\/#\/schema\/logo\/image\/"}}]}},"_links":{"self":[{"href":"https:\/\/sinotechgroups.com\/pt\/wp-json\/wp\/v2\/pages\/4215","targetHints":{"allow":["GET"]}}],"collection":[{"href":"https:\/\/sinotechgroups.com\/pt\/wp-json\/wp\/v2\/pages"}],"about":[{"href":"https:\/\/sinotechgroups.com\/pt\/wp-json\/wp\/v2\/types\/page"}],"author":[{"embeddable":true,"href":"https:\/\/sinotechgroups.com\/pt\/wp-json\/wp\/v2\/users\/1"}],"replies":[{"embeddable":true,"href":"https:\/\/sinotechgroups.com\/pt\/wp-json\/wp\/v2\/comments?post=4215"}],"version-history":[{"count":18,"href":"https:\/\/sinotechgroups.com\/pt\/wp-json\/wp\/v2\/pages\/4215\/revisions"}],"predecessor-version":[{"id":5998,"href":"https:\/\/sinotechgroups.com\/pt\/wp-json\/wp\/v2\/pages\/4215\/revisions\/5998"}],"wp:attachment":[{"href":"https:\/\/sinotechgroups.com\/pt\/wp-json\/wp\/v2\/media?parent=4215"}],"curies":[{"name":"wp","href":"https:\/\/api.w.org\/{rel}","templated":true}]}}