{"id":5051,"date":"2025-03-25T03:45:38","date_gmt":"2025-03-25T03:45:38","guid":{"rendered":"https:\/\/sinotechgroups.com\/?page_id=5051"},"modified":"2025-09-28T08:34:03","modified_gmt":"2025-09-28T08:34:03","slug":"branch-office-in-tanzania","status":"publish","type":"page","link":"https:\/\/sinotechgroups.com\/pt\/branch-office-in-tanzania\/","title":{"rendered":"Filial em Tanz\u00e2nia"},"content":{"rendered":"<div class=\"gb-container gb-container-5b01f12d\">\n<div class=\"gb-container gb-container-ec3353db\">\n\n<figure class=\"gb-block-image gb-block-image-f94649db\"><img decoding=\"async\" class=\"gb-image gb-image-f94649db\" src=\"https:\/\/sinotechluton.com\/wp-content\/uploads\/2025\/03\/stltg-in-tanzania.jpg\" alt=\"\" title=\"stltg-na-tanz\u00e2nia\"\/><\/figure>\n\n\n\n<h3 class=\"gb-headline gb-headline-00e90cdd gb-headline-text\"><strong>Escrit\u00f3rio-ramo da Tanz\u00e2nia agora aberto<\/strong><\/h3>\n\n\n\n<p>\u00c0 medida que a Tanz\u00e2nia acelera seu desenvolvimento de infraestrutura com projetos como a Ferrovia de Bitola Padr\u00e3o e a Usina Hidrel\u00e9trica Julius Nyerere, torna-se essencial contar com parceiros confi\u00e1veis de equipamentos para constru\u00e7\u00e3o. <\/p>\n\n\n\n<p>Na Sinotech Groups, temos o prazer de anunciar nosso novo escrit\u00f3rio em Dar es Salaam, agora devidamente licenciado \u2014 seu acesso direto a m\u00e1quinas de constru\u00e7\u00e3o de engenharia de ponta e sistemas de concreto adaptados ao clima, agora apoiados localmente por nossa equipe de engenheiros falantes de sua\u00edli.<\/p>\n\n\n\n<h3 class=\"gb-headline gb-headline-34791fdb gb-headline-text\">Visite Nossa Empresa  <\/h3>\n\n\n\n<p>1. <strong><em>Expertise Localizada<\/em><\/strong><\/p>\n\n\n\n<p>Conhe\u00e7a nossa equipe de engenheiros falantes de sua\u00edli, que compreendem:<\/p>\n\n\n\n<ul class=\"wp-block-list\">\n<li>\u2713 Desafios clim\u00e1ticos tropicais na manuten\u00e7\u00e3o de equipamentos<\/li>\n\n\n\n<li>\u2713 Requisitos locais de conformidade regulat\u00f3ria<\/li>\n\n\n\n<li>\u2713 Recomenda\u00e7\u00f5es de configura\u00e7\u00e3o espec\u00edficas para o terreno<\/li>\n\n\n\n<li>\u2713 Apoio ao pagamento mediante carta de cr\u00e9dito<\/li>\n<\/ul>\n\n\n\n<p><em>2. <strong>Personaliza\u00e7\u00e3o de Equipamentos com Prova de Efic\u00e1cia na \u00c1frica<\/strong><\/em><\/p>\n\n\n\n<p>Nossos engenheiros especializados em engenharia tropical demonstrar\u00e3o:<\/p>\n\n\n\n<ul class=\"wp-block-list\">\n<li>\u2713 Atualiza\u00e7\u00f5es para escavadeiras, com estabilizadores refor\u00e7ados para enfrentar os desafios do terreno das Terras Altas de Mufindi<\/li>\n\n\n\n<li>\u2713 Op\u00e7\u00f5es de interface em l\u00edngua sua\u00edli em todos os sistemas de controle de usinas de dosagem<\/li>\n<\/ul>\n\n\n\n<p><em>3. <strong>\u00c1rea de Demonstra\u00e7\u00e3o ao Vivo<\/strong><\/em><\/p>\n\n\n\n<p>Equipamentos de teste operacionais configurados para as condi\u00e7\u00f5es locais:<\/p>\n\n\n\n<figure class=\"gb-block-image gb-block-image-42c12b61\"><img loading=\"lazy\" decoding=\"async\" width=\"1920\" height=\"861\" class=\"gb-image gb-image-42c12b61\" src=\"https:\/\/sinotechluton.com\/wp-content\/uploads\/2024\/11\/sinotech-luton-construction-equipment-solution.jpg\" alt=\"\" title=\"solu\u00e7\u00e3o-sinotech-luton-para-equipamentos-de-constru\u00e7\u00e3o\" srcset=\"https:\/\/sinotechgroups.com\/wp-content\/uploads\/2024\/11\/sinotech-luton-construction-equipment-solution.jpg 1920w, https:\/\/sinotechgroups.com\/wp-content\/uploads\/2024\/11\/sinotech-luton-construction-equipment-solution-300x135.jpg 300w, https:\/\/sinotechgroups.com\/wp-content\/uploads\/2024\/11\/sinotech-luton-construction-equipment-solution-1024x459.jpg 1024w, https:\/\/sinotechgroups.com\/wp-content\/uploads\/2024\/11\/sinotech-luton-construction-equipment-solution-768x344.jpg 768w, https:\/\/sinotechgroups.com\/wp-content\/uploads\/2024\/11\/sinotech-luton-construction-equipment-solution-1536x689.jpg 1536w\" sizes=\"auto, (max-width: 1920px) 100vw, 1920px\" \/><\/figure>\n\n\n\n<figure class=\"gb-block-image gb-block-image-b4f4e900\"><img loading=\"lazy\" decoding=\"async\" width=\"1920\" height=\"861\" class=\"gb-image gb-image-b4f4e900\" src=\"https:\/\/sinotechluton.com\/wp-content\/uploads\/2024\/11\/stltg-earthmoving-equipment-for-sale-solution.jpg\" alt=\"\" title=\"stltg-equipamentos-de-terraplenagem-\u00e0-venda-solu\u00e7\u00e3o\" srcset=\"https:\/\/sinotechgroups.com\/wp-content\/uploads\/2024\/11\/stltg-earthmoving-equipment-for-sale-solution.jpg 1920w, https:\/\/sinotechgroups.com\/wp-content\/uploads\/2024\/11\/stltg-earthmoving-equipment-for-sale-solution-300x135.jpg 300w, https:\/\/sinotechgroups.com\/wp-content\/uploads\/2024\/11\/stltg-earthmoving-equipment-for-sale-solution-1024x459.jpg 1024w, https:\/\/sinotechgroups.com\/wp-content\/uploads\/2024\/11\/stltg-earthmoving-equipment-for-sale-solution-768x344.jpg 768w, https:\/\/sinotechgroups.com\/wp-content\/uploads\/2024\/11\/stltg-earthmoving-equipment-for-sale-solution-1536x689.jpg 1536w\" sizes=\"auto, (max-width: 1920px) 100vw, 1920px\" \/><\/figure>\n\n\n\n<ul class=\"wp-block-list\">\n<li>\u2713 Usina de Concreto \u2013 produ\u00e7\u00e3o de 120 m\u00b3\/h com compensa\u00e7\u00e3o autom\u00e1tica de umidade incorporada<\/li>\n\n\n\n<li>\u2713 Betoneira Auto-Carreg\u00e1vel \u2013 capacidade de 6,5 m\u00b3\/h para misturar agregados e descarregar concreto pronto<\/li>\n\n\n\n<li>\u2713 Carregadeira sobre Rodas \u2013 capacidade elevada de ca\u00e7amba otimizada para agregados de granito em canteiros de minera\u00e7\u00e3o<\/li>\n\n\n\n<li>\u2713 Empilhadeira para Terrenos Irregulares \u2013 capacidade de carga de at\u00e9 10 toneladas com 16 acess\u00f3rios para uso agr\u00edcola e de constru\u00e7\u00e3o<\/li>\n\n\n\n<li>\u2713 Bomba de Concreto \u2013 transporte de concreto para edif\u00edcios de grande altura por meio de tubula\u00e7\u00f5es<\/li>\n\n\n\n<li>\u2713 <strong>Amplia gama de equipamentos pesados para constru\u00e7\u00e3o e equipamentos para britagem de minerais <\/strong>para atender \u00e0s suas necessidades<\/li>\n<\/ul>\n\n\n\n<h3 class=\"gb-headline gb-headline-85659216 gb-headline-text\">Destaque da Hist\u00f3ria de Sucesso Mais Recente: Usina de Concreto<\/h3>\n\n\n\n<figure class=\"gb-block-image gb-block-image-40cf46c0\"><img decoding=\"async\" class=\"gb-image gb-image-40cf46c0\" src=\"https:\/\/sinotechluton.com\/wp-content\/uploads\/2025\/03\/asphlat-plant-in-tanzania.jpg\" alt=\"\" title=\"usina-de-asfalto-na-tanz\u00e2nia\"\/><\/figure>\n\n\n\n<p>Como parte do nosso compromisso com o crescimento da infraestrutura da Tanz\u00e2nia, temos o orgulho de destacar nossa usina estacion\u00e1ria de concreto e usina de asfalto recentemente colocadas em opera\u00e7\u00e3o, que apoiam o projeto de moderniza\u00e7\u00e3o das vias urbanas na Tanz\u00e2nia.<\/p>\n\n\n\n<ul class=\"wp-block-list\">\n<li>\u2713 Alcan\u00e7ado&nbsp;<strong>17% mais r\u00e1pido<\/strong>&nbsp;no processo de pavimenta\u00e7\u00e3o comparado a usinas convencionais<\/li>\n\n\n\n<li>\u2713 Conformidade com normas de emiss\u00f5es (98%) durante interrup\u00e7\u00f5es de energia da TANESCO<\/li>\n\n\n\n<li>\u2713 Sistema dedicado de coleta de poeira em conformidade com os padr\u00f5es da NEMC<\/li>\n<\/ul>\n\n\n\n<h3 class=\"gb-headline gb-headline-8b4db6f5 gb-headline-text\"><strong>Conhe\u00e7a a Equipe Especializada de Vendas e Suporte<\/strong><\/h3>\n\n\n\n<p>No cora\u00e7\u00e3o de nossa opera\u00e7\u00e3o em Dar es Salaam pulsa uma equipe forjada nos locais de trabalho mais desafiadores da \u00c1frica. N\u00e3o vendemos apenas m\u00e1quinas \u2013 transferimos precis\u00e3o de engenharia por meio das m\u00e3os tanzanianas. Oferecemos as melhores solu\u00e7\u00f5es de equipamentos, servi\u00e7o antes e ap\u00f3s a venda, al\u00e9m de pe\u00e7as de reposi\u00e7\u00e3o originais.<\/p>\n\n\n\n<figure class=\"gb-block-image gb-block-image-1c55ae98\"><img loading=\"lazy\" decoding=\"async\" width=\"1920\" height=\"861\" class=\"gb-image gb-image-1c55ae98\" src=\"https:\/\/sinotechluton.com\/wp-content\/uploads\/2025\/01\/why-choose-sinotech-luton.png\" alt=\"\" title=\"Por que escolher a Sinotech Luton\" srcset=\"https:\/\/sinotechgroups.com\/wp-content\/uploads\/2025\/01\/why-choose-sinotech-luton.png 1920w, https:\/\/sinotechgroups.com\/wp-content\/uploads\/2025\/01\/why-choose-sinotech-luton-300x135.png 300w, https:\/\/sinotechgroups.com\/wp-content\/uploads\/2025\/01\/why-choose-sinotech-luton-1024x459.png 1024w, https:\/\/sinotechgroups.com\/wp-content\/uploads\/2025\/01\/why-choose-sinotech-luton-768x344.png 768w, https:\/\/sinotechgroups.com\/wp-content\/uploads\/2025\/01\/why-choose-sinotech-luton-1536x689.png 1536w\" sizes=\"auto, (max-width: 1920px) 100vw, 1920px\" \/><\/figure>\n\n\n\n<p>1. <strong><em>Lideran\u00e7a com Sabedoria Comprovada em Campo<\/em><\/strong><\/p>\n\n\n\n<ul class=\"wp-block-list\">\n<li>\u2713 Amplo experi\u00eancia na manuten\u00e7\u00e3o de equipamentos miner\u00e1rios em 7 pa\u00edses africanos<\/li>\n\n\n\n<li>\u2713 Titular de 3 patentes em adapta\u00e7\u00f5es de sistemas hidr\u00e1ulicos para regi\u00f5es tropicais<\/li>\n\n\n\n<li>\u2713 Dom\u00ednio fluente da terminologia t\u00e9cnica em sua\u00edli e ingl\u00eas<\/li>\n<\/ul>\n\n\n\n<p>2. <strong><strong><em>Suporte Multidimensional<\/em> <\/strong><\/strong><\/p>\n\n\n\n<ul class=\"wp-block-list\">\n<li>\u2713 Resposta de emerg\u00eancia em 4 horas em Dar es Salaam\/Morogoro\/Arusha<\/li>\n\n\n\n<li>\u2713 Listas de verifica\u00e7\u00e3o bil\u00edngues que garantem relat\u00f3rios precisos de falhas em su\u00e1ili e ingl\u00eas<\/li>\n\n\n\n<li>\u2713 An\u00e1lise de ROI personalizada conforme os pre\u00e7os dos combust\u00edveis e os custos trabalhistas na Tanz\u00e2nia<\/li>\n\n\n\n<li>\u2713 Monitoramento em tempo real das unidades de equipamentos ativos em toda a Tanz\u00e2nia<\/li>\n<\/ul>\n\n\n\n<p>3. <strong><em>Reuni\u00e3o de Atendimento<\/em><\/strong><\/p>\n\n\n\n<p>De acordo com a etiqueta comercial tanzaniana, todas as reuni\u00f5es incluir\u00e3o:<\/p>\n\n\n\n<ul class=\"wp-block-list\">\n<li>\u2713 Caf\u00e9 tanzaniano mo\u00eddo na hora no local<\/li>\n\n\n\n<li>\u2713 Pauta impressa (bilingue em ingl\u00eas\/su\u00e1ili)<\/li>\n\n\n\n<li>\u2713 Memorando escrito de acompanhamento ap\u00f3s a reuni\u00e3o<\/li>\n<\/ul>\n\n\n\n<p>Comprometemo-nos:<\/p>\n\n\n\n<ul class=\"wp-block-list\">\n<li>\u2713 Todos os contratos oferecer\u00e3o canais de consultoria jur\u00eddica em sua\u00edli<\/li>\n\n\n\n<li>\u2713 Ajustar os hor\u00e1rios de atendimento durante o Ramad\u00e3<\/li>\n\n\n\n<li>\u2713 10% dos lucros ser\u00e1 investido na capacita\u00e7\u00e3o de t\u00e9cnicos locais<\/li>\n<\/ul>\n\n\n\n<p><strong>Uma Mensagem do nosso L\u00edder Regional<\/strong>:<\/p>\n\n\n\n<blockquote class=\"wp-block-quote is-layout-flow wp-block-quote-is-layout-flow\">\n<p><em>\u201cQuando ajudamos a construir edif\u00edcios civis na Arg\u00e9lia, o que fez a diferen\u00e7a n\u00e3o foi apenas a varia\u00e7\u00e3o de consist\u00eancia do concreto de 0,5% das nossas usinas de concreto \u2013 foi beber macchiato com engenheiros \u00e0s 2h da manh\u00e3, resolvendo problemas juntos. \u00c9 essa parceria que estamos levando \u00e0 Tanz\u00e2nia.\u2019<\/em><br>\u2014&nbsp;<strong><em>Sr. Zh<\/em>ang<\/strong>, Diretor de Opera\u00e7\u00f5es na \u00c1frica Oriental<\/p>\n<\/blockquote>\n\n\n\n<h3 class=\"gb-headline gb-headline-7297ac34 gb-headline-text\"><strong>Conex\u00e3o Imediata<\/strong><\/h3>\n\n\n\n<p>Endere\u00e7o: Caixa Postal 71482, Praia de Mbezi, Rua Kibaki, Lote n\u00ba 238, Dar es Salaam, Tanz\u00e2nia<\/p>\n\n\n\n<p>Telefone: +255756256789<\/p>\n\n\n\n<p>WhatsApp: +255756256789<\/p>\n\n\n\n<p>E-mail:<a href=\"mailto:inquiry@sinotechgroups.com\"> inquiry@sinotechgroups.com<\/a> \/ <a href=\"mailto:sales08@sinotechgroups.com\">sales08@sinotechgroups.com<\/a><\/p>\n\n\n\n<ul class=\"wp-block-list\">\n<li>\u2713 Avalia\u00e7\u00e3o gratuita do estado dos equipamentos<\/li>\n\n\n\n<li>\u2713 Convites VIP para oficinas t\u00e9cnicas trimestrais<\/li>\n<\/ul>\n\n\n\n<p><em><strong>Bem-vindo ao nosso escrit\u00f3rio \u2013 Estamos prontos para desenvolver os seus projetos<\/strong><\/em>\uff01<\/p>\n\n\n<div class=\"gb-container gb-container-60f7e28e\">\n\n<a class=\"gb-button gb-button-4bd9b741 gb-button-text\" href=\"#popmake-842\">Entre em contato com a nossa equipe agora<\/a>\n\n<\/div>\n<\/div>\n<\/div>","protected":false},"excerpt":{"rendered":"<p>Escrit\u00f3rio-ramo na Tanz\u00e2nia agora aberto: \u00c0 medida que a Tanz\u00e2nia acelera seu desenvolvimento de infraestrutura com projetos como a Ferrovia de Bitola Padr\u00e3o e a Usina Hidrel\u00e9trica Julius Nyerere, torna-se essencial contar com parceiros confi\u00e1veis de equipamentos para constru\u00e7\u00e3o. Na Sinotech Groups, temos o prazer de anunciar nosso novo escrit\u00f3rio-ramo em Dar es Salaam, licenciado recentemente \u2013 seu acesso direto a m\u00e1quinas de constru\u00e7\u00e3o de engenharia de ponta e \u2026 <a title=\"Filial em Tanz\u00e2nia\" class=\"read-more\" href=\"https:\/\/sinotechgroups.com\/pt\/branch-office-in-tanzania\/\" aria-label=\"Saiba mais sobre o escrit\u00f3rio-ramo na Tanz\u00e2nia\">Leia mais<\/a><\/p>","protected":false},"author":1,"featured_media":0,"parent":0,"menu_order":0,"comment_status":"closed","ping_status":"closed","template":"","meta":{"footnotes":""},"class_list":["post-5051","page","type-page","status-publish"],"yoast_head":"<!-- This site is optimized with the Yoast SEO plugin v27.4 - https:\/\/yoast.com\/product\/yoast-seo-wordpress\/ -->\n<title>Welcom to Visit Our Company in Tanzania<\/title>\n<meta name=\"description\" content=\"We\u2019re excited to announce our newly licensed Dar es Salaam branch \u2013 your direct access to top-notch-engineered construction machinery and climate-adaptive concrete systems, now locally supported by our Swahili-speaking engineering team.\" \/>\n<meta name=\"robots\" content=\"index, follow, max-snippet:-1, max-image-preview:large, max-video-preview:-1\" \/>\n<link rel=\"canonical\" href=\"https:\/\/sinotechgroups.com\/pt\/branch-office-in-tanzania\/\" \/>\n<meta property=\"og:locale\" content=\"pt_BR\" \/>\n<meta property=\"og:type\" content=\"article\" \/>\n<meta property=\"og:title\" content=\"Welcom to Visit Our Company in Tanzania\" \/>\n<meta property=\"og:description\" content=\"We\u2019re excited to announce our newly licensed Dar es Salaam branch \u2013 your direct access to top-notch-engineered construction machinery and climate-adaptive concrete systems, now locally supported by our Swahili-speaking engineering team.\" \/>\n<meta property=\"og:url\" content=\"https:\/\/sinotechgroups.com\/pt\/branch-office-in-tanzania\/\" \/>\n<meta property=\"og:site_name\" content=\"Sinotech Group\" \/>\n<meta property=\"article:modified_time\" content=\"2025-09-28T08:34:03+00:00\" \/>\n<meta property=\"og:image\" content=\"https:\/\/sinotechluton.com\/wp-content\/uploads\/2025\/03\/stltg-in-tanzania.jpg\" \/>\n<meta name=\"twitter:card\" content=\"summary_large_image\" \/>\n<meta name=\"twitter:label1\" content=\"Est. tempo de leitura\" \/>\n\t<meta name=\"twitter:data1\" content=\"4 minutos\" \/>\n<script type=\"application\/ld+json\" class=\"yoast-schema-graph\">{\"@context\":\"https:\\\/\\\/schema.org\",\"@graph\":[{\"@type\":\"WebPage\",\"@id\":\"https:\\\/\\\/sinotechgroups.com\\\/branch-office-in-tanzania\\\/\",\"url\":\"https:\\\/\\\/sinotechgroups.com\\\/branch-office-in-tanzania\\\/\",\"name\":\"Welcom to Visit Our Company in Tanzania\",\"isPartOf\":{\"@id\":\"https:\\\/\\\/sinotechgroups.com\\\/#website\"},\"primaryImageOfPage\":{\"@id\":\"https:\\\/\\\/sinotechgroups.com\\\/branch-office-in-tanzania\\\/#primaryimage\"},\"image\":{\"@id\":\"https:\\\/\\\/sinotechgroups.com\\\/branch-office-in-tanzania\\\/#primaryimage\"},\"thumbnailUrl\":\"https:\\\/\\\/sinotechluton.com\\\/wp-content\\\/uploads\\\/2025\\\/03\\\/stltg-in-tanzania.jpg\",\"datePublished\":\"2025-03-25T03:45:38+00:00\",\"dateModified\":\"2025-09-28T08:34:03+00:00\",\"description\":\"We\u2019re excited to announce our newly licensed Dar es Salaam branch \u2013 your direct access to top-notch-engineered construction machinery and climate-adaptive concrete systems, now locally supported by our Swahili-speaking engineering team.\",\"breadcrumb\":{\"@id\":\"https:\\\/\\\/sinotechgroups.com\\\/branch-office-in-tanzania\\\/#breadcrumb\"},\"inLanguage\":\"pt-BR\",\"potentialAction\":[{\"@type\":\"ReadAction\",\"target\":[\"https:\\\/\\\/sinotechgroups.com\\\/branch-office-in-tanzania\\\/\"]}]},{\"@type\":\"ImageObject\",\"inLanguage\":\"pt-BR\",\"@id\":\"https:\\\/\\\/sinotechgroups.com\\\/branch-office-in-tanzania\\\/#primaryimage\",\"url\":\"https:\\\/\\\/sinotechluton.com\\\/wp-content\\\/uploads\\\/2025\\\/03\\\/stltg-in-tanzania.jpg\",\"contentUrl\":\"https:\\\/\\\/sinotechluton.com\\\/wp-content\\\/uploads\\\/2025\\\/03\\\/stltg-in-tanzania.jpg\"},{\"@type\":\"BreadcrumbList\",\"@id\":\"https:\\\/\\\/sinotechgroups.com\\\/branch-office-in-tanzania\\\/#breadcrumb\",\"itemListElement\":[{\"@type\":\"ListItem\",\"position\":1,\"name\":\"Home\",\"item\":\"https:\\\/\\\/sinotechgroups.com\\\/\"},{\"@type\":\"ListItem\",\"position\":2,\"name\":\"Branch Office in Tanzania\"}]},{\"@type\":\"WebSite\",\"@id\":\"https:\\\/\\\/sinotechgroups.com\\\/#website\",\"url\":\"https:\\\/\\\/sinotechgroups.com\\\/\",\"name\":\"Sinotech Group\",\"description\":\"Leading Manufacturer of All Sorts of Construction Machinery\",\"publisher\":{\"@id\":\"https:\\\/\\\/sinotechgroups.com\\\/#organization\"},\"potentialAction\":[{\"@type\":\"SearchAction\",\"target\":{\"@type\":\"EntryPoint\",\"urlTemplate\":\"https:\\\/\\\/sinotechgroups.com\\\/?s={search_term_string}\"},\"query-input\":{\"@type\":\"PropertyValueSpecification\",\"valueRequired\":true,\"valueName\":\"search_term_string\"}}],\"inLanguage\":\"pt-BR\"},{\"@type\":\"Organization\",\"@id\":\"https:\\\/\\\/sinotechgroups.com\\\/#organization\",\"name\":\"Sinotech Group\",\"url\":\"https:\\\/\\\/sinotechgroups.com\\\/\",\"logo\":{\"@type\":\"ImageObject\",\"inLanguage\":\"pt-BR\",\"@id\":\"https:\\\/\\\/sinotechgroups.com\\\/#\\\/schema\\\/logo\\\/image\\\/\",\"url\":\"https:\\\/\\\/sinotechgroups.com\\\/wp-content\\\/uploads\\\/2024\\\/03\\\/cropped-cropped-sinotech-logo-2.png\",\"contentUrl\":\"https:\\\/\\\/sinotechgroups.com\\\/wp-content\\\/uploads\\\/2024\\\/03\\\/cropped-cropped-sinotech-logo-2.png\",\"width\":511,\"height\":285,\"caption\":\"Sinotech Group\"},\"image\":{\"@id\":\"https:\\\/\\\/sinotechgroups.com\\\/#\\\/schema\\\/logo\\\/image\\\/\"}}]}<\/script>\n<!-- \/ Yoast SEO plugin. -->","yoast_head_json":{"title":"Bem-vindo \u00e0 visita \u00e0 nossa empresa na Tanz\u00e2nia","description":"Temos o prazer de anunciar nossa nova filial em Dar es Salaam, rec\u00e9m-licenciada \u2013 seu acesso direto a m\u00e1quinas de constru\u00e7\u00e3o de alta engenharia e sistemas de concreto adaptados ao clima, agora com suporte local da nossa equipe de engenheiros que fala sua l\u00edngua, o swahili.","robots":{"index":"index","follow":"follow","max-snippet":"max-snippet:-1","max-image-preview":"max-image-preview:large","max-video-preview":"max-video-preview:-1"},"canonical":"https:\/\/sinotechgroups.com\/pt\/branch-office-in-tanzania\/","og_locale":"pt_BR","og_type":"article","og_title":"Welcom to Visit Our Company in Tanzania","og_description":"We\u2019re excited to announce our newly licensed Dar es Salaam branch \u2013 your direct access to top-notch-engineered construction machinery and climate-adaptive concrete systems, now locally supported by our Swahili-speaking engineering team.","og_url":"https:\/\/sinotechgroups.com\/pt\/branch-office-in-tanzania\/","og_site_name":"Sinotech Group","article_modified_time":"2025-09-28T08:34:03+00:00","og_image":[{"url":"https:\/\/sinotechluton.com\/wp-content\/uploads\/2025\/03\/stltg-in-tanzania.jpg","type":"","width":"","height":""}],"twitter_card":"summary_large_image","twitter_misc":{"Est. tempo de leitura":"4 minutos"},"schema":{"@context":"https:\/\/schema.org","@graph":[{"@type":"WebPage","@id":"https:\/\/sinotechgroups.com\/branch-office-in-tanzania\/","url":"https:\/\/sinotechgroups.com\/branch-office-in-tanzania\/","name":"Bem-vindo \u00e0 visita \u00e0 nossa empresa na Tanz\u00e2nia","isPartOf":{"@id":"https:\/\/sinotechgroups.com\/#website"},"primaryImageOfPage":{"@id":"https:\/\/sinotechgroups.com\/branch-office-in-tanzania\/#primaryimage"},"image":{"@id":"https:\/\/sinotechgroups.com\/branch-office-in-tanzania\/#primaryimage"},"thumbnailUrl":"https:\/\/sinotechluton.com\/wp-content\/uploads\/2025\/03\/stltg-in-tanzania.jpg","datePublished":"2025-03-25T03:45:38+00:00","dateModified":"2025-09-28T08:34:03+00:00","description":"Temos o prazer de anunciar nossa nova filial em Dar es Salaam, rec\u00e9m-licenciada \u2013 seu acesso direto a m\u00e1quinas de constru\u00e7\u00e3o de alta engenharia e sistemas de concreto adaptados ao clima, agora com suporte local da nossa equipe de engenheiros que fala sua l\u00edngua, o swahili.","breadcrumb":{"@id":"https:\/\/sinotechgroups.com\/branch-office-in-tanzania\/#breadcrumb"},"inLanguage":"pt-BR","potentialAction":[{"@type":"ReadAction","target":["https:\/\/sinotechgroups.com\/branch-office-in-tanzania\/"]}]},{"@type":"ImageObject","inLanguage":"pt-BR","@id":"https:\/\/sinotechgroups.com\/branch-office-in-tanzania\/#primaryimage","url":"https:\/\/sinotechluton.com\/wp-content\/uploads\/2025\/03\/stltg-in-tanzania.jpg","contentUrl":"https:\/\/sinotechluton.com\/wp-content\/uploads\/2025\/03\/stltg-in-tanzania.jpg"},{"@type":"BreadcrumbList","@id":"https:\/\/sinotechgroups.com\/branch-office-in-tanzania\/#breadcrumb","itemListElement":[{"@type":"ListItem","position":1,"name":"Home","item":"https:\/\/sinotechgroups.com\/"},{"@type":"ListItem","position":2,"name":"Branch Office in Tanzania"}]},{"@type":"WebSite","@id":"https:\/\/sinotechgroups.com\/#website","url":"https:\/\/sinotechgroups.com\/","name":"Grupo Sinotech","description":"Fabricante l\u00edder de todos os tipos de m\u00e1quinas de constru\u00e7\u00e3o","publisher":{"@id":"https:\/\/sinotechgroups.com\/#organization"},"potentialAction":[{"@type":"SearchAction","target":{"@type":"EntryPoint","urlTemplate":"https:\/\/sinotechgroups.com\/?s={search_term_string}"},"query-input":{"@type":"PropertyValueSpecification","valueRequired":true,"valueName":"search_term_string"}}],"inLanguage":"pt-BR"},{"@type":"Organization","@id":"https:\/\/sinotechgroups.com\/#organization","name":"Grupo Sinotech","url":"https:\/\/sinotechgroups.com\/","logo":{"@type":"ImageObject","inLanguage":"pt-BR","@id":"https:\/\/sinotechgroups.com\/#\/schema\/logo\/image\/","url":"https:\/\/sinotechgroups.com\/wp-content\/uploads\/2024\/03\/cropped-cropped-sinotech-logo-2.png","contentUrl":"https:\/\/sinotechgroups.com\/wp-content\/uploads\/2024\/03\/cropped-cropped-sinotech-logo-2.png","width":511,"height":285,"caption":"Sinotech Group"},"image":{"@id":"https:\/\/sinotechgroups.com\/#\/schema\/logo\/image\/"}}]}},"_links":{"self":[{"href":"https:\/\/sinotechgroups.com\/pt\/wp-json\/wp\/v2\/pages\/5051","targetHints":{"allow":["GET"]}}],"collection":[{"href":"https:\/\/sinotechgroups.com\/pt\/wp-json\/wp\/v2\/pages"}],"about":[{"href":"https:\/\/sinotechgroups.com\/pt\/wp-json\/wp\/v2\/types\/page"}],"author":[{"embeddable":true,"href":"https:\/\/sinotechgroups.com\/pt\/wp-json\/wp\/v2\/users\/1"}],"replies":[{"embeddable":true,"href":"https:\/\/sinotechgroups.com\/pt\/wp-json\/wp\/v2\/comments?post=5051"}],"version-history":[{"count":4,"href":"https:\/\/sinotechgroups.com\/pt\/wp-json\/wp\/v2\/pages\/5051\/revisions"}],"predecessor-version":[{"id":5436,"href":"https:\/\/sinotechgroups.com\/pt\/wp-json\/wp\/v2\/pages\/5051\/revisions\/5436"}],"wp:attachment":[{"href":"https:\/\/sinotechgroups.com\/pt\/wp-json\/wp\/v2\/media?parent=5051"}],"curies":[{"name":"wp","href":"https:\/\/api.w.org\/{rel}","templated":true}]}}