{"id":4215,"date":"2024-11-27T08:39:43","date_gmt":"2024-11-27T08:39:43","guid":{"rendered":"http:\/\/sinotechgroups.com\/?page_id=4215"},"modified":"2026-03-23T19:59:02","modified_gmt":"2026-03-23T11:59:02","slug":"sinotech-luton-solution-for-different-projects","status":"publish","type":"page","link":"https:\/\/sinotechgroups.com\/tr\/sinotech-luton-solution-for-different-projects\/","title":{"rendered":"Sinotech Group Solutions"},"content":{"rendered":"<div class=\"gb-container gb-container-e7ed63de\">\n<div class=\"gb-container gb-container-9fec67bb\">\n\n<p class=\"gb-text\">Sinotech Group offers innovative solutions tailored to meet the diverse needs of various construction and engineering projects. With a strong emphasis on efficiency, safety, and technological advancement, SinoTech Luton provides a range of services and machinery suited for different project types.\u00a0<\/p>\n\n\n\n<p class=\"gb-text\">No matter you are contractor, or just looking for a machine for residential and civil use, you can always find the best combination solution here! Just tell us your needs or basic project requirements, our team will offer you professional advice!<\/p>\n\n\n\n<div class=\"gb-element-2bca4213\">\n<div class=\"gb-element-1cd5acb4\">\n<div>\n<figure class=\"wp-block-image size-full is-style-default\"><img loading=\"lazy\" decoding=\"async\" width=\"800\" height=\"800\" src=\"https:\/\/sinotechgroups.com\/wp-content\/uploads\/2026\/03\/excavator.jpg\" alt=\"\" class=\"wp-image-5630\" srcset=\"https:\/\/sinotechgroups.com\/wp-content\/uploads\/2026\/03\/excavator.jpg 800w, https:\/\/sinotechgroups.com\/wp-content\/uploads\/2026\/03\/excavator-300x300.jpg 300w, https:\/\/sinotechgroups.com\/wp-content\/uploads\/2026\/03\/excavator-150x150.jpg 150w, https:\/\/sinotechgroups.com\/wp-content\/uploads\/2026\/03\/excavator-768x768.jpg 768w\" sizes=\"auto, (max-width: 800px) 100vw, 800px\" \/><\/figure>\n<\/div>\n\n\n\n<figure class=\"wp-block-embed is-type-wp-embed is-provider-sinotech-group wp-block-embed-sinotech-group\"><div class=\"wp-block-embed__wrapper\">\n<blockquote class=\"wp-embedded-content\" data-secret=\"REwt5Gdw6Y\"><a href=\"https:\/\/sinotechgroups.com\/tr\/earthmoving-equipment-solution\/\">Toprak \u0130\u015f Makineleri \u00c7\u00f6z\u00fcm\u00fc<\/a><\/blockquote><iframe loading=\"lazy\" class=\"wp-embedded-content\" sandbox=\"allow-scripts\" security=\"restricted\" style=\"position: absolute; visibility: hidden;\" title=\"&#8220;Earthmoving Equipment Solution&#8221; &#8212; SinoTech Group\" src=\"https:\/\/sinotechgroups.com\/earthmoving-equipment-solution\/embed\/#?secret=Eje5qZTToV#?secret=REwt5Gdw6Y\" data-secret=\"REwt5Gdw6Y\" width=\"600\" height=\"338\" frameborder=\"0\" marginwidth=\"0\" marginheight=\"0\" scrolling=\"no\"><\/iframe>\n<\/div><\/figure>\n<\/div>\n\n\n\n<div class=\"gb-element-923f8cf5\">\n<div>\n<figure class=\"wp-block-image size-full is-style-default\"><img loading=\"lazy\" decoding=\"async\" width=\"800\" height=\"800\" src=\"https:\/\/sinotechgroups.com\/wp-content\/uploads\/2026\/03\/crushing-plant-sinotech-group-fleet.jpg\" alt=\"\" class=\"wp-image-5710\" srcset=\"https:\/\/sinotechgroups.com\/wp-content\/uploads\/2026\/03\/crushing-plant-sinotech-group-fleet.jpg 800w, https:\/\/sinotechgroups.com\/wp-content\/uploads\/2026\/03\/crushing-plant-sinotech-group-fleet-300x300.jpg 300w, https:\/\/sinotechgroups.com\/wp-content\/uploads\/2026\/03\/crushing-plant-sinotech-group-fleet-150x150.jpg 150w, https:\/\/sinotechgroups.com\/wp-content\/uploads\/2026\/03\/crushing-plant-sinotech-group-fleet-768x768.jpg 768w\" sizes=\"auto, (max-width: 800px) 100vw, 800px\" \/><\/figure>\n<\/div>\n\n\n\n<figure class=\"wp-block-embed is-type-wp-embed is-provider-sinotech-group wp-block-embed-sinotech-group\"><div class=\"wp-block-embed__wrapper\">\n<blockquote class=\"wp-embedded-content\" data-secret=\"sY0I4LXrIG\"><a href=\"https:\/\/sinotechgroups.com\/tr\/crushing-and-screening-equipment-solution\/\">K\u0131rma ve Eleme Ekipmanlar\u0131 \u00c7\u00f6z\u00fcm\u00fc<\/a><\/blockquote><iframe loading=\"lazy\" class=\"wp-embedded-content\" sandbox=\"allow-scripts\" security=\"restricted\" style=\"position: absolute; visibility: hidden;\" title=\"&#8220;Crushing and Screening Equipment Solution&#8221; &#8212; SinoTech Group\" src=\"https:\/\/sinotechgroups.com\/crushing-and-screening-equipment-solution\/embed\/#?secret=Wzjj3bnCE5#?secret=sY0I4LXrIG\" data-secret=\"sY0I4LXrIG\" width=\"600\" height=\"338\" frameborder=\"0\" marginwidth=\"0\" marginheight=\"0\" scrolling=\"no\"><\/iframe>\n<\/div><\/figure>\n<\/div>\n\n\n\n<div class=\"gb-element-c53df5eb\">\n<div>\n<figure class=\"wp-block-image size-full is-style-default\"><img loading=\"lazy\" decoding=\"async\" width=\"800\" height=\"800\" src=\"https:\/\/sinotechgroups.com\/wp-content\/uploads\/2026\/03\/LB1000-asphalt-plant-fleet-stltg.jpg\" alt=\"\" class=\"wp-image-5711\" srcset=\"https:\/\/sinotechgroups.com\/wp-content\/uploads\/2026\/03\/LB1000-asphalt-plant-fleet-stltg.jpg 800w, https:\/\/sinotechgroups.com\/wp-content\/uploads\/2026\/03\/LB1000-asphalt-plant-fleet-stltg-300x300.jpg 300w, https:\/\/sinotechgroups.com\/wp-content\/uploads\/2026\/03\/LB1000-asphalt-plant-fleet-stltg-150x150.jpg 150w, https:\/\/sinotechgroups.com\/wp-content\/uploads\/2026\/03\/LB1000-asphalt-plant-fleet-stltg-768x768.jpg 768w\" sizes=\"auto, (max-width: 800px) 100vw, 800px\" \/><\/figure>\n<\/div>\n\n\n\n<figure class=\"wp-block-embed is-type-wp-embed is-provider-sinotech-group wp-block-embed-sinotech-group\"><div class=\"wp-block-embed__wrapper\">\n<blockquote class=\"wp-embedded-content\" data-secret=\"IrMN67ss9S\"><a href=\"https:\/\/sinotechgroups.com\/tr\/construction-project-solution\/\">\u0130n\u015faat Projesi \u00c7\u00f6z\u00fcm\u00fc<\/a><\/blockquote><iframe loading=\"lazy\" class=\"wp-embedded-content\" sandbox=\"allow-scripts\" security=\"restricted\" style=\"position: absolute; visibility: hidden;\" title=\"&#8220;Construction Project Solution&#8221; &#8212; SinoTech Group\" src=\"https:\/\/sinotechgroups.com\/construction-project-solution\/embed\/#?secret=3NHiqkigm7#?secret=IrMN67ss9S\" data-secret=\"IrMN67ss9S\" width=\"600\" height=\"338\" frameborder=\"0\" marginwidth=\"0\" marginheight=\"0\" scrolling=\"no\"><\/iframe>\n<\/div><\/figure>\n<\/div>\n\n\n\n<div class=\"gb-element-02622bf9\">\n<div>\n<figure class=\"wp-block-image size-full is-style-default\"><img loading=\"lazy\" decoding=\"async\" width=\"800\" height=\"800\" src=\"https:\/\/sinotechgroups.com\/wp-content\/uploads\/2026\/03\/concrete-plant-sinotech-group-fleet.jpg\" alt=\"\" class=\"wp-image-5709\" srcset=\"https:\/\/sinotechgroups.com\/wp-content\/uploads\/2026\/03\/concrete-plant-sinotech-group-fleet.jpg 800w, https:\/\/sinotechgroups.com\/wp-content\/uploads\/2026\/03\/concrete-plant-sinotech-group-fleet-300x300.jpg 300w, https:\/\/sinotechgroups.com\/wp-content\/uploads\/2026\/03\/concrete-plant-sinotech-group-fleet-150x150.jpg 150w, https:\/\/sinotechgroups.com\/wp-content\/uploads\/2026\/03\/concrete-plant-sinotech-group-fleet-768x768.jpg 768w\" sizes=\"auto, (max-width: 800px) 100vw, 800px\" \/><\/figure>\n<\/div>\n\n\n\n<figure class=\"wp-block-embed is-type-wp-embed is-provider-sinotech-group wp-block-embed-sinotech-group\"><div class=\"wp-block-embed__wrapper\">\n<blockquote class=\"wp-embedded-content\" data-secret=\"EPYe2Llu13\"><a href=\"https:\/\/sinotechgroups.com\/tr\/concrete-mixing-and-pumping-solution\/\">Beton Kar\u0131\u015ft\u0131rma ve Pompa \u00c7\u00f6z\u00fcm\u00fc<\/a><\/blockquote><iframe loading=\"lazy\" class=\"wp-embedded-content\" sandbox=\"allow-scripts\" security=\"restricted\" style=\"position: absolute; visibility: hidden;\" title=\"&#8220;Concrete Mixing and Pumping Solution&#8221; &#8212; SinoTech Group\" src=\"https:\/\/sinotechgroups.com\/concrete-mixing-and-pumping-solution\/embed\/#?secret=TL25riu4El#?secret=EPYe2Llu13\" data-secret=\"EPYe2Llu13\" width=\"600\" height=\"338\" frameborder=\"0\" marginwidth=\"0\" marginheight=\"0\" scrolling=\"no\"><\/iframe>\n<\/div><\/figure>\n<\/div>\n<\/div>\n\n<\/div>\n<\/div>\n\n<div class=\"gb-container gb-container-c00ac0f5\">\n<div class=\"gb-container gb-container-5405ad0e\">\n\n<h2 class=\"gb-headline gb-headline-7421b8d6 gb-headline-text\">Why Choose Sinotech Group? <\/h2>\n\n\n\n<figure class=\"gb-block-image gb-block-image-39acce0e\"><img loading=\"lazy\" decoding=\"async\" width=\"1920\" height=\"861\" class=\"gb-image gb-image-39acce0e\" src=\"http:\/\/sinotechgroups.com\/wp-content\/uploads\/2025\/01\/why-choose-sinotech-luton.png\" alt=\"\" title=\"Neden Sinotech Luton\u2019u Se\u00e7melisiniz\" srcset=\"https:\/\/sinotechgroups.com\/wp-content\/uploads\/2025\/01\/why-choose-sinotech-luton.png 1920w, https:\/\/sinotechgroups.com\/wp-content\/uploads\/2025\/01\/why-choose-sinotech-luton-300x135.png 300w, https:\/\/sinotechgroups.com\/wp-content\/uploads\/2025\/01\/why-choose-sinotech-luton-1024x459.png 1024w, https:\/\/sinotechgroups.com\/wp-content\/uploads\/2025\/01\/why-choose-sinotech-luton-768x344.png 768w, https:\/\/sinotechgroups.com\/wp-content\/uploads\/2025\/01\/why-choose-sinotech-luton-1536x689.png 1536w\" sizes=\"auto, (max-width: 1920px) 100vw, 1920px\" \/><\/figure>\n\n\n\n<h3 class=\"gb-headline gb-headline-e40a6559 gb-headline-text\">Sat\u0131\u015f \u00d6ncesi Hizmet<\/h3>\n\n\n\n<p>M\u00fc\u015fterilere 24 saatlik teknik dan\u0131\u015fmanl\u0131k ve hizmet sa\u011flar; m\u00fc\u015fterilerin sorular\u0131n\u0131 zaman\u0131nda, sab\u0131rla ve tutkuyla cevaplar; \u00fcr\u00fcn\u00fcn performans ve \u00f6zelliklerini m\u00fc\u015fteriye ayr\u0131nt\u0131l\u0131 olarak a\u00e7\u0131klar.<\/p>\n\n\n\n<p>M\u00fc\u015fterilere, makineyi sat\u0131n almadan \u00f6nce m\u00fc\u015ft\u00fcrilerin sundu\u011fu ilgili bilgilere g\u00f6re se\u00e7im hizmeti sunun ve yat\u0131r\u0131m maliyetini ve yat\u0131r\u0131m getirisini kontrol ederek hesaplayarak \u00fcr\u00fcn\u00fcn m\u00fc\u015fteri taraf\u0131ndan memnuniyetle kabul edilmesini ve sorunsuz \u00e7al\u0131\u015fmas\u0131n\u0131 sa\u011flay\u0131n.<br>M\u00fc\u015fterilere, yat\u0131r\u0131m maliyetini ve yat\u0131r\u0131m getirisini kontrol ederek hesaplayarak \u00fcr\u00fcn\u00fcn m\u00fc\u015fteri taraf\u0131ndan memnuniyetle kabul edilmesini ve sorunsuz \u00e7al\u0131\u015fmas\u0131n\u0131 sa\u011flay\u0131n.<br>M\u00fc\u015fterilere, yat\u0131r\u0131m maliyetini ve yat\u0131r\u0131m getirisini kontrol ederek hesaplayarak \u00fcr\u00fcn\u00fcn m\u00fc\u015fteri taraf\u0131ndan memnuniyetle kabul edilmesini ve sorunsuz \u00e7al\u0131\u015fmas\u0131n\u0131 sa\u011flay\u0131n.<\/p>\n\n\n\n<p>\u0130n\u015faat sahas\u0131n\u0131 incelemek ve planlamak amac\u0131yla m\u00fchendislik teknisyenlerini g\u00f6revlendirin ve istasyon i\u00e7in optimize edilmi\u015f ve makul bir in\u015faat \u015femas\u0131 sunun.<br>\u0130stasyon i\u00e7in optimize edilmi\u015f ve makul bir in\u015faat \u015femas\u0131 sunun.<\/p>\n\n\n\n<h3 class=\"gb-headline gb-headline-04424461 gb-headline-text\">Sat\u0131\u015f S\u00fcrecinde Hizmet<\/h3>\n\n\n\n<p>Detayl\u0131 in\u015faat \u015femas\u0131 ve prosed\u00fcr\u00fc haz\u0131rlamada destek olun, teknik verileri sa\u011flay\u0131n ve temel in\u015faat\u0131n\u0131n yap\u0131lmas\u0131na rehberlik edin.<\/p>\n\n\n\n<p>Deneyimli m\u00fchendislik teknisyenlerini g\u00f6revlendirerek kurulumu, ayarlamay\u0131 ve deneme \u00e7al\u0131\u015ft\u0131rmas\u0131n\u0131 sahada y\u00f6nlendirin; ekipman\u0131n normal \u015fekilde \u00e7al\u0131\u015fabilmesi sa\u011flanana kadar bu s\u00fcre\u00e7 devam etsin.<\/p>\n\n\n\n<p>Ekipman\u0131n i\u015fletim ve bak\u0131m personeli i\u00e7in \u00fccretsiz teknik e\u011fitim uygulay\u0131n; b\u00f6ylece personel ekipman\u0131 ba\u011f\u0131ms\u0131z ve uzmanca kullanabilsin ve ekipman \u00e7al\u0131\u015f\u0131rken olu\u015fan ar\u0131zalar\u0131 giderme yetene\u011fine sahip olsun.<\/p>\n\n\n\n<h3 class=\"gb-headline gb-headline-07a70f55 gb-headline-text\">Sat\u0131\u015f Sonras\u0131 Hizmet<\/h3>\n\n\n\n<p>Herhangi bir yapay olmayan kalite sorunu i\u00e7in garanti s\u00fcresi i\u00e7inde \u00fccretsiz bak\u0131m hizmeti sunun. Kullan\u0131c\u0131n\u0131n ar\u0131za bildirimi al\u0131nd\u0131ktan sonra derhal cevap verilecek ve belirlenen s\u00fcre i\u00e7inde in\u015faat sahas\u0131na ula\u015f\u0131lacakt\u0131r; b\u00f6ylece ekipman\u0131n normal \u015fekilde \u00e7al\u0131\u015fmas\u0131 sa\u011flanacakt\u0131r.<\/p>\n\n\n\n<p>M\u00fc\u015fterilere uzun vadeli \u00fcst\u00fcn teknik destek ve indirimli fiyatlarla yedek par\u00e7a tedariki sa\u011flay\u0131n ve kullan\u0131c\u0131larla yak\u0131n i\u015f birli\u011fiyle ekipman\u0131n en iyi \u00e7al\u0131\u015fma durumuna ula\u015fmas\u0131n\u0131 sa\u011flay\u0131n.<\/p>\n\n\n<div class=\"gb-container gb-container-6a192b25\">\n\n<a class=\"gb-button gb-button-a13a07c5 gb-button-text\" href=\"#popmake-842\">\u00d6zelle\u015ftirilmi\u015f \u00c7\u00f6z\u00fcm Almak \u0130\u00e7in \u0130leti\u015fime Ge\u00e7in<\/a>\n\n<\/div>\n<\/div>\n<\/div>","protected":false},"excerpt":{"rendered":"<p>Sinotech Group offers innovative solutions tailored to meet the diverse needs of various construction and engineering projects. With a strong emphasis on efficiency, safety, and technological advancement, SinoTech Luton provides a range of services and machinery suited for different project types.\u00a0 No matter you are contractor, or just looking for a machine for residential and &#8230; <a title=\"Sinotech Group Solutions\" class=\"read-more\" href=\"https:\/\/sinotechgroups.com\/tr\/sinotech-luton-solution-for-different-projects\/\" aria-label=\"Read more about Sinotech Group Solutions\">Read more<\/a><\/p>","protected":false},"author":1,"featured_media":0,"parent":0,"menu_order":0,"comment_status":"closed","ping_status":"closed","template":"","meta":{"footnotes":""},"class_list":["post-4215","page","type-page","status-publish"],"yoast_head":"<!-- This site is optimized with the Yoast SEO plugin v27.4 - https:\/\/yoast.com\/product\/yoast-seo-wordpress\/ -->\n<title>SinoTech Luton Solution for Different Projects<\/title>\n<meta name=\"robots\" content=\"index, follow, max-snippet:-1, max-image-preview:large, max-video-preview:-1\" \/>\n<link rel=\"canonical\" href=\"https:\/\/sinotechgroups.com\/tr\/sinotech-luton-solution-for-different-projects\/\" \/>\n<meta property=\"og:locale\" content=\"tr_TR\" \/>\n<meta property=\"og:type\" content=\"article\" \/>\n<meta property=\"og:title\" content=\"SinoTech Luton Solution for Different Projects\" \/>\n<meta property=\"og:description\" content=\"Sinotech Group offers innovative solutions tailored to meet the diverse needs of various construction and engineering projects. With a strong emphasis on efficiency, safety, and technological advancement, SinoTech Luton provides a range of services and machinery suited for different project types.\u00a0 No matter you are contractor, or just looking for a machine for residential and ... Read more\" \/>\n<meta property=\"og:url\" content=\"https:\/\/sinotechgroups.com\/tr\/sinotech-luton-solution-for-different-projects\/\" \/>\n<meta property=\"og:site_name\" content=\"Sinotech Group\" \/>\n<meta property=\"article:modified_time\" content=\"2026-03-23T11:59:02+00:00\" \/>\n<meta property=\"og:image\" content=\"https:\/\/sinotechgroups.com\/wp-content\/uploads\/2026\/03\/excavator.jpg\" \/>\n\t<meta property=\"og:image:width\" content=\"800\" \/>\n\t<meta property=\"og:image:height\" content=\"800\" \/>\n\t<meta property=\"og:image:type\" content=\"image\/jpeg\" \/>\n<meta name=\"twitter:card\" content=\"summary_large_image\" \/>\n<meta name=\"twitter:label1\" content=\"Tahmini okuma s\u00fcresi\" \/>\n\t<meta name=\"twitter:data1\" content=\"3 dakika\" \/>\n<script type=\"application\/ld+json\" class=\"yoast-schema-graph\">{\"@context\":\"https:\\\/\\\/schema.org\",\"@graph\":[{\"@type\":\"WebPage\",\"@id\":\"https:\\\/\\\/sinotechgroups.com\\\/sinotech-luton-solution-for-different-projects\\\/\",\"url\":\"https:\\\/\\\/sinotechgroups.com\\\/sinotech-luton-solution-for-different-projects\\\/\",\"name\":\"SinoTech Luton Solution for Different Projects\",\"isPartOf\":{\"@id\":\"https:\\\/\\\/sinotechgroups.com\\\/#website\"},\"primaryImageOfPage\":{\"@id\":\"https:\\\/\\\/sinotechgroups.com\\\/sinotech-luton-solution-for-different-projects\\\/#primaryimage\"},\"image\":{\"@id\":\"https:\\\/\\\/sinotechgroups.com\\\/sinotech-luton-solution-for-different-projects\\\/#primaryimage\"},\"thumbnailUrl\":\"https:\\\/\\\/sinotechgroups.com\\\/wp-content\\\/uploads\\\/2026\\\/03\\\/excavator.jpg\",\"datePublished\":\"2024-11-27T08:39:43+00:00\",\"dateModified\":\"2026-03-23T11:59:02+00:00\",\"breadcrumb\":{\"@id\":\"https:\\\/\\\/sinotechgroups.com\\\/sinotech-luton-solution-for-different-projects\\\/#breadcrumb\"},\"inLanguage\":\"tr\",\"potentialAction\":[{\"@type\":\"ReadAction\",\"target\":[\"https:\\\/\\\/sinotechgroups.com\\\/sinotech-luton-solution-for-different-projects\\\/\"]}]},{\"@type\":\"ImageObject\",\"inLanguage\":\"tr\",\"@id\":\"https:\\\/\\\/sinotechgroups.com\\\/sinotech-luton-solution-for-different-projects\\\/#primaryimage\",\"url\":\"https:\\\/\\\/sinotechgroups.com\\\/wp-content\\\/uploads\\\/2026\\\/03\\\/excavator.jpg\",\"contentUrl\":\"https:\\\/\\\/sinotechgroups.com\\\/wp-content\\\/uploads\\\/2026\\\/03\\\/excavator.jpg\"},{\"@type\":\"BreadcrumbList\",\"@id\":\"https:\\\/\\\/sinotechgroups.com\\\/sinotech-luton-solution-for-different-projects\\\/#breadcrumb\",\"itemListElement\":[{\"@type\":\"ListItem\",\"position\":1,\"name\":\"Home\",\"item\":\"https:\\\/\\\/sinotechgroups.com\\\/\"},{\"@type\":\"ListItem\",\"position\":2,\"name\":\"Sinotech Group Solutions\"}]},{\"@type\":\"WebSite\",\"@id\":\"https:\\\/\\\/sinotechgroups.com\\\/#website\",\"url\":\"https:\\\/\\\/sinotechgroups.com\\\/\",\"name\":\"Sinotech Group\",\"description\":\"Leading Manufacturer of All Sorts of Construction Machinery\",\"publisher\":{\"@id\":\"https:\\\/\\\/sinotechgroups.com\\\/#organization\"},\"potentialAction\":[{\"@type\":\"SearchAction\",\"target\":{\"@type\":\"EntryPoint\",\"urlTemplate\":\"https:\\\/\\\/sinotechgroups.com\\\/?s={search_term_string}\"},\"query-input\":{\"@type\":\"PropertyValueSpecification\",\"valueRequired\":true,\"valueName\":\"search_term_string\"}}],\"inLanguage\":\"tr\"},{\"@type\":\"Organization\",\"@id\":\"https:\\\/\\\/sinotechgroups.com\\\/#organization\",\"name\":\"Sinotech Group\",\"url\":\"https:\\\/\\\/sinotechgroups.com\\\/\",\"logo\":{\"@type\":\"ImageObject\",\"inLanguage\":\"tr\",\"@id\":\"https:\\\/\\\/sinotechgroups.com\\\/#\\\/schema\\\/logo\\\/image\\\/\",\"url\":\"https:\\\/\\\/sinotechgroups.com\\\/wp-content\\\/uploads\\\/2024\\\/03\\\/cropped-cropped-sinotech-logo-2.png\",\"contentUrl\":\"https:\\\/\\\/sinotechgroups.com\\\/wp-content\\\/uploads\\\/2024\\\/03\\\/cropped-cropped-sinotech-logo-2.png\",\"width\":511,\"height\":285,\"caption\":\"Sinotech Group\"},\"image\":{\"@id\":\"https:\\\/\\\/sinotechgroups.com\\\/#\\\/schema\\\/logo\\\/image\\\/\"}}]}<\/script>\n<!-- \/ Yoast SEO plugin. -->","yoast_head_json":{"title":"SinoTech Luton Solution for Different Projects","robots":{"index":"index","follow":"follow","max-snippet":"max-snippet:-1","max-image-preview":"max-image-preview:large","max-video-preview":"max-video-preview:-1"},"canonical":"https:\/\/sinotechgroups.com\/tr\/sinotech-luton-solution-for-different-projects\/","og_locale":"tr_TR","og_type":"article","og_title":"SinoTech Luton Solution for Different Projects","og_description":"Sinotech Group offers innovative solutions tailored to meet the diverse needs of various construction and engineering projects. With a strong emphasis on efficiency, safety, and technological advancement, SinoTech Luton provides a range of services and machinery suited for different project types.\u00a0 No matter you are contractor, or just looking for a machine for residential and ... Read more","og_url":"https:\/\/sinotechgroups.com\/tr\/sinotech-luton-solution-for-different-projects\/","og_site_name":"Sinotech Group","article_modified_time":"2026-03-23T11:59:02+00:00","og_image":[{"width":800,"height":800,"url":"https:\/\/sinotechgroups.com\/wp-content\/uploads\/2026\/03\/excavator.jpg","type":"image\/jpeg"}],"twitter_card":"summary_large_image","twitter_misc":{"Tahmini okuma s\u00fcresi":"3 dakika"},"schema":{"@context":"https:\/\/schema.org","@graph":[{"@type":"WebPage","@id":"https:\/\/sinotechgroups.com\/sinotech-luton-solution-for-different-projects\/","url":"https:\/\/sinotechgroups.com\/sinotech-luton-solution-for-different-projects\/","name":"SinoTech Luton Solution for Different Projects","isPartOf":{"@id":"https:\/\/sinotechgroups.com\/#website"},"primaryImageOfPage":{"@id":"https:\/\/sinotechgroups.com\/sinotech-luton-solution-for-different-projects\/#primaryimage"},"image":{"@id":"https:\/\/sinotechgroups.com\/sinotech-luton-solution-for-different-projects\/#primaryimage"},"thumbnailUrl":"https:\/\/sinotechgroups.com\/wp-content\/uploads\/2026\/03\/excavator.jpg","datePublished":"2024-11-27T08:39:43+00:00","dateModified":"2026-03-23T11:59:02+00:00","breadcrumb":{"@id":"https:\/\/sinotechgroups.com\/sinotech-luton-solution-for-different-projects\/#breadcrumb"},"inLanguage":"tr","potentialAction":[{"@type":"ReadAction","target":["https:\/\/sinotechgroups.com\/sinotech-luton-solution-for-different-projects\/"]}]},{"@type":"ImageObject","inLanguage":"tr","@id":"https:\/\/sinotechgroups.com\/sinotech-luton-solution-for-different-projects\/#primaryimage","url":"https:\/\/sinotechgroups.com\/wp-content\/uploads\/2026\/03\/excavator.jpg","contentUrl":"https:\/\/sinotechgroups.com\/wp-content\/uploads\/2026\/03\/excavator.jpg"},{"@type":"BreadcrumbList","@id":"https:\/\/sinotechgroups.com\/sinotech-luton-solution-for-different-projects\/#breadcrumb","itemListElement":[{"@type":"ListItem","position":1,"name":"Home","item":"https:\/\/sinotechgroups.com\/"},{"@type":"ListItem","position":2,"name":"Sinotech Group Solutions"}]},{"@type":"WebSite","@id":"https:\/\/sinotechgroups.com\/#website","url":"https:\/\/sinotechgroups.com\/","name":"Sinotech Grubu","description":"T\u00fcm T\u00fcrlerde \u0130n\u015faat Makinelerinin \u00d6nc\u00fc \u00dcreticisi","publisher":{"@id":"https:\/\/sinotechgroups.com\/#organization"},"potentialAction":[{"@type":"SearchAction","target":{"@type":"EntryPoint","urlTemplate":"https:\/\/sinotechgroups.com\/?s={search_term_string}"},"query-input":{"@type":"PropertyValueSpecification","valueRequired":true,"valueName":"search_term_string"}}],"inLanguage":"tr"},{"@type":"Organization","@id":"https:\/\/sinotechgroups.com\/#organization","name":"Sinotech Grubu","url":"https:\/\/sinotechgroups.com\/","logo":{"@type":"ImageObject","inLanguage":"tr","@id":"https:\/\/sinotechgroups.com\/#\/schema\/logo\/image\/","url":"https:\/\/sinotechgroups.com\/wp-content\/uploads\/2024\/03\/cropped-cropped-sinotech-logo-2.png","contentUrl":"https:\/\/sinotechgroups.com\/wp-content\/uploads\/2024\/03\/cropped-cropped-sinotech-logo-2.png","width":511,"height":285,"caption":"Sinotech Group"},"image":{"@id":"https:\/\/sinotechgroups.com\/#\/schema\/logo\/image\/"}}]}},"_links":{"self":[{"href":"https:\/\/sinotechgroups.com\/tr\/wp-json\/wp\/v2\/pages\/4215","targetHints":{"allow":["GET"]}}],"collection":[{"href":"https:\/\/sinotechgroups.com\/tr\/wp-json\/wp\/v2\/pages"}],"about":[{"href":"https:\/\/sinotechgroups.com\/tr\/wp-json\/wp\/v2\/types\/page"}],"author":[{"embeddable":true,"href":"https:\/\/sinotechgroups.com\/tr\/wp-json\/wp\/v2\/users\/1"}],"replies":[{"embeddable":true,"href":"https:\/\/sinotechgroups.com\/tr\/wp-json\/wp\/v2\/comments?post=4215"}],"version-history":[{"count":18,"href":"https:\/\/sinotechgroups.com\/tr\/wp-json\/wp\/v2\/pages\/4215\/revisions"}],"predecessor-version":[{"id":5998,"href":"https:\/\/sinotechgroups.com\/tr\/wp-json\/wp\/v2\/pages\/4215\/revisions\/5998"}],"wp:attachment":[{"href":"https:\/\/sinotechgroups.com\/tr\/wp-json\/wp\/v2\/media?parent=4215"}],"curies":[{"name":"wp","href":"https:\/\/api.w.org\/{rel}","templated":true}]}}