{"id":5051,"date":"2025-03-25T03:45:38","date_gmt":"2025-03-25T03:45:38","guid":{"rendered":"https:\/\/sinotechgroups.com\/?page_id=5051"},"modified":"2025-09-28T08:34:03","modified_gmt":"2025-09-28T08:34:03","slug":"branch-office-in-tanzania","status":"publish","type":"page","link":"https:\/\/sinotechgroups.com\/tr\/branch-office-in-tanzania\/","title":{"rendered":"Tanzanya'da \u015eubesi"},"content":{"rendered":"<div class=\"gb-container gb-container-5b01f12d\">\n<div class=\"gb-container gb-container-ec3353db\">\n\n<figure class=\"gb-block-image gb-block-image-f94649db\"><img decoding=\"async\" class=\"gb-image gb-image-f94649db\" src=\"https:\/\/sinotechluton.com\/wp-content\/uploads\/2025\/03\/stltg-in-tanzania.jpg\" alt=\"\" title=\"tanzanya&#039;da-stltg\"\/><\/figure>\n\n\n\n<h3 class=\"gb-headline gb-headline-00e90cdd gb-headline-text\"><strong>Tanzanya \u015eubesi \u015eimdi A\u00e7\u0131ld\u0131<\/strong><\/h3>\n\n\n\n<p>Tanzanya, Standart G\u00f6sterge Demiryolu ve Julius Nyerere Hidroelektrik Santrali gibi projelerle altyap\u0131 geli\u015fimini h\u0131zland\u0131r\u0131rken, g\u00fcvenilir in\u015faat ekipman\u0131 ortaklar\u0131na sahip olmak hayati h\u00e2le gelmektedir. <\/p>\n\n\n\n<p>Sinotech Gruplar\u0131 olarak, yeni lisansl\u0131 Dar es Salaam \u015fubemizi duyurmaktan b\u00fcy\u00fck memnuniyet duyar\u0131z \u2013 art\u0131k yerel olarak Swahili konu\u015fan m\u00fchendislik ekibimiz taraf\u0131ndan desteklenen, \u00fcst d\u00fczey m\u00fchendislikle tasarlanm\u0131\u015f in\u015faat makinalar\u0131na ve iklim uyumlu beton sistemlerine do\u011frudan eri\u015fiminiz burada ba\u015flar.<\/p>\n\n\n\n<h3 class=\"gb-headline gb-headline-34791fdb gb-headline-text\">\u015eirketimizi Ziyaret Edin  <\/h3>\n\n\n\n<p>1. <strong><em>Yerelle\u015ftirilmi\u015f Uzmanl\u0131k<\/em><\/strong><\/p>\n\n\n\n<p>Ekipman bak\u0131m\u0131yla ilgili:<\/p>\n\n\n\n<ul class=\"wp-block-list\">\n<li>\u2713 Ekipman bak\u0131m\u0131 konusunda tropikal iklim zorluklar\u0131<\/li>\n\n\n\n<li>\u2713 Yerel d\u00fczenleyici uyum gereksinimleri<\/li>\n\n\n\n<li>\u2713 Araziye \u00f6zel yap\u0131land\u0131rma \u00f6nerileri<\/li>\n\n\n\n<li>\u2713 Kredi mektubu \u00f6deme deste\u011finin sa\u011flanmas\u0131<\/li>\n<\/ul>\n\n\n\n<p><em>2. <strong>Afrika\u2019da Kan\u0131tlanm\u0131\u015f Ekipman \u00d6zelle\u015ftirme<\/strong><\/em><\/p>\n\n\n\n<p>Tropikal m\u00fchendislik uzmanl\u0131\u011f\u0131na sahip m\u00fchendislerimiz \u015funlar\u0131 g\u00f6sterecektir:<\/p>\n\n\n\n<ul class=\"wp-block-list\">\n<li>\u2713 Mufindi Yaylalar\u0131 arazisi zorluklar\u0131na y\u00f6nelik kaz\u0131 makinalar\u0131 i\u00e7in g\u00fc\u00e7lendirilmi\u015f stabilizat\u00f6rlerle yap\u0131lan y\u00fckseltmeler<\/li>\n\n\n\n<li>\u2713 T\u00fcm beton santrali kontrol sistemlerinde Swahili dili aray\u00fcz se\u00e7enekleri<\/li>\n<\/ul>\n\n\n\n<p><em>3. <strong>Canl\u0131 Tan\u0131t\u0131m Alan\u0131<\/strong><\/em><\/p>\n\n\n\n<p>Yerel ko\u015fullara g\u00f6re yap\u0131land\u0131r\u0131lm\u0131\u015f ekipmanlar\u0131 test edin:<\/p>\n\n\n\n<figure class=\"gb-block-image gb-block-image-42c12b61\"><img loading=\"lazy\" decoding=\"async\" width=\"1920\" height=\"861\" class=\"gb-image gb-image-42c12b61\" src=\"https:\/\/sinotechluton.com\/wp-content\/uploads\/2024\/11\/sinotech-luton-construction-equipment-solution.jpg\" alt=\"\" title=\"sinotech-luton-in\u015faat-ekipman\u0131-\u00e7\u00f6z\u00fcm\u00fc\" srcset=\"https:\/\/sinotechgroups.com\/wp-content\/uploads\/2024\/11\/sinotech-luton-construction-equipment-solution.jpg 1920w, https:\/\/sinotechgroups.com\/wp-content\/uploads\/2024\/11\/sinotech-luton-construction-equipment-solution-300x135.jpg 300w, https:\/\/sinotechgroups.com\/wp-content\/uploads\/2024\/11\/sinotech-luton-construction-equipment-solution-1024x459.jpg 1024w, https:\/\/sinotechgroups.com\/wp-content\/uploads\/2024\/11\/sinotech-luton-construction-equipment-solution-768x344.jpg 768w, https:\/\/sinotechgroups.com\/wp-content\/uploads\/2024\/11\/sinotech-luton-construction-equipment-solution-1536x689.jpg 1536w\" sizes=\"auto, (max-width: 1920px) 100vw, 1920px\" \/><\/figure>\n\n\n\n<figure class=\"gb-block-image gb-block-image-b4f4e900\"><img loading=\"lazy\" decoding=\"async\" width=\"1920\" height=\"861\" class=\"gb-image gb-image-b4f4e900\" src=\"https:\/\/sinotechluton.com\/wp-content\/uploads\/2024\/11\/stltg-earthmoving-equipment-for-sale-solution.jpg\" alt=\"\" title=\"stltg-toprak-kazma-ekipmanlar\u0131-sat\u0131\u015f-\u00e7\u00f6z\u00fcm\u00fc\" srcset=\"https:\/\/sinotechgroups.com\/wp-content\/uploads\/2024\/11\/stltg-earthmoving-equipment-for-sale-solution.jpg 1920w, https:\/\/sinotechgroups.com\/wp-content\/uploads\/2024\/11\/stltg-earthmoving-equipment-for-sale-solution-300x135.jpg 300w, https:\/\/sinotechgroups.com\/wp-content\/uploads\/2024\/11\/stltg-earthmoving-equipment-for-sale-solution-1024x459.jpg 1024w, https:\/\/sinotechgroups.com\/wp-content\/uploads\/2024\/11\/stltg-earthmoving-equipment-for-sale-solution-768x344.jpg 768w, https:\/\/sinotechgroups.com\/wp-content\/uploads\/2024\/11\/stltg-earthmoving-equipment-for-sale-solution-1536x689.jpg 1536w\" sizes=\"auto, (max-width: 1920px) 100vw, 1920px\" \/><\/figure>\n\n\n\n<ul class=\"wp-block-list\">\n<li>\u2713 Beton Kar\u0131\u015ft\u0131rma Tesisi \u2013 Nem telafisi \u00f6zelli\u011fi i\u00e7eren saatte 120 m\u00b3 \u00e7\u0131k\u0131\u015f kapasitesi<\/li>\n\n\n\n<li>\u2713 Kendinden Y\u00fckleme Beton Kar\u0131\u015ft\u0131r\u0131c\u0131s\u0131 \u2013 Agrega kar\u0131\u015ft\u0131rma ve haz\u0131r beton bo\u015faltma kapasitesi saatte 6,5 m\u00b3<\/li>\n\n\n\n<li>\u2713 Teleskoplu Y\u00fckleyici \u2013 Madencilik sahas\u0131 i\u00e7in granit agregaya uygun \u015fekilde optimize edilmi\u015f b\u00fcy\u00fck kep\u00e7e kapasitesi<\/li>\n\n\n\n<li>\u2713 Engebeli Arazi Vincleri \u2013 Tar\u0131m ve in\u015faat ama\u00e7l\u0131 kullan\u0131m i\u00e7in 10 ton y\u00fckleme kapasitesi ve 16 farkl\u0131 aksesuar<\/li>\n\n\n\n<li>\u2713 Beton Pompas\u0131 \u2013 Borular arac\u0131l\u0131\u011f\u0131yla betonu y\u00fcksek binalara ta\u015f\u0131ma<\/li>\n\n\n\n<li>\u2713 <strong>A\u011f\u0131r in\u015faat ekipmanlar\u0131 ve maden k\u0131rma ekipmanlar\u0131 geni\u015f yelpazesi <\/strong>Sizin ihtiya\u00e7lar\u0131n\u0131z i\u00e7in<\/li>\n<\/ul>\n\n\n\n<h3 class=\"gb-headline gb-headline-85659216 gb-headline-text\">En Son Ba\u015far\u0131 Hik\u00e2yesi Vurgusu: Beton Tesisi<\/h3>\n\n\n\n<figure class=\"gb-block-image gb-block-image-40cf46c0\"><img decoding=\"async\" class=\"gb-image gb-image-40cf46c0\" src=\"https:\/\/sinotechluton.com\/wp-content\/uploads\/2025\/03\/asphlat-plant-in-tanzania.jpg\" alt=\"\" title=\"tanzanya&#039;da-asfalt-tesisi\"\/><\/figure>\n\n\n\n<p>Tanzanya\u2019n\u0131n altyap\u0131 geli\u015fimine verdi\u011fi deste\u011fin bir par\u00e7as\u0131 olarak, Tanzanya \u015fehir yolu yenileme projesini destekleyen, yak\u0131n zamanda devreye al\u0131nan sabit beton tesisi ve asfalt tesisi ba\u015fl\u0131kl\u0131 ba\u015far\u0131 hik\u00e2yesini vurgulamaktan gurur duyuyoruz.<\/p>\n\n\n\n<ul class=\"wp-block-list\">\n<li>\u2713 Ba\u015far\u0131ld\u0131&nbsp;<strong>Geleneksel tesislere k\u0131yasla 17% daha h\u0131zl\u0131<\/strong>&nbsp;Kaplama i\u015flemi<\/li>\n\n\n\n<li>\u2713 TANESCO elektrik kesintileri s\u0131ras\u0131nda 98% emisyon uyumlulu\u011fu<\/li>\n\n\n\n<li>\u2713 NEMC standartlar\u0131n\u0131 kar\u015f\u0131layan \u00f6zel toz toplama sistemi<\/li>\n<\/ul>\n\n\n\n<h3 class=\"gb-headline gb-headline-8b4db6f5 gb-headline-text\"><strong>\u00d6zelle\u015ftirilmi\u015f Sat\u0131\u015f ve Destek Ekibiyle Tan\u0131\u015f\u0131n<\/strong><\/h3>\n\n\n\n<p>Dar es Salaam\u2019daki operasyonumuzun kalbinde, Afrika\u2019n\u0131n en zorlu i\u015f sahalar\u0131nda \u015fekillenmi\u015f bir ekip yer al\u0131r. Biz sadece makineler satm\u0131yoruz \u2013 m\u00fchendislik hassasiyetini Tanzanyal\u0131 eller arac\u0131l\u0131\u011f\u0131yla aktar\u0131yoruz. En iyi ekipman \u00e7\u00f6z\u00fcmlerini, sat\u0131\u015f \u00f6ncesi ve sonras\u0131 hizmetleri ile orijinal yedek par\u00e7alar\u0131 sunuyoruz.<\/p>\n\n\n\n<figure class=\"gb-block-image gb-block-image-1c55ae98\"><img loading=\"lazy\" decoding=\"async\" width=\"1920\" height=\"861\" class=\"gb-image gb-image-1c55ae98\" src=\"https:\/\/sinotechluton.com\/wp-content\/uploads\/2025\/01\/why-choose-sinotech-luton.png\" alt=\"\" title=\"Neden Sinotech Luton\u2019u Se\u00e7melisiniz\" srcset=\"https:\/\/sinotechgroups.com\/wp-content\/uploads\/2025\/01\/why-choose-sinotech-luton.png 1920w, https:\/\/sinotechgroups.com\/wp-content\/uploads\/2025\/01\/why-choose-sinotech-luton-300x135.png 300w, https:\/\/sinotechgroups.com\/wp-content\/uploads\/2025\/01\/why-choose-sinotech-luton-1024x459.png 1024w, https:\/\/sinotechgroups.com\/wp-content\/uploads\/2025\/01\/why-choose-sinotech-luton-768x344.png 768w, https:\/\/sinotechgroups.com\/wp-content\/uploads\/2025\/01\/why-choose-sinotech-luton-1536x689.png 1536w\" sizes=\"auto, (max-width: 1920px) 100vw, 1920px\" \/><\/figure>\n\n\n\n<p>1. <strong><em>Sahada Kan\u0131tlanm\u0131\u015f Bilgelikle Y\u00f6neticilik<\/em><\/strong><\/p>\n\n\n\n<ul class=\"wp-block-list\">\n<li>\u2713 7 Afrika \u00fclkesinde madencilik ekipmanlar\u0131n\u0131n bak\u0131m\u0131nda zengin deneyim<\/li>\n\n\n\n<li>\u2713 Tropikal hidrolik sistem uyarlamalar\u0131nda 3 adet patent sahibi<\/li>\n\n\n\n<li>\u2713 Swahili\/\u0130ngilizce teknik terminolojide ak\u0131c\u0131 konu\u015fma yetene\u011fi<\/li>\n<\/ul>\n\n\n\n<p>2. <strong><strong><em>\u00c7ok Boyutlu Destek<\/em> <\/strong><\/strong><\/p>\n\n\n\n<ul class=\"wp-block-list\">\n<li>\u2713 Dar es Salaam\/Morogoro\/Arusha\u2019da acil durumlarda 4 saatlik yan\u0131t s\u00fcresi<\/li>\n\n\n\n<li>\u2713 Kesin Swahili-\u0130ngilizce ar\u0131za raporlamas\u0131n\u0131 sa\u011flayan ikidilli kontrol listeleri<\/li>\n\n\n\n<li>\u2713 Tanzanya\u2019daki yak\u0131t fiyatlar\u0131 ve i\u015f\u00e7ilik maliyetlerine \u00f6zel olarak haz\u0131rlanm\u0131\u015f ROI analizi<\/li>\n\n\n\n<li>\u2713 Tanzanya genelinde aktif ekipman birimlerinin ger\u00e7ek zamanl\u0131 izlenmesi<\/li>\n<\/ul>\n\n\n\n<p>3. <strong><em>Toplant\u0131 Hizmeti<\/em><\/strong><\/p>\n\n\n\n<p>Tanzanya i\u015f t\u00f6resine g\u00f6re t\u00fcm toplant\u0131lar \u015funlar\u0131 sa\u011flayacakt\u0131r:<\/p>\n\n\n\n<ul class=\"wp-block-list\">\n<li>\u2713 Yerinde taze \u00f6\u011f\u00fct\u00fclm\u00fc\u015f Tanzanyal\u0131 kahvalt\u0131 kahvalt\u0131s\u0131<\/li>\n\n\n\n<li>\u2713 Bas\u0131l\u0131 g\u00fcndem (\u0130ngilizce\/Swahili ikidilli)<\/li>\n\n\n\n<li>\u2713 Toplant\u0131 sonras\u0131 yaz\u0131l\u0131 takip memorandumu<\/li>\n<\/ul>\n\n\n\n<p>S\u00f6z veriyoruz:<\/p>\n\n\n\n<ul class=\"wp-block-list\">\n<li>\u2713 T\u00fcm s\u00f6zle\u015fmeler, Swahili dilinde hukuki dan\u0131\u015fmanl\u0131k kanallar\u0131 sa\u011flayacakt\u0131r<\/li>\n\n\n\n<li>\u2713 Ramazan ay\u0131nda hizmet saatleri ayarlanacakt\u0131r<\/li>\n\n\n\n<li>\u2713 Kar\u0131n %\u2019si yerel teknisyen e\u011fitimine yat\u0131r\u0131m olarak kullan\u0131lacakt\u0131r<\/li>\n<\/ul>\n\n\n\n<p><strong>B\u00f6lgesel Liderimizden Bir Mesaj<\/strong>:<\/p>\n\n\n\n<blockquote class=\"wp-block-quote is-layout-flow wp-block-quote-is-layout-flow\">\n<p><em>\u201cCezayir\u2019in sivil binalar\u0131n\u0131n in\u015fas\u0131na yard\u0131m etti\u011fimizde fark yaratan \u015fey yaln\u0131zca beton fabrikalar\u0131m\u0131z\u0131n %0,5%\u2019lik beton tutarl\u0131l\u0131k varyans\u0131 de\u011fildi; 2.00\u201dda m\u00fchendislerle birlikte sorun giderme yaparken i\u00e7ti\u011fimiz macchiato oldu. \u0130\u015fte bu, Tanzanya\u2019ya getirdi\u011fimiz ortakl\u0131k t\u00fcr\u00fcd\u00fcr.\u201d<\/em><br>\u2014&nbsp;<strong><em>Bay zh<\/em>ang<\/strong>, Do\u011fu Afrika Operasyonlar\u0131 M\u00fcd\u00fcr\u00fc<\/p>\n<\/blockquote>\n\n\n\n<h3 class=\"gb-headline gb-headline-7297ac34 gb-headline-text\"><strong>An\u0131nda Ba\u011flant\u0131<\/strong><\/h3>\n\n\n\n<p>Adres: P.O. Box 71482, Mbezi Beach, Kibaki Road, Parsel No.238, Dar es Salaam, Tanzanya<\/p>\n\n\n\n<p>Telefon Numaras\u0131: +255756256789<\/p>\n\n\n\n<p>WhatsApp: +255756256789<\/p>\n\n\n\n<p>E-posta:<a href=\"mailto:inquiry@sinotechgroups.com\"> inquiry@sinotechgroups.com<\/a> \/ <a href=\"mailto:sales08@sinotechgroups.com\">sales08@sinotechgroups.com<\/a><\/p>\n\n\n\n<ul class=\"wp-block-list\">\n<li>\u2713 \u00dccretsiz ekipman durum de\u011ferlendirmesi<\/li>\n\n\n\n<li>\u2713 \u00dc\u00e7 ayl\u0131k teknik at\u00f6lye \u00e7al\u0131\u015ftalar\u0131na VIP davetiyeleri<\/li>\n<\/ul>\n\n\n\n<p><em><strong>Ofisimize Ho\u015f Geldiniz \u2013 Projelerinizi Geli\u015ftirmeye Haz\u0131r\u0131z<\/strong><\/em>\uff01<\/p>\n\n\n<div class=\"gb-container gb-container-60f7e28e\">\n\n<a class=\"gb-button gb-button-4bd9b741 gb-button-text\" href=\"#popmake-842\">Ekibimizle Hemen \u0130leti\u015fime Ge\u00e7in<\/a>\n\n<\/div>\n<\/div>\n<\/div>","protected":false},"excerpt":{"rendered":"<p>Tanzania Branch Office Now Open As Tanzania accelerates its infrastructure development with projects like the Standard Gauge Railway and Julius Nyerere Hydropower Plant, it becomes vital to have reliable construction equipment partners. At Sinotech Groups, we\u2019re excited to announce our newly licensed Dar es Salaam branch \u2013 your direct access to top-notch-engineered construction machinery and &#8230; <a title=\"Tanzanya&#039;da \u015eubesi\" class=\"read-more\" href=\"https:\/\/sinotechgroups.com\/tr\/branch-office-in-tanzania\/\" aria-label=\"Read more about Branch Office in Tanzania\">Read more<\/a><\/p>","protected":false},"author":1,"featured_media":0,"parent":0,"menu_order":0,"comment_status":"closed","ping_status":"closed","template":"","meta":{"footnotes":""},"class_list":["post-5051","page","type-page","status-publish"],"yoast_head":"<!-- This site is optimized with the Yoast SEO plugin v27.4 - https:\/\/yoast.com\/product\/yoast-seo-wordpress\/ -->\n<title>Welcom to Visit Our Company in Tanzania<\/title>\n<meta name=\"description\" content=\"We\u2019re excited to announce our newly licensed Dar es Salaam branch \u2013 your direct access to top-notch-engineered construction machinery and climate-adaptive concrete systems, now locally supported by our Swahili-speaking engineering team.\" \/>\n<meta name=\"robots\" content=\"index, follow, max-snippet:-1, max-image-preview:large, max-video-preview:-1\" \/>\n<link rel=\"canonical\" href=\"https:\/\/sinotechgroups.com\/tr\/branch-office-in-tanzania\/\" \/>\n<meta property=\"og:locale\" content=\"tr_TR\" \/>\n<meta property=\"og:type\" content=\"article\" \/>\n<meta property=\"og:title\" content=\"Welcom to Visit Our Company in Tanzania\" \/>\n<meta property=\"og:description\" content=\"We\u2019re excited to announce our newly licensed Dar es Salaam branch \u2013 your direct access to top-notch-engineered construction machinery and climate-adaptive concrete systems, now locally supported by our Swahili-speaking engineering team.\" \/>\n<meta property=\"og:url\" content=\"https:\/\/sinotechgroups.com\/tr\/branch-office-in-tanzania\/\" \/>\n<meta property=\"og:site_name\" content=\"Sinotech Group\" \/>\n<meta property=\"article:modified_time\" content=\"2025-09-28T08:34:03+00:00\" \/>\n<meta property=\"og:image\" content=\"https:\/\/sinotechluton.com\/wp-content\/uploads\/2025\/03\/stltg-in-tanzania.jpg\" \/>\n<meta name=\"twitter:card\" content=\"summary_large_image\" \/>\n<meta name=\"twitter:label1\" content=\"Tahmini okuma s\u00fcresi\" \/>\n\t<meta name=\"twitter:data1\" content=\"4 dakika\" \/>\n<script type=\"application\/ld+json\" class=\"yoast-schema-graph\">{\"@context\":\"https:\\\/\\\/schema.org\",\"@graph\":[{\"@type\":\"WebPage\",\"@id\":\"https:\\\/\\\/sinotechgroups.com\\\/branch-office-in-tanzania\\\/\",\"url\":\"https:\\\/\\\/sinotechgroups.com\\\/branch-office-in-tanzania\\\/\",\"name\":\"Welcom to Visit Our Company in Tanzania\",\"isPartOf\":{\"@id\":\"https:\\\/\\\/sinotechgroups.com\\\/#website\"},\"primaryImageOfPage\":{\"@id\":\"https:\\\/\\\/sinotechgroups.com\\\/branch-office-in-tanzania\\\/#primaryimage\"},\"image\":{\"@id\":\"https:\\\/\\\/sinotechgroups.com\\\/branch-office-in-tanzania\\\/#primaryimage\"},\"thumbnailUrl\":\"https:\\\/\\\/sinotechluton.com\\\/wp-content\\\/uploads\\\/2025\\\/03\\\/stltg-in-tanzania.jpg\",\"datePublished\":\"2025-03-25T03:45:38+00:00\",\"dateModified\":\"2025-09-28T08:34:03+00:00\",\"description\":\"We\u2019re excited to announce our newly licensed Dar es Salaam branch \u2013 your direct access to top-notch-engineered construction machinery and climate-adaptive concrete systems, now locally supported by our Swahili-speaking engineering team.\",\"breadcrumb\":{\"@id\":\"https:\\\/\\\/sinotechgroups.com\\\/branch-office-in-tanzania\\\/#breadcrumb\"},\"inLanguage\":\"tr\",\"potentialAction\":[{\"@type\":\"ReadAction\",\"target\":[\"https:\\\/\\\/sinotechgroups.com\\\/branch-office-in-tanzania\\\/\"]}]},{\"@type\":\"ImageObject\",\"inLanguage\":\"tr\",\"@id\":\"https:\\\/\\\/sinotechgroups.com\\\/branch-office-in-tanzania\\\/#primaryimage\",\"url\":\"https:\\\/\\\/sinotechluton.com\\\/wp-content\\\/uploads\\\/2025\\\/03\\\/stltg-in-tanzania.jpg\",\"contentUrl\":\"https:\\\/\\\/sinotechluton.com\\\/wp-content\\\/uploads\\\/2025\\\/03\\\/stltg-in-tanzania.jpg\"},{\"@type\":\"BreadcrumbList\",\"@id\":\"https:\\\/\\\/sinotechgroups.com\\\/branch-office-in-tanzania\\\/#breadcrumb\",\"itemListElement\":[{\"@type\":\"ListItem\",\"position\":1,\"name\":\"Home\",\"item\":\"https:\\\/\\\/sinotechgroups.com\\\/\"},{\"@type\":\"ListItem\",\"position\":2,\"name\":\"Branch Office in Tanzania\"}]},{\"@type\":\"WebSite\",\"@id\":\"https:\\\/\\\/sinotechgroups.com\\\/#website\",\"url\":\"https:\\\/\\\/sinotechgroups.com\\\/\",\"name\":\"Sinotech Group\",\"description\":\"Leading Manufacturer of All Sorts of Construction Machinery\",\"publisher\":{\"@id\":\"https:\\\/\\\/sinotechgroups.com\\\/#organization\"},\"potentialAction\":[{\"@type\":\"SearchAction\",\"target\":{\"@type\":\"EntryPoint\",\"urlTemplate\":\"https:\\\/\\\/sinotechgroups.com\\\/?s={search_term_string}\"},\"query-input\":{\"@type\":\"PropertyValueSpecification\",\"valueRequired\":true,\"valueName\":\"search_term_string\"}}],\"inLanguage\":\"tr\"},{\"@type\":\"Organization\",\"@id\":\"https:\\\/\\\/sinotechgroups.com\\\/#organization\",\"name\":\"Sinotech Group\",\"url\":\"https:\\\/\\\/sinotechgroups.com\\\/\",\"logo\":{\"@type\":\"ImageObject\",\"inLanguage\":\"tr\",\"@id\":\"https:\\\/\\\/sinotechgroups.com\\\/#\\\/schema\\\/logo\\\/image\\\/\",\"url\":\"https:\\\/\\\/sinotechgroups.com\\\/wp-content\\\/uploads\\\/2024\\\/03\\\/cropped-cropped-sinotech-logo-2.png\",\"contentUrl\":\"https:\\\/\\\/sinotechgroups.com\\\/wp-content\\\/uploads\\\/2024\\\/03\\\/cropped-cropped-sinotech-logo-2.png\",\"width\":511,\"height\":285,\"caption\":\"Sinotech Group\"},\"image\":{\"@id\":\"https:\\\/\\\/sinotechgroups.com\\\/#\\\/schema\\\/logo\\\/image\\\/\"}}]}<\/script>\n<!-- \/ Yoast SEO plugin. -->","yoast_head_json":{"title":"Tanzanya'daki \u015eirketimizi Ziyaret Etmeye Ho\u015f Geldiniz","description":"Yeni lisansl\u0131 Dar es Salaam \u015fubemizi duyurmaktan b\u00fcy\u00fck mutluluk duyar\u0131z \u2013 art\u0131k en \u00fcst d\u00fczey m\u00fchendislikle tasarlanm\u0131\u015f in\u015faat makineleri ve iklim uyumlu beton sistemlerine do\u011frudan eri\u015fiminiz, Swahili konu\u015fan m\u00fchendislik ekibimiz taraf\u0131ndan yerel olarak destekleniyor.","robots":{"index":"index","follow":"follow","max-snippet":"max-snippet:-1","max-image-preview":"max-image-preview:large","max-video-preview":"max-video-preview:-1"},"canonical":"https:\/\/sinotechgroups.com\/tr\/branch-office-in-tanzania\/","og_locale":"tr_TR","og_type":"article","og_title":"Welcom to Visit Our Company in Tanzania","og_description":"We\u2019re excited to announce our newly licensed Dar es Salaam branch \u2013 your direct access to top-notch-engineered construction machinery and climate-adaptive concrete systems, now locally supported by our Swahili-speaking engineering team.","og_url":"https:\/\/sinotechgroups.com\/tr\/branch-office-in-tanzania\/","og_site_name":"Sinotech Group","article_modified_time":"2025-09-28T08:34:03+00:00","og_image":[{"url":"https:\/\/sinotechluton.com\/wp-content\/uploads\/2025\/03\/stltg-in-tanzania.jpg","type":"","width":"","height":""}],"twitter_card":"summary_large_image","twitter_misc":{"Tahmini okuma s\u00fcresi":"4 dakika"},"schema":{"@context":"https:\/\/schema.org","@graph":[{"@type":"WebPage","@id":"https:\/\/sinotechgroups.com\/branch-office-in-tanzania\/","url":"https:\/\/sinotechgroups.com\/branch-office-in-tanzania\/","name":"Tanzanya'daki \u015eirketimizi Ziyaret Etmeye Ho\u015f Geldiniz","isPartOf":{"@id":"https:\/\/sinotechgroups.com\/#website"},"primaryImageOfPage":{"@id":"https:\/\/sinotechgroups.com\/branch-office-in-tanzania\/#primaryimage"},"image":{"@id":"https:\/\/sinotechgroups.com\/branch-office-in-tanzania\/#primaryimage"},"thumbnailUrl":"https:\/\/sinotechluton.com\/wp-content\/uploads\/2025\/03\/stltg-in-tanzania.jpg","datePublished":"2025-03-25T03:45:38+00:00","dateModified":"2025-09-28T08:34:03+00:00","description":"Yeni lisansl\u0131 Dar es Salaam \u015fubemizi duyurmaktan b\u00fcy\u00fck mutluluk duyar\u0131z \u2013 art\u0131k en \u00fcst d\u00fczey m\u00fchendislikle tasarlanm\u0131\u015f in\u015faat makineleri ve iklim uyumlu beton sistemlerine do\u011frudan eri\u015fiminiz, Swahili konu\u015fan m\u00fchendislik ekibimiz taraf\u0131ndan yerel olarak destekleniyor.","breadcrumb":{"@id":"https:\/\/sinotechgroups.com\/branch-office-in-tanzania\/#breadcrumb"},"inLanguage":"tr","potentialAction":[{"@type":"ReadAction","target":["https:\/\/sinotechgroups.com\/branch-office-in-tanzania\/"]}]},{"@type":"ImageObject","inLanguage":"tr","@id":"https:\/\/sinotechgroups.com\/branch-office-in-tanzania\/#primaryimage","url":"https:\/\/sinotechluton.com\/wp-content\/uploads\/2025\/03\/stltg-in-tanzania.jpg","contentUrl":"https:\/\/sinotechluton.com\/wp-content\/uploads\/2025\/03\/stltg-in-tanzania.jpg"},{"@type":"BreadcrumbList","@id":"https:\/\/sinotechgroups.com\/branch-office-in-tanzania\/#breadcrumb","itemListElement":[{"@type":"ListItem","position":1,"name":"Home","item":"https:\/\/sinotechgroups.com\/"},{"@type":"ListItem","position":2,"name":"Branch Office in Tanzania"}]},{"@type":"WebSite","@id":"https:\/\/sinotechgroups.com\/#website","url":"https:\/\/sinotechgroups.com\/","name":"Sinotech Grubu","description":"T\u00fcm T\u00fcrlerde \u0130n\u015faat Makinelerinin \u00d6nc\u00fc \u00dcreticisi","publisher":{"@id":"https:\/\/sinotechgroups.com\/#organization"},"potentialAction":[{"@type":"SearchAction","target":{"@type":"EntryPoint","urlTemplate":"https:\/\/sinotechgroups.com\/?s={search_term_string}"},"query-input":{"@type":"PropertyValueSpecification","valueRequired":true,"valueName":"search_term_string"}}],"inLanguage":"tr"},{"@type":"Organization","@id":"https:\/\/sinotechgroups.com\/#organization","name":"Sinotech Grubu","url":"https:\/\/sinotechgroups.com\/","logo":{"@type":"ImageObject","inLanguage":"tr","@id":"https:\/\/sinotechgroups.com\/#\/schema\/logo\/image\/","url":"https:\/\/sinotechgroups.com\/wp-content\/uploads\/2024\/03\/cropped-cropped-sinotech-logo-2.png","contentUrl":"https:\/\/sinotechgroups.com\/wp-content\/uploads\/2024\/03\/cropped-cropped-sinotech-logo-2.png","width":511,"height":285,"caption":"Sinotech Group"},"image":{"@id":"https:\/\/sinotechgroups.com\/#\/schema\/logo\/image\/"}}]}},"_links":{"self":[{"href":"https:\/\/sinotechgroups.com\/tr\/wp-json\/wp\/v2\/pages\/5051","targetHints":{"allow":["GET"]}}],"collection":[{"href":"https:\/\/sinotechgroups.com\/tr\/wp-json\/wp\/v2\/pages"}],"about":[{"href":"https:\/\/sinotechgroups.com\/tr\/wp-json\/wp\/v2\/types\/page"}],"author":[{"embeddable":true,"href":"https:\/\/sinotechgroups.com\/tr\/wp-json\/wp\/v2\/users\/1"}],"replies":[{"embeddable":true,"href":"https:\/\/sinotechgroups.com\/tr\/wp-json\/wp\/v2\/comments?post=5051"}],"version-history":[{"count":4,"href":"https:\/\/sinotechgroups.com\/tr\/wp-json\/wp\/v2\/pages\/5051\/revisions"}],"predecessor-version":[{"id":5436,"href":"https:\/\/sinotechgroups.com\/tr\/wp-json\/wp\/v2\/pages\/5051\/revisions\/5436"}],"wp:attachment":[{"href":"https:\/\/sinotechgroups.com\/tr\/wp-json\/wp\/v2\/media?parent=5051"}],"curies":[{"name":"wp","href":"https:\/\/api.w.org\/{rel}","templated":true}]}}