{"id":5323,"date":"2025-08-29T08:16:10","date_gmt":"2025-08-29T08:16:10","guid":{"rendered":"https:\/\/sinotechgroups.com\/?page_id=5323"},"modified":"2025-08-29T08:17:12","modified_gmt":"2025-08-29T08:17:12","slug":"90-m%c2%b3-h-concrete-batching-plant-exported-to-tanzania","status":"publish","type":"page","link":"https:\/\/sinotechgroups.com\/tr\/90-m%c2%b3-h-concrete-batching-plant-exported-to-tanzania\/","title":{"rendered":"90 m\u00b3\/saatinin \u00dczerinde Beton Kar\u0131\u015ft\u0131rma Tesisi Tanzanya\u2019ya \u0130hracat Edildi"},"content":{"rendered":"<div class=\"gb-container gb-container-a6305197\">\n<div class=\"gb-container gb-container-67c85ea5\">\n\n<h2 class=\"gb-headline gb-headline-d9397e0b gb-headline-text\">90 m\u00b3\/saatinin \u00dczerinde Beton Kar\u0131\u015ft\u0131rma Tesisi Tanzanya\u2019ya \u0130hracat Edildi<\/h2>\n\n\n<figure class=\"wp-block-post-featured-image\"><img loading=\"lazy\" decoding=\"async\" width=\"1920\" height=\"1080\" src=\"https:\/\/sinotechgroups.com\/wp-content\/uploads\/2025\/08\/sinotech-group-exportation-case2.jpg\" class=\"attachment-post-thumbnail size-post-thumbnail wp-post-image\" alt=\"\" style=\"object-fit:cover;\" srcset=\"https:\/\/sinotechgroups.com\/wp-content\/uploads\/2025\/08\/sinotech-group-exportation-case2.jpg 1920w, https:\/\/sinotechgroups.com\/wp-content\/uploads\/2025\/08\/sinotech-group-exportation-case2-300x169.jpg 300w, https:\/\/sinotechgroups.com\/wp-content\/uploads\/2025\/08\/sinotech-group-exportation-case2-1024x576.jpg 1024w, https:\/\/sinotechgroups.com\/wp-content\/uploads\/2025\/08\/sinotech-group-exportation-case2-768x432.jpg 768w, https:\/\/sinotechgroups.com\/wp-content\/uploads\/2025\/08\/sinotech-group-exportation-case2-1536x864.jpg 1536w\" sizes=\"auto, (max-width: 1920px) 100vw, 1920px\" \/><\/figure>\n\n\n<p>Tanzanya h\u00fck\u00fcmeti, yerel altyap\u0131 in\u015faat\u0131n\u0131 te\u015fvik etmek amac\u0131yla bir dizi yol ve k\u00f6pr\u00fc in\u015faat projesine ba\u015flam\u0131\u015ft\u0131r ve beton \u00fcretimi i\u00e7in acil olarak 90 m\u00b3\/sa kapasiteli bir beton santrali setine ihtiya\u00e7 duymu\u015ftur. Santralin y\u00fcksek \u00fcretim verimine sahip olmas\u0131, beton kalitesinin istikrarl\u0131 olmas\u0131 ve Tanzanya\u2019da mevcut olan d\u00fczensiz elektrik tedarikine uyum sa\u011flayabilmesi gerekmektedir. Ayn\u0131 zamanda, ekipman kurulumu, devreye alma ve personel e\u011fitimi gibi tek noktadan hizmet verilmesini ummaktad\u0131r.<\/p>\n\n\n\n<p>Talep al\u0131nd\u0131ktan sonra, h\u0131zla bir teknik ekip olu\u015fturularak \u00e7\u00f6z\u00fcm tasar\u0131m\u0131 yap\u0131lm\u0131\u015ft\u0131r. Tanzanya\u2019daki d\u00fczensiz elektrik tedariki sorununu gidermek amac\u0131yla, 90 m\u00b3\/sa kapasiteli beton santrali i\u00e7in yedek jenerat\u00f6r sa\u011flanm\u0131\u015ft\u0131r; bu da elektrik kesintisi durumunda ekipman\u0131n normal \u00e7al\u0131\u015fmas\u0131n\u0131 sa\u011flamakta ve projenin in\u015faat ilerlemesinin aksamas\u0131n\u0131 \u00f6nlemektedir. Beton santralinin temel bile\u015fenlerinin se\u00e7iminde, kar\u0131\u015ft\u0131rma \u00fcnitesi ve \u00f6l\u00e7\u00fcm sistemi gibi kritik par\u00e7alar i\u00e7in uluslararas\u0131 itibara sahip markalar tercih edilerek beton \u00fcretiminin verimlili\u011fi ve kalite istikrar\u0131 sa\u011flanm\u0131\u015ft\u0131r. Ayn\u0131 zamanda, beton santralinin kontrol sistemi optimize edilerek otomatik \u00e7al\u0131\u015fma sa\u011flanm\u0131\u015f, insan m\u00fcdahalesi azalt\u0131lm\u0131\u015f ve i\u015fletme hatalar\u0131 d\u00fc\u015f\u00fcr\u00fclm\u00fc\u015ft\u00fcr.<\/p>\n\n\n\n<p>\u00dcretim s\u00fcreci boyunca her \u00fcretim a\u015famas\u0131 titizlikle denetlenmi\u015ftir. Ham madde kontrol\u00fcnden ekipman montaj\u0131na ve devreye al\u0131nmas\u0131na kadar t\u00fcm s\u00fcre\u00e7te profesyonel kalite denet\u00e7ileri g\u00f6revlendirilerek ekipman\u0131n tasar\u0131m standartlar\u0131na ve m\u00fc\u015fteri gereksinimlerine tam olarak uygun oldu\u011fu do\u011frulanm\u0131\u015ft\u0131r. Ekipman \u00fcretimi tamamland\u0131ktan sonra, deniz yoluyla Tanzanya\u2019ya sevk edilmi\u015ftir. Lojistik ilerlemesi, ekipman\u0131n g\u00fcvenli ve zaman\u0131nda ula\u015fmas\u0131n\u0131 sa\u011flamak amac\u0131yla \u00f6zel bir ki\u015fi taraf\u0131ndan s\u00fcre\u00e7 boyunca takip edilmi\u015ftir. Ekipman limana ula\u015ft\u0131ktan sonra teknik ekip hemen sahaya gitmi\u015f, yerel in\u015faat ko\u015fullar\u0131n\u0131n s\u0131n\u0131rl\u0131 olmas\u0131ndan kaynaklanan zorluklar\u0131 a\u015farak beton santralinin kurulumunu ve devreye al\u0131nmas\u0131n\u0131 verimli bir \u015fekilde tamamlam\u0131\u015ft\u0131r. Daha sonra yerel operat\u00f6rler ve teknisyenler i\u00e7in iki haftal\u0131k kapsaml\u0131 bir e\u011fitim program\u0131 d\u00fczenlenmi\u015ftir; bu program ekipman kullan\u0131m\u0131n\u0131, g\u00fcnl\u00fck bak\u0131m\u0131, ar\u0131za te\u015fhisini ve beton kar\u0131\u015f\u0131mlar\u0131n\u0131n ayarlanmas\u0131n\u0131 i\u00e7ermi\u015ftir. Beton santrali i\u015fletmeye al\u0131nd\u0131ktan sonra, yerel altyap\u0131 projeleri i\u00e7in y\u00fcksek kaliteli betonu istikrarl\u0131 ve verimli bir \u015fekilde sa\u011flam\u0131\u015ft\u0131r; bu durum Tanzanya h\u00fck\u00fcmetine ba\u011fl\u0131 ilgili kurumlar taraf\u0131ndan b\u00fcy\u00fck takdir g\u00f6rm\u00fc\u015ft\u00fcr.<\/p>\n\n\n<div class=\"gb-container gb-container-f6722d33\">\n\n<a class=\"gb-button gb-button-aaa8c0a2 gb-button-text\" href=\"#popmake-961\">Bize Ula\u015f\u0131n<\/a>\n\n<\/div>\n<\/div>\n<\/div>","protected":false},"excerpt":{"rendered":"<p>90 m\u00b3\/saatin \u00dcretim Kapasiteli Beton Santrali Tanzanya\u2019ya \u0130hracat Edildi. Tanzanya h\u00fck\u00fcmeti, yerel altyap\u0131 in\u015faat\u0131n\u0131 te\u015fvik etmek amac\u0131yla bir dizi yol ve k\u00f6pr\u00fc in\u015faat projesine ba\u015flam\u0131\u015ft\u0131r ve beton \u00fcretimi i\u00e7in acilen 90 m\u00b3\/saatin \u00fcretim kapasiteli bir beton santraline ihtiya\u00e7 duymaktad\u0131r. Bu santralin y\u00fcksek \u00fcretim verimine sahip olmas\u0131 ve betonun \u2026 kararl\u0131 olmas\u0131 gerekmektedir. <a title=\"90 m\u00b3\/saatinin \u00dczerinde Beton Kar\u0131\u015ft\u0131rma Tesisi Tanzanya\u2019ya \u0130hracat Edildi\" class=\"read-more\" href=\"https:\/\/sinotechgroups.com\/tr\/90-m%c2%b3-h-concrete-batching-plant-exported-to-tanzania\/\" aria-label=\"90 m\u00b3\/saatin \u00dcretim Kapasiteli Beton Santrali Tanzanya\u2019ya \u0130hracat Edildi hakk\u0131nda daha fazla bilgi edinin\">Daha fazla oku<\/a><\/p>","protected":false},"author":1,"featured_media":5325,"parent":0,"menu_order":0,"comment_status":"closed","ping_status":"closed","template":"","meta":{"footnotes":""},"class_list":["post-5323","page","type-page","status-publish","has-post-thumbnail"],"yoast_head":"<!-- This site is optimized with the Yoast SEO plugin v27.5 - https:\/\/yoast.com\/product\/yoast-seo-wordpress\/ -->\n<title>90 m\u00b3\/h Concrete Batching Plant Exported to Tanzania<\/title>\n<meta name=\"description\" content=\"90 m\u00b3\/h Concrete Batching Plant Exported to Tanzania, Assisting Local Infrastructure Construction\" \/>\n<meta name=\"robots\" content=\"index, follow, max-snippet:-1, max-image-preview:large, max-video-preview:-1\" \/>\n<link rel=\"canonical\" href=\"https:\/\/sinotechgroups.com\/tr\/90-m\u00b3-h-concrete-batching-plant-exported-to-tanzania\/\" \/>\n<meta property=\"og:locale\" content=\"tr_TR\" \/>\n<meta property=\"og:type\" content=\"article\" \/>\n<meta property=\"og:title\" content=\"90 m\u00b3\/h Concrete Batching Plant Exported to Tanzania\" \/>\n<meta property=\"og:description\" content=\"90 m\u00b3\/h Concrete Batching Plant Exported to Tanzania, Assisting Local Infrastructure Construction\" \/>\n<meta property=\"og:url\" content=\"https:\/\/sinotechgroups.com\/tr\/90-m\u00b3-h-concrete-batching-plant-exported-to-tanzania\/\" \/>\n<meta property=\"og:site_name\" content=\"Sinotech Group\" \/>\n<meta property=\"article:modified_time\" content=\"2025-08-29T08:17:12+00:00\" \/>\n<meta property=\"og:image\" content=\"https:\/\/sinotechgroups.com\/wp-content\/uploads\/2025\/08\/sinotech-group-exportation-case2.jpg\" \/>\n\t<meta property=\"og:image:width\" content=\"1920\" \/>\n\t<meta property=\"og:image:height\" content=\"1080\" \/>\n\t<meta property=\"og:image:type\" content=\"image\/jpeg\" \/>\n<meta name=\"twitter:card\" content=\"summary_large_image\" \/>\n<meta name=\"twitter:label1\" content=\"Tahmini okuma s\u00fcresi\" \/>\n\t<meta name=\"twitter:data1\" content=\"2 dakika\" \/>\n<script type=\"application\/ld+json\" class=\"yoast-schema-graph\">{\"@context\":\"https:\\\/\\\/schema.org\",\"@graph\":[{\"@type\":\"WebPage\",\"@id\":\"https:\\\/\\\/sinotechgroups.com\\\/90-m%c2%b3-h-concrete-batching-plant-exported-to-tanzania\\\/\",\"url\":\"https:\\\/\\\/sinotechgroups.com\\\/90-m%c2%b3-h-concrete-batching-plant-exported-to-tanzania\\\/\",\"name\":\"90 m\u00b3\\\/h Concrete Batching Plant Exported to Tanzania\",\"isPartOf\":{\"@id\":\"https:\\\/\\\/sinotechgroups.com\\\/#website\"},\"primaryImageOfPage\":{\"@id\":\"https:\\\/\\\/sinotechgroups.com\\\/90-m%c2%b3-h-concrete-batching-plant-exported-to-tanzania\\\/#primaryimage\"},\"image\":{\"@id\":\"https:\\\/\\\/sinotechgroups.com\\\/90-m%c2%b3-h-concrete-batching-plant-exported-to-tanzania\\\/#primaryimage\"},\"thumbnailUrl\":\"https:\\\/\\\/sinotechgroups.com\\\/wp-content\\\/uploads\\\/2025\\\/08\\\/sinotech-group-exportation-case2.jpg\",\"datePublished\":\"2025-08-29T08:16:10+00:00\",\"dateModified\":\"2025-08-29T08:17:12+00:00\",\"description\":\"90 m\u00b3\\\/h Concrete Batching Plant Exported to Tanzania, Assisting Local Infrastructure Construction\",\"breadcrumb\":{\"@id\":\"https:\\\/\\\/sinotechgroups.com\\\/90-m%c2%b3-h-concrete-batching-plant-exported-to-tanzania\\\/#breadcrumb\"},\"inLanguage\":\"tr\",\"potentialAction\":[{\"@type\":\"ReadAction\",\"target\":[\"https:\\\/\\\/sinotechgroups.com\\\/90-m%c2%b3-h-concrete-batching-plant-exported-to-tanzania\\\/\"]}]},{\"@type\":\"ImageObject\",\"inLanguage\":\"tr\",\"@id\":\"https:\\\/\\\/sinotechgroups.com\\\/90-m%c2%b3-h-concrete-batching-plant-exported-to-tanzania\\\/#primaryimage\",\"url\":\"https:\\\/\\\/sinotechgroups.com\\\/wp-content\\\/uploads\\\/2025\\\/08\\\/sinotech-group-exportation-case2.jpg\",\"contentUrl\":\"https:\\\/\\\/sinotechgroups.com\\\/wp-content\\\/uploads\\\/2025\\\/08\\\/sinotech-group-exportation-case2.jpg\",\"width\":1920,\"height\":1080},{\"@type\":\"BreadcrumbList\",\"@id\":\"https:\\\/\\\/sinotechgroups.com\\\/90-m%c2%b3-h-concrete-batching-plant-exported-to-tanzania\\\/#breadcrumb\",\"itemListElement\":[{\"@type\":\"ListItem\",\"position\":1,\"name\":\"Home\",\"item\":\"https:\\\/\\\/sinotechgroups.com\\\/\"},{\"@type\":\"ListItem\",\"position\":2,\"name\":\"90 m\u00b3\\\/h Concrete Batching Plant Exported to Tanzania\"}]},{\"@type\":\"WebSite\",\"@id\":\"https:\\\/\\\/sinotechgroups.com\\\/#website\",\"url\":\"https:\\\/\\\/sinotechgroups.com\\\/\",\"name\":\"Sinotech Group\",\"description\":\"Leading Manufacturer of All Sorts of Construction Machinery\",\"publisher\":{\"@id\":\"https:\\\/\\\/sinotechgroups.com\\\/#organization\"},\"potentialAction\":[{\"@type\":\"SearchAction\",\"target\":{\"@type\":\"EntryPoint\",\"urlTemplate\":\"https:\\\/\\\/sinotechgroups.com\\\/?s={search_term_string}\"},\"query-input\":{\"@type\":\"PropertyValueSpecification\",\"valueRequired\":true,\"valueName\":\"search_term_string\"}}],\"inLanguage\":\"tr\"},{\"@type\":\"Organization\",\"@id\":\"https:\\\/\\\/sinotechgroups.com\\\/#organization\",\"name\":\"Sinotech Group\",\"url\":\"https:\\\/\\\/sinotechgroups.com\\\/\",\"logo\":{\"@type\":\"ImageObject\",\"inLanguage\":\"tr\",\"@id\":\"https:\\\/\\\/sinotechgroups.com\\\/#\\\/schema\\\/logo\\\/image\\\/\",\"url\":\"https:\\\/\\\/sinotechgroups.com\\\/wp-content\\\/uploads\\\/2024\\\/03\\\/cropped-cropped-sinotech-logo-2.png\",\"contentUrl\":\"https:\\\/\\\/sinotechgroups.com\\\/wp-content\\\/uploads\\\/2024\\\/03\\\/cropped-cropped-sinotech-logo-2.png\",\"width\":511,\"height\":285,\"caption\":\"Sinotech Group\"},\"image\":{\"@id\":\"https:\\\/\\\/sinotechgroups.com\\\/#\\\/schema\\\/logo\\\/image\\\/\"}}]}<\/script>\n<!-- \/ Yoast SEO plugin. -->","yoast_head_json":{"title":"90 m\u00b3\/saatinin \u00dczerinde Beton Kar\u0131\u015ft\u0131rma Tesisi Tanzanya\u2019ya \u0130hracat Edildi","description":"90 m\u00b3\/saatinde Beton Kar\u0131\u015ft\u0131rma Tesisi Tanzanya\u2019ya \u0130hracat Edildi, Yerel Altyap\u0131 \u0130n\u015faat\u0131na Destek Sa\u011flad\u0131","robots":{"index":"index","follow":"follow","max-snippet":"max-snippet:-1","max-image-preview":"max-image-preview:large","max-video-preview":"max-video-preview:-1"},"canonical":"https:\/\/sinotechgroups.com\/tr\/90-m\u00b3-h-concrete-batching-plant-exported-to-tanzania\/","og_locale":"tr_TR","og_type":"article","og_title":"90 m\u00b3\/h Concrete Batching Plant Exported to Tanzania","og_description":"90 m\u00b3\/h Concrete Batching Plant Exported to Tanzania, Assisting Local Infrastructure Construction","og_url":"https:\/\/sinotechgroups.com\/tr\/90-m\u00b3-h-concrete-batching-plant-exported-to-tanzania\/","og_site_name":"Sinotech Group","article_modified_time":"2025-08-29T08:17:12+00:00","og_image":[{"width":1920,"height":1080,"url":"https:\/\/sinotechgroups.com\/wp-content\/uploads\/2025\/08\/sinotech-group-exportation-case2.jpg","type":"image\/jpeg"}],"twitter_card":"summary_large_image","twitter_misc":{"Tahmini okuma s\u00fcresi":"2 dakika"},"schema":{"@context":"https:\/\/schema.org","@graph":[{"@type":"WebPage","@id":"https:\/\/sinotechgroups.com\/90-m%c2%b3-h-concrete-batching-plant-exported-to-tanzania\/","url":"https:\/\/sinotechgroups.com\/90-m%c2%b3-h-concrete-batching-plant-exported-to-tanzania\/","name":"90 m\u00b3\/saatinin \u00dczerinde Beton Kar\u0131\u015ft\u0131rma Tesisi Tanzanya\u2019ya \u0130hracat Edildi","isPartOf":{"@id":"https:\/\/sinotechgroups.com\/#website"},"primaryImageOfPage":{"@id":"https:\/\/sinotechgroups.com\/90-m%c2%b3-h-concrete-batching-plant-exported-to-tanzania\/#primaryimage"},"image":{"@id":"https:\/\/sinotechgroups.com\/90-m%c2%b3-h-concrete-batching-plant-exported-to-tanzania\/#primaryimage"},"thumbnailUrl":"https:\/\/sinotechgroups.com\/wp-content\/uploads\/2025\/08\/sinotech-group-exportation-case2.jpg","datePublished":"2025-08-29T08:16:10+00:00","dateModified":"2025-08-29T08:17:12+00:00","description":"90 m\u00b3\/saatinde Beton Kar\u0131\u015ft\u0131rma Tesisi Tanzanya\u2019ya \u0130hracat Edildi, Yerel Altyap\u0131 \u0130n\u015faat\u0131na Destek Sa\u011flad\u0131","breadcrumb":{"@id":"https:\/\/sinotechgroups.com\/90-m%c2%b3-h-concrete-batching-plant-exported-to-tanzania\/#breadcrumb"},"inLanguage":"tr","potentialAction":[{"@type":"ReadAction","target":["https:\/\/sinotechgroups.com\/90-m%c2%b3-h-concrete-batching-plant-exported-to-tanzania\/"]}]},{"@type":"ImageObject","inLanguage":"tr","@id":"https:\/\/sinotechgroups.com\/90-m%c2%b3-h-concrete-batching-plant-exported-to-tanzania\/#primaryimage","url":"https:\/\/sinotechgroups.com\/wp-content\/uploads\/2025\/08\/sinotech-group-exportation-case2.jpg","contentUrl":"https:\/\/sinotechgroups.com\/wp-content\/uploads\/2025\/08\/sinotech-group-exportation-case2.jpg","width":1920,"height":1080},{"@type":"BreadcrumbList","@id":"https:\/\/sinotechgroups.com\/90-m%c2%b3-h-concrete-batching-plant-exported-to-tanzania\/#breadcrumb","itemListElement":[{"@type":"ListItem","position":1,"name":"Home","item":"https:\/\/sinotechgroups.com\/"},{"@type":"ListItem","position":2,"name":"90 m\u00b3\/h Concrete Batching Plant Exported to Tanzania"}]},{"@type":"WebSite","@id":"https:\/\/sinotechgroups.com\/#website","url":"https:\/\/sinotechgroups.com\/","name":"Sinotech Grubu","description":"T\u00fcm T\u00fcrlerde \u0130n\u015faat Makinelerinin \u00d6nc\u00fc \u00dcreticisi","publisher":{"@id":"https:\/\/sinotechgroups.com\/#organization"},"potentialAction":[{"@type":"SearchAction","target":{"@type":"EntryPoint","urlTemplate":"https:\/\/sinotechgroups.com\/?s={search_term_string}"},"query-input":{"@type":"PropertyValueSpecification","valueRequired":true,"valueName":"search_term_string"}}],"inLanguage":"tr"},{"@type":"Organization","@id":"https:\/\/sinotechgroups.com\/#organization","name":"Sinotech Grubu","url":"https:\/\/sinotechgroups.com\/","logo":{"@type":"ImageObject","inLanguage":"tr","@id":"https:\/\/sinotechgroups.com\/#\/schema\/logo\/image\/","url":"https:\/\/sinotechgroups.com\/wp-content\/uploads\/2024\/03\/cropped-cropped-sinotech-logo-2.png","contentUrl":"https:\/\/sinotechgroups.com\/wp-content\/uploads\/2024\/03\/cropped-cropped-sinotech-logo-2.png","width":511,"height":285,"caption":"Sinotech Group"},"image":{"@id":"https:\/\/sinotechgroups.com\/#\/schema\/logo\/image\/"}}]}},"_links":{"self":[{"href":"https:\/\/sinotechgroups.com\/tr\/wp-json\/wp\/v2\/pages\/5323","targetHints":{"allow":["GET"]}}],"collection":[{"href":"https:\/\/sinotechgroups.com\/tr\/wp-json\/wp\/v2\/pages"}],"about":[{"href":"https:\/\/sinotechgroups.com\/tr\/wp-json\/wp\/v2\/types\/page"}],"author":[{"embeddable":true,"href":"https:\/\/sinotechgroups.com\/tr\/wp-json\/wp\/v2\/users\/1"}],"replies":[{"embeddable":true,"href":"https:\/\/sinotechgroups.com\/tr\/wp-json\/wp\/v2\/comments?post=5323"}],"version-history":[{"count":1,"href":"https:\/\/sinotechgroups.com\/tr\/wp-json\/wp\/v2\/pages\/5323\/revisions"}],"predecessor-version":[{"id":5324,"href":"https:\/\/sinotechgroups.com\/tr\/wp-json\/wp\/v2\/pages\/5323\/revisions\/5324"}],"wp:featuredmedia":[{"embeddable":true,"href":"https:\/\/sinotechgroups.com\/tr\/wp-json\/wp\/v2\/media\/5325"}],"wp:attachment":[{"href":"https:\/\/sinotechgroups.com\/tr\/wp-json\/wp\/v2\/media?parent=5323"}],"curies":[{"name":"wp","href":"https:\/\/api.w.org\/{rel}","templated":true}]}}